{"id":743564,"date":"2025-08-28T01:37:28","date_gmt":"2025-08-27T22:37:28","guid":{"rendered":"https:\/\/roveyayinevi.com.tr\/index.php\/urun\/iskenderiye-afrika-ve-ispanya-savaslari\/"},"modified":"2026-04-16T02:54:49","modified_gmt":"2026-04-15T23:54:49","slug":"iskenderiye-afrika-ve-ispanya-savaslari","status":"publish","type":"product","link":"https:\/\/roveyayinevi.com.tr\/index.php\/urun\/iskenderiye-afrika-ve-ispanya-savaslari\/","title":{"rendered":"\u0130skenderiye, Afrika ve \u0130spanya Sava\u015flar\u0131"},"content":{"rendered":"<p>M\u00d6 49 y\u0131l\u0131nda Roma Cumhuriyeti\u2019nde \u0130\u00e7 Sava\u015f ba\u015flad\u0131\u011f\u0131nda iki taraf vard\u0131: Galya\u2019da asker\u00ee ba\u015far\u0131lar elde etmi\u015f ve icraatlar\u0131n\u0131n, Roma\u2019daki resm\u00ee makamlar taraf\u0131ndan tan\u0131nmas\u0131n\u0131 isteyen, ge\u00e7mi\u015fte pop\u00fclist bir politika izlemi\u015f Gaius Iulius Caesar ile Roma\u2019daki aristokratlar\u0131n destek\u00e7isi ve lideri Gnaeus Pompeius Magnus. Pompeius\u2019la m\u00fccadelesi k\u0131sa zamanda lehine sonlanm\u0131\u015f olsa da Caesar yakla\u015f\u0131k d\u00f6rt y\u0131l s\u00fcren i\u00e7 sava\u015fta Romal\u0131 akranlar\u0131na, eskiden emrinde \u00e7al\u0131\u015fm\u0131\u015f subaylara, akrabalar\u0131na, yabanc\u0131lara ve d\u00fc\u015fmanlar\u0131n\u0131 destekleyen krallara kar\u015f\u0131 geni\u015f bir co\u011frafyada sava\u015ft\u0131.   M\u00d6 49-45 y\u0131llar\u0131 aras\u0131nda \u0130\u00e7 Sava\u015f\u2019\u0131n \u0130skenderiye, Afrika ve \u0130spanya cephelerine dair Caesar\u2019\u0131n T\u00fcrk\u00e7eye ilk kez \u00e7evrilen notlar\u0131, b\u00fcy\u00fck komutan\u0131n rakiplerine kar\u015f\u0131 y\u00fcr\u00fctt\u00fc\u011f\u00fc asker\u00ee faaliyetleri ele al\u0131yor. Bu s\u00fcre zarf\u0131nda hem Roma tarihi hem Caesar\u2019\u0131n hayat\u0131 i\u00e7in ya\u015fanan bir\u00e7ok \u00f6nemli olay bu notlar aras\u0131nda kendilerine yer buluyor: \u0130skenderiye ku\u015fatmas\u0131ndan Kleopatra\u2019n\u0131n tahta \u00e7\u0131kar\u0131lmas\u0131na, me\u015fhur \u201cGeldim, G\u00f6rd\u00fcm, Yendim\u201d s\u00f6z\u00fcn\u00fc s\u00f6yledi\u011fi Zela Muharebesi\u2019nden Afrika\u2019daki direni\u015fin belkemi\u011fini k\u0131ran Thapsus Muharebesi\u2019ne.   \u0130skenderiye, Afrika ve \u0130spanya Sava\u015flar\u0131, Roma sava\u015f makinesinin de\u011fi\u015fik co\u011frafyalarda nas\u0131l faaliyet g\u00f6sterdi\u011fini, zorluklara nas\u0131l g\u00f6\u011f\u00fcs gerdi\u011fini, strateji ve taktiklerini, ku\u015fatma ve savunma sistemlerini birinci elden sunmas\u0131n\u0131n yan\u0131 s\u0131ra sat\u0131r aralar\u0131nda ilerleyen ya\u015f\u0131na ra\u011fmen Caesar\u2019\u0131n enerji dolu faaliyetlerini canl\u0131 bir \u015fekilde hissettiren bir eser. <\/p>\n","protected":false},"excerpt":{"rendered":"<p>M\u00d6 49 y\u0131l\u0131nda Roma Cumhuriyeti\u2019nde \u0130\u00e7 Sava\u015f ba\u015flad\u0131\u011f\u0131nda iki taraf vard\u0131: Galya\u2019da asker\u00ee ba\u015far\u0131lar elde etmi\u015f ve icraatlar\u0131n\u0131n, Roma\u2019daki resm\u00ee makamlar taraf\u0131ndan tan\u0131nmas\u0131n\u0131 isteyen, ge\u00e7mi\u015fte pop\u00fclist<span class=\"excerpt-hellip\"> [\u2026]<\/span><\/p>\n","protected":false},"featured_media":0,"template":"","meta":{"_monsterinsights_skip_tracking":false,"_monsterinsights_sitenote_active":false,"_monsterinsights_sitenote_note":"","_monsterinsights_sitenote_category":0},"product_brand":[],"product_cat":[12312,12304],"product_tag":[],"class_list":{"0":"post-743564","1":"product","2":"type-product","3":"status-publish","5":"product_cat-diger","6":"product_cat-tarih","7":"pa_cilt-ciltsiz","8":"pa_tur-kitap","9":"pa_yayinevi-kronik-kitap","10":"pa_yazar-gaius-iulius-caesar","12":"first","13":"instock","14":"sale","15":"shipping-taxable","16":"purchasable","17":"product-type-simple"},"_links":{"self":[{"href":"https:\/\/roveyayinevi.com.tr\/index.php\/wp-json\/wp\/v2\/product\/743564","targetHints":{"allow":["GET"]}}],"collection":[{"href":"https:\/\/roveyayinevi.com.tr\/index.php\/wp-json\/wp\/v2\/product"}],"about":[{"href":"https:\/\/roveyayinevi.com.tr\/index.php\/wp-json\/wp\/v2\/types\/product"}],"wp:attachment":[{"href":"https:\/\/roveyayinevi.com.tr\/index.php\/wp-json\/wp\/v2\/media?parent=743564"}],"wp:term":[{"taxonomy":"product_brand","embeddable":true,"href":"https:\/\/roveyayinevi.com.tr\/index.php\/wp-json\/wp\/v2\/product_brand?post=743564"},{"taxonomy":"product_cat","embeddable":true,"href":"https:\/\/roveyayinevi.com.tr\/index.php\/wp-json\/wp\/v2\/product_cat?post=743564"},{"taxonomy":"product_tag","embeddable":true,"href":"https:\/\/roveyayinevi.com.tr\/index.php\/wp-json\/wp\/v2\/product_tag?post=743564"}],"curies":[{"name":"wp","href":"https:\/\/api.w.org\/{rel}","templated":true}]}}