{"id":743563,"date":"2025-08-28T01:37:27","date_gmt":"2025-08-27T22:37:27","guid":{"rendered":"https:\/\/roveyayinevi.com.tr\/index.php\/urun\/dunyayi-degistiren-kararlar\/"},"modified":"2026-04-16T02:54:49","modified_gmt":"2026-04-15T23:54:49","slug":"dunyayi-degistiren-kararlar","status":"publish","type":"product","link":"https:\/\/roveyayinevi.com.tr\/index.php\/urun\/dunyayi-degistiren-kararlar\/","title":{"rendered":"D\u00fcnyay\u0131 De\u011fi\u015ftiren Kararlar"},"content":{"rendered":"<p>\u201cMahirane bir \u015fekilde irdelenmi\u015f\u2026 K\u0131ymetli\u2026 \u0130kinci D\u00fcnya Sava\u015f\u0131\u2019na bak\u0131\u015f\u0131m\u0131z\u0131 de\u011fi\u015ftiren bir eser.\u201d \u2013 Andrew Roberts   \u201cIan Kershaw\u2019\u0131n muazzam bilgi birikimi ve net d\u00fc\u015f\u00fcncelerini sergiledi\u011fi bir \u00e7al\u0131\u015fma\u2026 Dahice anlat\u0131lm\u0131\u015f\u2026 Ziyadesiyle bilgi i\u00e7eren bir eser.\u201d \u2013 Antony Beevor   \u201c\u0130kinci D\u00fcnya Sava\u015f\u0131\u2019n\u0131n en m\u00fchim siyas\u00ee kararlar\u0131n\u0131n fevkalade netlik ve kusursuzlukla irdelenmi\u015f bir anlat\u0131m\u0131.\u201d \u2013 Max Hastings   \u0130kinci D\u00fcnya Sava\u015f\u0131\u2019nda \u00e7arp\u0131\u015fan alt\u0131 b\u00fcy\u00fck devletin liderleri, 1940 May\u0131s\u2019\u0131 ile 1941 Aral\u0131k\u2019\u0131 aras\u0131nda birbiriyle ba\u011flant\u0131l\u0131 bir dizi karar ald\u0131. Sava\u015f\u0131n neticesini tayin eden bu kararlar, gelece\u011fe ve ya\u015fad\u0131\u011f\u0131m\u0131z d\u00fcnyaya b\u00fcy\u00fck \u00f6l\u00e7\u00fcde \u015feklini verdi. Peki bu kararlar nas\u0131l al\u0131nm\u0131\u015ft\u0131? Bu kararlar\u0131 al\u0131rken liderlerin \u00f6nlerinde ne gibi se\u00e7enekler vard\u0131? Ellerinde do\u011fru veya yanl\u0131\u015f hangi istihbarat mevcuttu? Liderlerin karakterleri ve lider haricindeki fakt\u00f6rler al\u0131nan kararlar\u0131 nas\u0131l etkiledi?    Kershaw, \u0130kinci D\u00fcnya Sava\u015f\u0131\u2019n\u0131n d\u00f6n\u00fcm noktalar\u0131n\u0131n ard\u0131ndaki plan, karar ve uygulama safhalar\u0131n\u0131n izini s\u00fcrerken bu b\u00fcy\u00fck m\u00fccadelede hi\u00e7bir \u015feyin kesin olmad\u0131\u011f\u0131n\u0131 bize tekrar hat\u0131rlat\u0131yor. \u0130ngiltere 1940 Haziran\u2019\u0131nda Hitler ile bar\u0131\u015f masas\u0131na oturmaya karar verseydi yahut Almanya 1941 Haziran\u2019\u0131nda Sovyetler Birli\u011fi\u2019ne bat\u0131dan tek ba\u015f\u0131na taarruz etmek yerine Japon \u0130mparatorlu\u011fu\u2019yla \u00e7ift tarafl\u0131 m\u00fc\u015fterek bir istilaya ba\u015flasayd\u0131 gidi\u015fat \u015f\u00fcphesiz \u00e7ok farkl\u0131 bir h\u00e2l alacakt\u0131. Peki ya Almanya ayn\u0131 anda iki cephede sava\u015fmasa yahut Japonya Pearl Harbor bask\u0131n\u0131n\u0131 yapmasayd\u0131? Kershaw, en nihayetinde iki \u00fclke i\u00e7in de felaketle sonu\u00e7lanm\u0131\u015f olsa da bu kararlar\u0131n siyas\u00ee ve asker\u00ee hedeflere dayanan menfur bir mant\u0131\u011f\u0131n sonucu oldu\u011funu ortaya koyuyor. Kershaw bir yandan Almanya, \u0130talya ve Sovyetler Birli\u011fi\u2019nin tek adam\u0131n kontrol\u00fc alt\u0131nda olmalar\u0131 ve bu liderlerin duymak istemedikleri \u015feyleri onlara s\u00f6yleyemeyecek kadar dalkavuk m\u00fc\u015favirlerle \u00e7al\u0131\u015fmalar\u0131 nedeniyle s\u00f6z konusu \u00fc\u00e7 \u00fclkenin sava\u015f s\u0131ras\u0131nda b\u00fcy\u00fck zorluklar ya\u015fad\u0131\u011f\u0131n\u0131 g\u00f6sterirken; di\u011fer yandan demokratik s\u00fcrecin daha yava\u015f ve sa\u011fduyulu bir \u015fekilde ilerlemesiyle Churchill ile Roosevelt\u2019in daha bilin\u00e7li kararlar alabildi\u011fini \u00f6rneklerle okuyucuya sunuyor.   Akademik titizlik, \u00f6zenli tart\u0131\u015fma ve sa\u011fduyulu muhakeme kabiliyetlerini b\u00fcy\u00fck bir ustal\u0131kla sergileyen Ian Kershaw, D\u00fcnyay\u0131 De\u011fi\u015ftiren Kararlar ile \u0130kinci D\u00fcnya Sava\u015f\u0131\u2019na ola\u011fan\u00fcst\u00fc \u00e7arp\u0131c\u0131l\u0131kta bir yeni bak\u0131\u015f getiriyor ve bu kritik d\u00f6nemin heyecan ve belirsizlik hissini yeniden ya\u015fat\u0131yor.   <\/p>\n","protected":false},"excerpt":{"rendered":"<p>\u201cMahirane bir \u015fekilde irdelenmi\u015f\u2026 K\u0131ymetli\u2026 \u0130kinci D\u00fcnya Sava\u015f\u0131\u2019na bak\u0131\u015f\u0131m\u0131z\u0131 de\u011fi\u015ftiren bir eser.\u201d \u2013 Andrew Roberts \u201cIan Kershaw\u2019\u0131n muazzam bilgi birikimi ve net d\u00fc\u015f\u00fcncelerini sergiledi\u011fi bir \u00e7al\u0131\u015fma\u2026<span class=\"excerpt-hellip\"> [\u2026]<\/span><\/p>\n","protected":false},"featured_media":0,"template":"","meta":{"_monsterinsights_skip_tracking":false,"_monsterinsights_sitenote_active":false,"_monsterinsights_sitenote_note":"","_monsterinsights_sitenote_category":0},"product_brand":[],"product_cat":[12304,14128],"product_tag":[],"class_list":{"0":"post-743563","1":"product","2":"type-product","3":"status-publish","5":"product_cat-tarih","6":"product_cat-yakin-tarih","7":"pa_cilt-ciltsiz","8":"pa_tur-kitap","9":"pa_yayinevi-kronik-kitap","10":"pa_yazar-ian-kershaw","12":"first","13":"instock","14":"sale","15":"shipping-taxable","16":"purchasable","17":"product-type-simple"},"_links":{"self":[{"href":"https:\/\/roveyayinevi.com.tr\/index.php\/wp-json\/wp\/v2\/product\/743563","targetHints":{"allow":["GET"]}}],"collection":[{"href":"https:\/\/roveyayinevi.com.tr\/index.php\/wp-json\/wp\/v2\/product"}],"about":[{"href":"https:\/\/roveyayinevi.com.tr\/index.php\/wp-json\/wp\/v2\/types\/product"}],"wp:attachment":[{"href":"https:\/\/roveyayinevi.com.tr\/index.php\/wp-json\/wp\/v2\/media?parent=743563"}],"wp:term":[{"taxonomy":"product_brand","embeddable":true,"href":"https:\/\/roveyayinevi.com.tr\/index.php\/wp-json\/wp\/v2\/product_brand?post=743563"},{"taxonomy":"product_cat","embeddable":true,"href":"https:\/\/roveyayinevi.com.tr\/index.php\/wp-json\/wp\/v2\/product_cat?post=743563"},{"taxonomy":"product_tag","embeddable":true,"href":"https:\/\/roveyayinevi.com.tr\/index.php\/wp-json\/wp\/v2\/product_tag?post=743563"}],"curies":[{"name":"wp","href":"https:\/\/api.w.org\/{rel}","templated":true}]}}