{"id":743562,"date":"2025-08-28T01:37:26","date_gmt":"2025-08-27T22:37:26","guid":{"rendered":"https:\/\/roveyayinevi.com.tr\/index.php\/urun\/antik-cin-ve-dusmanlari\/"},"modified":"2026-04-16T02:54:49","modified_gmt":"2026-04-15T23:54:49","slug":"antik-cin-ve-dusmanlari","status":"publish","type":"product","link":"https:\/\/roveyayinevi.com.tr\/index.php\/urun\/antik-cin-ve-dusmanlari\/","title":{"rendered":"Antik \u00c7in ve D\u00fc\u015fmanlar\u0131"},"content":{"rendered":"<p>\u201cNicola di Cosmo\u2019nun kaynaklara h\u00e2kimiyetini ortaya koyan bu ola\u011fan\u00fcst\u00fc \u00e7al\u0131\u015fma, \u00f6nemli sorular sormakla kalm\u0131yor bunlara \u00f6l\u00e7\u00fcl\u00fc, ayr\u0131nt\u0131l\u0131 cevaplar sunuyor.\u201d Peter B. Golden, The International History Review   \u201c\u2026 Nicola di Cosmo, paha bi\u00e7ilmez bir eser \u00fcretmi\u015f olman\u0131n \u00f6vg\u00fc ve \u015f\u00fckranlar\u0131n\u0131 hak ediyor. Antik \u00c7in ve D\u00fc\u015fmanlar\u0131 bilimsel bir \u015faheser. Bundan sonraki y\u0131llarda antik \u00c7in ve \u00f6tesindeki d\u0131\u015f ili\u015fkiler \u00fczerine \u00e7al\u0131\u015fanlar i\u00e7in vazge\u00e7ilmez bir kaynak.\u201d Harvard Journal of Asiatic Studies   M\u00d6 1. biny\u0131lda Do\u011fu Asya d\u00fcnyas\u0131 kimi zaman bar\u0131\u015f i\u00e7erisinde ge\u00e7inen kimi zamansa \u00e7etin sava\u015flarda \u00e7arp\u0131\u015fan iki s\u00fcper g\u00fc\u00e7 aras\u0131nda b\u00f6l\u00fcnm\u00fc\u015ft\u00fc: \u00c7in ve bozk\u0131rdaki g\u00f6\u00e7ebe halklar. Antik \u00c7in ve D\u00fc\u015fmanlar\u0131 bozk\u0131r halklar\u0131n\u0131n \u00c7in ile amans\u0131z m\u00fccadelesine yeniden hayat veriyor.   \u00c7in\u2019in ilk d\u00f6nem tarih\u00ee kay\u0131tlar\u0131ndan ba\u015flayarak \u00c7inli ve Bat\u0131l\u0131 tarih\u00e7iler aras\u0131nda, \u00c7in y\u00fcksek k\u00fclt\u00fcr\u00fcn\u00fcn imparatorluk \u00f6ncesi d\u00f6nem boyunca b\u00fcy\u00fck Asya b\u00f6lgesinde en y\u00fcksek medeniyet seviyesini temsil etti\u011fi bug\u00fcn genel ge\u00e7er bir bilgi halini alm\u0131\u015ft\u0131r. Nicola di Cosmo Antik \u00c7in ve D\u00fc\u015fmanlar\u0131\u2019nda bu basitle\u015ftirilmi\u015f imgenin k\u00f6kenlerini irdeleyerek, ger\u00e7ekli\u011fini ele al\u0131yor. Hakim \u00c7in medeniyeti anlat\u0131s\u0131na kar\u015f\u0131, asl\u0131nda hi\u00e7 de ondan a\u015fa\u011f\u0131 taraf\u0131 olmayan g\u00f6\u00e7ebe g\u00fcc\u00fcn hakk\u0131n\u0131 tekrardan teslim ediyor. Elinizdeki kitap eski \u00c7inlilerin, egemenlik alanlar\u0131n\u0131n kuzeyinde varl\u0131klar\u0131n\u0131 s\u00fcrd\u00fcren gayet te\u015fkilatl\u0131, geli\u015fmi\u015f, birle\u015fik bir siyas\u00ee yap\u0131ya sahip, y\u00fckselen g\u00fc\u00e7leriyle tehditk\u00e2r halk gruplar\u0131n\u0131 nas\u0131l alg\u0131lad\u0131klar\u0131n\u0131 ve onlarla nas\u0131l ili\u015fki kurduklar\u0131n\u0131 belgeliyor. Di Cosmo kuzeyde Hsiung-nu g\u00f6\u00e7ebe imparatorlu\u011fu ile g\u00fcneyde \u00c7in \u0130mparatorlu\u011fu\u2019nun te\u015fekk\u00fcl s\u00fcrecinde, bu kutuplu iki d\u00fcnya aras\u0131ndaki gerilimi inceliyor. Bununla birlikte \u201c\u00c7in Seddi\u201d olarak birle\u015ftirilen erken duvarlar\u0131n yap\u0131m\u0131; d\u00fcnya tarihindeki ilk g\u00f6\u00e7ebe imparatorluk olan Hsiung-nu \u0130mparatorlu\u011fu\u2019nun olu\u015fumu ve \u00c7in ordular\u0131n\u0131n kuzeybat\u0131 b\u00f6lgelerini ele ge\u00e7irerek Orta Asya\u2019ya, daha sonra \u0130pek Yolu haline gelecek, yeni bir ticaret yolu a\u00e7malar\u0131 d\u00e2hil olmak \u00fczere, b\u00f6lgenin \u00f6nemli tarihsel olaylar\u0131na yeni yorumlar getiriyor. Antik \u00c7in ve D\u00fc\u015fmanlar\u0131: Do\u011fu Asya Tarihinde G\u00f6\u00e7ebe G\u00fcc\u00fcn Y\u00fckseli\u015fi, hem arkeolojik hem de eldeki yaz\u0131l\u0131 kaynaklardan hareketle, antik \u00c7in tarihine ve g\u00f6lgede b\u0131rak\u0131lm\u0131\u015f g\u00f6\u00e7ebe imparatorlu\u011fa dair yeni bir metodolojik yakla\u015f\u0131m getiriyor. <\/p>\n","protected":false},"excerpt":{"rendered":"<p>\u201cNicola di Cosmo\u2019nun kaynaklara h\u00e2kimiyetini ortaya koyan bu ola\u011fan\u00fcst\u00fc \u00e7al\u0131\u015fma, \u00f6nemli sorular sormakla kalm\u0131yor bunlara \u00f6l\u00e7\u00fcl\u00fc, ayr\u0131nt\u0131l\u0131 cevaplar sunuyor.\u201d Peter B. Golden, The International History Review<span class=\"excerpt-hellip\"> [\u2026]<\/span><\/p>\n","protected":false},"featured_media":0,"template":"","meta":{"_monsterinsights_skip_tracking":false,"_monsterinsights_sitenote_active":false,"_monsterinsights_sitenote_note":"","_monsterinsights_sitenote_category":0},"product_brand":[],"product_cat":[12312,12304],"product_tag":[],"class_list":{"0":"post-743562","1":"product","2":"type-product","3":"status-publish","5":"product_cat-diger","6":"product_cat-tarih","7":"pa_cilt-ciltsiz","8":"pa_tur-kitap","9":"pa_yayinevi-kronik-kitap","10":"pa_yazar-nicola-di-cosmo","12":"first","13":"instock","14":"sale","15":"shipping-taxable","16":"purchasable","17":"product-type-simple"},"_links":{"self":[{"href":"https:\/\/roveyayinevi.com.tr\/index.php\/wp-json\/wp\/v2\/product\/743562","targetHints":{"allow":["GET"]}}],"collection":[{"href":"https:\/\/roveyayinevi.com.tr\/index.php\/wp-json\/wp\/v2\/product"}],"about":[{"href":"https:\/\/roveyayinevi.com.tr\/index.php\/wp-json\/wp\/v2\/types\/product"}],"wp:attachment":[{"href":"https:\/\/roveyayinevi.com.tr\/index.php\/wp-json\/wp\/v2\/media?parent=743562"}],"wp:term":[{"taxonomy":"product_brand","embeddable":true,"href":"https:\/\/roveyayinevi.com.tr\/index.php\/wp-json\/wp\/v2\/product_brand?post=743562"},{"taxonomy":"product_cat","embeddable":true,"href":"https:\/\/roveyayinevi.com.tr\/index.php\/wp-json\/wp\/v2\/product_cat?post=743562"},{"taxonomy":"product_tag","embeddable":true,"href":"https:\/\/roveyayinevi.com.tr\/index.php\/wp-json\/wp\/v2\/product_tag?post=743562"}],"curies":[{"name":"wp","href":"https:\/\/api.w.org\/{rel}","templated":true}]}}