{"id":743561,"date":"2025-08-28T01:37:25","date_gmt":"2025-08-27T22:37:25","guid":{"rendered":"https:\/\/roveyayinevi.com.tr\/index.php\/urun\/modern-harp-gemileri\/"},"modified":"2026-04-16T02:54:49","modified_gmt":"2026-04-15T23:54:49","slug":"modern-harp-gemileri","status":"publish","type":"product","link":"https:\/\/roveyayinevi.com.tr\/index.php\/urun\/modern-harp-gemileri\/","title":{"rendered":"Modern Harp Gemileri"},"content":{"rendered":"<p>1850\u2019den G\u00fcn\u00fcm\u00fcze Modern Harp Gemilerinin Geli\u015fimi 19. y\u00fczy\u0131l\u0131n sonlar\u0131na do\u011fru may\u0131n ve sualt\u0131na dalabilen, torpido taarruzu icra edebilen ara\u00e7lar\u0131n icad\u0131yla birlikte denizde harp sahas\u0131 ikinci bir boyut kazanm\u0131\u015ft\u0131. Birinci D\u00fcnya Sava\u015f\u0131\u2019nda u\u00e7a\u011f\u0131n muharip bir unsur olarak kullan\u0131lmas\u0131yla birlikte deniz harek\u00e2t\u0131na \u00fc\u00e7\u00fcnc\u00fc bir boyut eklenmi\u015f, 21. y\u00fczy\u0131lla birlikte ise deniz kuvvetleri uzay ve elektromanyetik spektrumla da m\u00fccadele etmeye ba\u015flam\u0131\u015ft\u0131. Kadim m\u00fccadele alan\u0131 olan deniz, g\u00fcn\u00fcm\u00fczde ger\u00e7ek anlamda \u00e7ok boyutlu bir karaktere b\u00fcr\u00fcnd\u00fc ve daha karma\u015f\u0131k h\u00e2le geldi. Elinizdeki kitap size bu karma\u015f\u0131kl\u0131kta yol g\u00f6sterici olacak. 1850\u2019den g\u00fcn\u00fcm\u00fcze kadar b\u00fct\u00fcn harp gemilerini detayl\u0131 olarak inceleyen bu kapsaml\u0131 eser d\u00f6rt ana b\u00f6l\u00fcmden olu\u015fmaktad\u0131r. Kitap harp gemilerinin salt materyal k\u0131sm\u0131na giri\u015fmeden \u00f6nce deniz ortam\u0131, gemicilik ve modern d\u00f6neme haz\u0131rl\u0131k mahiyetinde eski \u00e7a\u011fdan 1850\u2019lere kadarki en \u00f6nemli k\u00fcrek ve yelken devri harp gemileri, gemicilik ve deniz harbi \u00fczerine giri\u015f b\u00f6l\u00fcm\u00fcyle ba\u015flamakta; ikinci b\u00f6l\u00fcmde, su\u00fcst\u00fc gemilerine yo\u011funla\u015farak ba\u015fta muharebe gemisi olmak \u00fczere kruvaz\u00f6r, muhrip, f\u0131rkateyn, korvet, torpidobot ve h\u00fccumbot gibi ana muharip platformlar\u0131n operasyonel kabiliyetlerini ve geli\u015fimini, tarihi olaylardaki rol\u00fcn\u00fc de es ge\u00e7meden b\u00fct\u00fcnc\u00fcl bir perspektifte sunmaktad\u0131r. Takip eden \u00fc\u00e7\u00fcnc\u00fc b\u00f6l\u00fcmde ise sualt\u0131nda sessiz ve derinden seyreden sinsi platformlar olarak addedilen denizalt\u0131lar\u0131n tek\u00e2m\u00fcl\u00fc ilk denemelerden g\u00fcn\u00fcm\u00fcze ele al\u0131nmakta ve arkas\u0131ndan d\u00f6rd\u00fcnc\u00fc b\u00f6l\u00fcmde de u\u00e7ak gemilerinin emekleme d\u00f6neminden bug\u00fcne kadarki tarihe y\u00f6n veren geli\u015fim evresini \u00f6nemli olaylar\u0131 referans alarak aktarmaktad\u0131r. Ayr\u0131ca bu g\u00fcnlerde T\u00fcrkiye\u2019de gemicilik alan\u0131ndaki geli\u015fmeler TCG Anadolu amfibi h\u00fccum gemisi gibi \u00f6rnekler de verilerek, d\u00f6rd\u00fcnc\u00fc b\u00f6l\u00fcm\u00fcn sonunda denizden kuvvet aktar\u0131m\u0131n\u0131n en etkili ve g\u00fcncel platformlar\u0131 say\u0131lan amfibi h\u00fccum gemileri incelenmektedir. Deniz harpleri ve gemileri alan\u0131nda uzman Dr. Evren Mercan taraf\u0131ndan haz\u0131rlanan \u201cModern Harp Gemileri\u201d kitab\u0131 T\u00fcrk\u00e7e literat\u00fcrde ilk defa 1850\u2019den g\u00fcn\u00fcm\u00fcze kadar modern harp gemilerinin geli\u015fim s\u00fcrecini sizlere sunuyor.  <\/p>\n","protected":false},"excerpt":{"rendered":"<p>1850\u2019den G\u00fcn\u00fcm\u00fcze Modern Harp Gemilerinin Geli\u015fimi 19. y\u00fczy\u0131l\u0131n sonlar\u0131na do\u011fru may\u0131n ve sualt\u0131na dalabilen, torpido taarruzu icra edebilen ara\u00e7lar\u0131n icad\u0131yla birlikte denizde harp sahas\u0131 ikinci bir<span class=\"excerpt-hellip\"> [\u2026]<\/span><\/p>\n","protected":false},"featured_media":0,"template":"","meta":{"_monsterinsights_skip_tracking":false,"_monsterinsights_sitenote_active":false,"_monsterinsights_sitenote_note":"","_monsterinsights_sitenote_category":0},"product_brand":[],"product_cat":[12305,12304],"product_tag":[],"class_list":{"0":"post-743561","1":"product","2":"type-product","3":"status-publish","5":"product_cat-dunya-tarihi","6":"product_cat-tarih","7":"pa_cilt-ciltsiz","8":"pa_tur-kitap","9":"pa_yayinevi-kronik-kitap","10":"pa_yazar-evren-mercan","12":"first","13":"instock","14":"sale","15":"shipping-taxable","16":"purchasable","17":"product-type-simple"},"_links":{"self":[{"href":"https:\/\/roveyayinevi.com.tr\/index.php\/wp-json\/wp\/v2\/product\/743561","targetHints":{"allow":["GET"]}}],"collection":[{"href":"https:\/\/roveyayinevi.com.tr\/index.php\/wp-json\/wp\/v2\/product"}],"about":[{"href":"https:\/\/roveyayinevi.com.tr\/index.php\/wp-json\/wp\/v2\/types\/product"}],"wp:attachment":[{"href":"https:\/\/roveyayinevi.com.tr\/index.php\/wp-json\/wp\/v2\/media?parent=743561"}],"wp:term":[{"taxonomy":"product_brand","embeddable":true,"href":"https:\/\/roveyayinevi.com.tr\/index.php\/wp-json\/wp\/v2\/product_brand?post=743561"},{"taxonomy":"product_cat","embeddable":true,"href":"https:\/\/roveyayinevi.com.tr\/index.php\/wp-json\/wp\/v2\/product_cat?post=743561"},{"taxonomy":"product_tag","embeddable":true,"href":"https:\/\/roveyayinevi.com.tr\/index.php\/wp-json\/wp\/v2\/product_tag?post=743561"}],"curies":[{"name":"wp","href":"https:\/\/api.w.org\/{rel}","templated":true}]}}