{"id":743556,"date":"2025-08-28T01:37:18","date_gmt":"2025-08-27T22:37:18","guid":{"rendered":"https:\/\/roveyayinevi.com.tr\/index.php\/urun\/gaddar-oykuler\/"},"modified":"2026-04-16T02:54:49","modified_gmt":"2026-04-15T23:54:49","slug":"gaddar-oykuler","status":"publish","type":"product","link":"https:\/\/roveyayinevi.com.tr\/index.php\/urun\/gaddar-oykuler\/","title":{"rendered":"Gaddar \u00d6yk\u00fcler"},"content":{"rendered":"<p>\u201cKalbime b\u0131\u00e7ak soktuktan sonra bir de te\u015fekk\u00fcr m\u00fc bekliyorsun?\u201d  \u0130ngiliz yazar Edith Nesbit\u2019in zaman\u0131nda \u00e7e\u015fitli dergilerde yay\u0131mland\u0131ktan sonra 1893\u2019te Gaddar \u00d6yk\u00fcler ba\u015fl\u0131\u011f\u0131 alt\u0131nda bir araya getirilen korku \u00f6yk\u00fcleri, hem yazar\u0131n kariyeri hem de yaz\u0131ld\u0131klar\u0131 d\u00f6nem ba\u011flam\u0131nda b\u00fcy\u00fck \u00f6nem ta\u015f\u0131yor. Genellikle \u00e7ocuklara y\u00f6nelik eserler kaleme almas\u0131yla bilinen Nesbit\u2019in \u00e7ok farkl\u0131 ve yarat\u0131c\u0131 bir y\u00f6n\u00fcn\u00fc sergileyen bu yedi \u00f6yk\u00fc, korku edebiyat\u0131n\u0131n yeniden canland\u0131\u011f\u0131 1890\u2019lar\u0131n \u00f6nemli eserleri aras\u0131nda yer al\u0131yor. Tekinsiz portrelerin, \u00f6l\u00fcmden d\u00f6nenlerin, mant\u0131kla a\u00e7\u0131klanamayan, hayal mi ger\u00e7ek mi sorusunu sorduran vakalar\u0131n anlat\u0131ld\u0131\u011f\u0131 bu esrarengiz \u00f6yk\u00fclerde Nesbit, gotik edebiyattan ald\u0131\u011f\u0131 miras\u0131 ustaca kullan\u0131yor.   \u201cEdith Nesbit, hayalet \u00f6yk\u00fcs\u00fc tutkunlar\u0131na g\u00f6re t\u00fcr\u00fcn en sayg\u0131n temsilcilerindendir.\u201d DAVID STUART DAVIES <\/p>\n","protected":false},"excerpt":{"rendered":"<p>\u201cKalbime b\u0131\u00e7ak soktuktan sonra bir de te\u015fekk\u00fcr m\u00fc bekliyorsun?\u201d \u0130ngiliz yazar Edith Nesbit\u2019in zaman\u0131nda \u00e7e\u015fitli dergilerde yay\u0131mland\u0131ktan sonra 1893\u2019te Gaddar \u00d6yk\u00fcler ba\u015fl\u0131\u011f\u0131 alt\u0131nda bir araya getirilen<span class=\"excerpt-hellip\"> [\u2026]<\/span><\/p>\n","protected":false},"featured_media":0,"template":"","meta":{"_monsterinsights_skip_tracking":false,"_monsterinsights_sitenote_active":false,"_monsterinsights_sitenote_note":"","_monsterinsights_sitenote_category":0},"product_brand":[],"product_cat":[12291,17033],"product_tag":[],"class_list":{"0":"post-743556","1":"product","2":"type-product","3":"status-publish","5":"product_cat-edebiyat","6":"product_cat-korku-gerilim","7":"pa_cilt-ciltsiz","8":"pa_tur-kitap","9":"pa_yayinevi-cinar-yayinlari","10":"pa_yazar-edith-nesbit","12":"first","13":"instock","14":"sale","15":"shipping-taxable","16":"purchasable","17":"product-type-simple"},"_links":{"self":[{"href":"https:\/\/roveyayinevi.com.tr\/index.php\/wp-json\/wp\/v2\/product\/743556","targetHints":{"allow":["GET"]}}],"collection":[{"href":"https:\/\/roveyayinevi.com.tr\/index.php\/wp-json\/wp\/v2\/product"}],"about":[{"href":"https:\/\/roveyayinevi.com.tr\/index.php\/wp-json\/wp\/v2\/types\/product"}],"wp:attachment":[{"href":"https:\/\/roveyayinevi.com.tr\/index.php\/wp-json\/wp\/v2\/media?parent=743556"}],"wp:term":[{"taxonomy":"product_brand","embeddable":true,"href":"https:\/\/roveyayinevi.com.tr\/index.php\/wp-json\/wp\/v2\/product_brand?post=743556"},{"taxonomy":"product_cat","embeddable":true,"href":"https:\/\/roveyayinevi.com.tr\/index.php\/wp-json\/wp\/v2\/product_cat?post=743556"},{"taxonomy":"product_tag","embeddable":true,"href":"https:\/\/roveyayinevi.com.tr\/index.php\/wp-json\/wp\/v2\/product_tag?post=743556"}],"curies":[{"name":"wp","href":"https:\/\/api.w.org\/{rel}","templated":true}]}}