{"id":743553,"date":"2025-08-28T01:37:15","date_gmt":"2025-08-27T22:37:15","guid":{"rendered":"https:\/\/roveyayinevi.com.tr\/index.php\/urun\/dorian-grayin-portresi-13\/"},"modified":"2026-04-16T02:54:49","modified_gmt":"2026-04-15T23:54:49","slug":"dorian-grayin-portresi-13","status":"publish","type":"product","link":"https:\/\/roveyayinevi.com.tr\/index.php\/urun\/dorian-grayin-portresi-13\/","title":{"rendered":"Dorian Gray\u2019in Portresi"},"content":{"rendered":"<p>\u0130rlandal\u0131 yazar Oscar Wilde\u2019\u0131n 1891 tarihinde kaleme ald\u0131\u011f\u0131 tek roman\u0131 olan Dorian Gray\u2019in Portresi, s\u0131ra d\u0131\u015f\u0131 kurgusu ile d\u00fcnya edebiyat\u0131nda derin izler b\u0131rakan bir ba\u015fyap\u0131tt\u0131r.    Kitap, gen\u00e7 ve yak\u0131\u015f\u0131kl\u0131 Dorian Gray&#8217;in \u00f6yk\u00fcs\u00fcn\u00fc anlat\u0131r. Ressam Basil Hallward taraf\u0131ndan portresi yap\u0131lan bu gen\u00e7 adam, zamanla gen\u00e7li\u011fin ve g\u00fczelli\u011fin ya\u015famdaki en de\u011ferli \u015feyler oldu\u011funa inanarak kendisi yerine portresinin ya\u015flanmas\u0131n\u0131 diler. Sonsuza dek s\u00fcrecek bir gen\u00e7lik kar\u015f\u0131l\u0131\u011f\u0131nda ruhundan vazge\u00e7en Dorian Gray, insan\u0131 insan yapan de\u011ferlerden giderek uzakla\u015f\u0131r. \u0130yilik ve erdem gibi duygular yerine hazz\u0131n pe\u015finden gitmeyi tercih eden kahraman\u0131m\u0131z\u0131n ya\u015fam\u0131 sonunda trajik bir y\u00f6nde ilerlemeye ba\u015flar.<\/p>\n","protected":false},"excerpt":{"rendered":"<p>\u0130rlandal\u0131 yazar Oscar Wilde\u2019\u0131n 1891 tarihinde kaleme ald\u0131\u011f\u0131 tek roman\u0131 olan Dorian Gray\u2019in Portresi, s\u0131ra d\u0131\u015f\u0131 kurgusu ile d\u00fcnya edebiyat\u0131nda derin izler b\u0131rakan bir ba\u015fyap\u0131tt\u0131r. Kitap,<span class=\"excerpt-hellip\"> [\u2026]<\/span><\/p>\n","protected":false},"featured_media":0,"template":"","meta":{"_monsterinsights_skip_tracking":false,"_monsterinsights_sitenote_active":false,"_monsterinsights_sitenote_note":"","_monsterinsights_sitenote_category":0},"product_brand":[],"product_cat":[12689,12274],"product_tag":[],"class_list":{"0":"post-743553","1":"product","2":"type-product","3":"status-publish","5":"product_cat-cizgi-roman-cocuk-ve-genclik-kitaplari","6":"product_cat-cocuk-ve-genclik-kitaplari","7":"pa_cilt-ciltsiz","8":"pa_tur-kitap","9":"pa_yayinevi-arkadas-yayinlari","10":"pa_yazar-oscar-wilde","12":"first","13":"instock","14":"sale","15":"shipping-taxable","16":"purchasable","17":"product-type-simple"},"_links":{"self":[{"href":"https:\/\/roveyayinevi.com.tr\/index.php\/wp-json\/wp\/v2\/product\/743553","targetHints":{"allow":["GET"]}}],"collection":[{"href":"https:\/\/roveyayinevi.com.tr\/index.php\/wp-json\/wp\/v2\/product"}],"about":[{"href":"https:\/\/roveyayinevi.com.tr\/index.php\/wp-json\/wp\/v2\/types\/product"}],"wp:attachment":[{"href":"https:\/\/roveyayinevi.com.tr\/index.php\/wp-json\/wp\/v2\/media?parent=743553"}],"wp:term":[{"taxonomy":"product_brand","embeddable":true,"href":"https:\/\/roveyayinevi.com.tr\/index.php\/wp-json\/wp\/v2\/product_brand?post=743553"},{"taxonomy":"product_cat","embeddable":true,"href":"https:\/\/roveyayinevi.com.tr\/index.php\/wp-json\/wp\/v2\/product_cat?post=743553"},{"taxonomy":"product_tag","embeddable":true,"href":"https:\/\/roveyayinevi.com.tr\/index.php\/wp-json\/wp\/v2\/product_tag?post=743553"}],"curies":[{"name":"wp","href":"https:\/\/api.w.org\/{rel}","templated":true}]}}