{"id":743552,"date":"2025-08-28T01:37:14","date_gmt":"2025-08-27T22:37:14","guid":{"rendered":"https:\/\/roveyayinevi.com.tr\/index.php\/urun\/kendine-guvenebilen-luna\/"},"modified":"2025-11-06T08:15:33","modified_gmt":"2025-11-06T05:15:33","slug":"kendine-guvenebilen-luna","status":"publish","type":"product","link":"https:\/\/roveyayinevi.com.tr\/index.php\/urun\/kendine-guvenebilen-luna\/","title":{"rendered":"Kendine G\u00fcvenebilen Luna"},"content":{"rendered":"<p>\u0130ster b\u00fcy\u00fck olal\u0131m ister k\u00fc\u00e7\u00fck, hepimizin kalbinde \u00e7e\u015fitli duygularla dolu kocaman bir dolap vard\u0131r.   Luna herhangi bir \u015feye karar vermekte zorlan\u0131yor. \u00c7o\u011funlukla arkada\u015f\u0131 Estelle\u2019in onu y\u00f6nlendirmesine izin veriyor. Ama bug\u00fcn \u00f6\u011fretmeni, Luna\u2019n\u0131n kalbine k\u00fc\u00e7\u00fck bir \u00f6zg\u00fcven tohumu ekiyor. K\u00fc\u00e7\u00fck bir oyun Luna\u2019n\u0131n i\u00e7indeki g\u00fcc\u00fc ke\u015ffetmesini sa\u011flayacak.     Ebeveynler i\u00e7in Klinik psikolog ve psikoterapist Louison Nielman\u2019dan, \u00e7ocuklar\u0131n duygular\u0131n\u0131 anlay\u0131p bu duygular\u0131 en iyi \u015fekilde y\u00f6netmelerine yard\u0131m etmenizi sa\u011flayacak de\u011ferli tavsiyeler. <\/p>\n","protected":false},"excerpt":{"rendered":"<p>\u0130ster b\u00fcy\u00fck olal\u0131m ister k\u00fc\u00e7\u00fck, hepimizin kalbinde \u00e7e\u015fitli duygularla dolu kocaman bir dolap vard\u0131r. Luna herhangi bir \u015feye karar vermekte zorlan\u0131yor. \u00c7o\u011funlukla arkada\u015f\u0131 Estelle\u2019in onu y\u00f6nlendirmesine<span class=\"excerpt-hellip\"> [\u2026]<\/span><\/p>\n","protected":false},"featured_media":0,"template":"","meta":{"_monsterinsights_skip_tracking":false,"_monsterinsights_sitenote_active":false,"_monsterinsights_sitenote_note":"","_monsterinsights_sitenote_category":0},"product_brand":[],"product_cat":[12274,15842],"product_tag":[],"class_list":{"0":"post-743552","1":"product","2":"type-product","3":"status-publish","5":"product_cat-cocuk-ve-genclik-kitaplari","6":"product_cat-egitici-kitaplar","7":"pa_cilt-ciltsiz","8":"pa_tur-kitap","9":"pa_yayinevi-1001-cicek-kitaplar","10":"pa_yazar-kochka","12":"first","13":"instock","14":"sale","15":"shipping-taxable","16":"purchasable","17":"product-type-simple"},"_links":{"self":[{"href":"https:\/\/roveyayinevi.com.tr\/index.php\/wp-json\/wp\/v2\/product\/743552","targetHints":{"allow":["GET"]}}],"collection":[{"href":"https:\/\/roveyayinevi.com.tr\/index.php\/wp-json\/wp\/v2\/product"}],"about":[{"href":"https:\/\/roveyayinevi.com.tr\/index.php\/wp-json\/wp\/v2\/types\/product"}],"wp:attachment":[{"href":"https:\/\/roveyayinevi.com.tr\/index.php\/wp-json\/wp\/v2\/media?parent=743552"}],"wp:term":[{"taxonomy":"product_brand","embeddable":true,"href":"https:\/\/roveyayinevi.com.tr\/index.php\/wp-json\/wp\/v2\/product_brand?post=743552"},{"taxonomy":"product_cat","embeddable":true,"href":"https:\/\/roveyayinevi.com.tr\/index.php\/wp-json\/wp\/v2\/product_cat?post=743552"},{"taxonomy":"product_tag","embeddable":true,"href":"https:\/\/roveyayinevi.com.tr\/index.php\/wp-json\/wp\/v2\/product_tag?post=743552"}],"curies":[{"name":"wp","href":"https:\/\/api.w.org\/{rel}","templated":true}]}}