{"id":743551,"date":"2025-08-28T01:37:13","date_gmt":"2025-08-27T22:37:13","guid":{"rendered":"https:\/\/roveyayinevi.com.tr\/index.php\/urun\/iki-evi-olan-violet\/"},"modified":"2025-11-06T08:15:33","modified_gmt":"2025-11-06T05:15:33","slug":"iki-evi-olan-violet","status":"publish","type":"product","link":"https:\/\/roveyayinevi.com.tr\/index.php\/urun\/iki-evi-olan-violet\/","title":{"rendered":"\u0130ki Evi Olan Violet"},"content":{"rendered":"<p>\u0130ster b\u00fcy\u00fck olal\u0131m ister k\u00fc\u00e7\u00fck, hepimizin kalbinde \u00e7e\u015fitli duygularla dolu kocaman bir dolap vard\u0131r.   Violet hafta sonunu babas\u0131yla birlikte ge\u00e7irecekti, fakat ani bir geli\u015fme t\u00fcm planlar\u0131 alt \u00fcst etti. \u0130ki eve sahip olman\u0131n hi\u00e7 de e\u011flenceli olmad\u0131\u011f\u0131n\u0131 d\u00fc\u015f\u00fcnmeye ba\u015flayan k\u00fc\u00e7\u00fck k\u0131z neyse ki i\u00e7inde beliren \u00f6fke f\u0131rt\u0131nas\u0131n\u0131 dindirip sakinle\u015fmeyi ba\u015far\u0131yor.     Ebeveynler i\u00e7in Klinik psikolog ve psikoterapist Louison Nielman\u2019dan, \u00e7ocuklar\u0131n duygular\u0131n\u0131 anlay\u0131p bu duygular\u0131 en iyi \u015fekilde y\u00f6netmelerine yard\u0131m etmenizi sa\u011flayacak de\u011ferli tavsiyeler. <\/p>\n","protected":false},"excerpt":{"rendered":"<p>\u0130ster b\u00fcy\u00fck olal\u0131m ister k\u00fc\u00e7\u00fck, hepimizin kalbinde \u00e7e\u015fitli duygularla dolu kocaman bir dolap vard\u0131r. Violet hafta sonunu babas\u0131yla birlikte ge\u00e7irecekti, fakat ani bir geli\u015fme t\u00fcm planlar\u0131<span class=\"excerpt-hellip\"> [\u2026]<\/span><\/p>\n","protected":false},"featured_media":0,"template":"","meta":{"_monsterinsights_skip_tracking":false,"_monsterinsights_sitenote_active":false,"_monsterinsights_sitenote_note":"","_monsterinsights_sitenote_category":0},"product_brand":[],"product_cat":[12274,15842],"product_tag":[],"class_list":{"0":"post-743551","1":"product","2":"type-product","3":"status-publish","5":"product_cat-cocuk-ve-genclik-kitaplari","6":"product_cat-egitici-kitaplar","7":"pa_cilt-ciltsiz","8":"pa_tur-kitap","9":"pa_yayinevi-1001-cicek-kitaplar","10":"pa_yazar-kochka","12":"first","13":"instock","14":"sale","15":"shipping-taxable","16":"purchasable","17":"product-type-simple"},"_links":{"self":[{"href":"https:\/\/roveyayinevi.com.tr\/index.php\/wp-json\/wp\/v2\/product\/743551","targetHints":{"allow":["GET"]}}],"collection":[{"href":"https:\/\/roveyayinevi.com.tr\/index.php\/wp-json\/wp\/v2\/product"}],"about":[{"href":"https:\/\/roveyayinevi.com.tr\/index.php\/wp-json\/wp\/v2\/types\/product"}],"wp:attachment":[{"href":"https:\/\/roveyayinevi.com.tr\/index.php\/wp-json\/wp\/v2\/media?parent=743551"}],"wp:term":[{"taxonomy":"product_brand","embeddable":true,"href":"https:\/\/roveyayinevi.com.tr\/index.php\/wp-json\/wp\/v2\/product_brand?post=743551"},{"taxonomy":"product_cat","embeddable":true,"href":"https:\/\/roveyayinevi.com.tr\/index.php\/wp-json\/wp\/v2\/product_cat?post=743551"},{"taxonomy":"product_tag","embeddable":true,"href":"https:\/\/roveyayinevi.com.tr\/index.php\/wp-json\/wp\/v2\/product_tag?post=743551"}],"curies":[{"name":"wp","href":"https:\/\/api.w.org\/{rel}","templated":true}]}}