{"id":743550,"date":"2025-08-28T01:37:11","date_gmt":"2025-08-27T22:37:11","guid":{"rendered":"https:\/\/roveyayinevi.com.tr\/index.php\/urun\/kardesiyle-mutlu-olabilen-arsil\/"},"modified":"2025-11-06T08:15:32","modified_gmt":"2025-11-06T05:15:32","slug":"kardesiyle-mutlu-olabilen-arsil","status":"publish","type":"product","link":"https:\/\/roveyayinevi.com.tr\/index.php\/urun\/kardesiyle-mutlu-olabilen-arsil\/","title":{"rendered":"Karde\u015fiyle Mutlu Olabilen Ar\u015fil"},"content":{"rendered":"<p>\u0130ster b\u00fcy\u00fck olal\u0131m ister k\u00fc\u00e7\u00fck, hepimizin kalbinde \u00e7e\u015fitli duygularla dolu kocaman bir dolap vard\u0131r.   Ar\u015fil, annesi, babas\u0131 ve a\u011fabeyi ile mutlu bir hayat s\u00fcrerken ailelerine yeni bir \u00fcye kat\u0131l\u0131yor: Sevimli mi sevimli bir bebek olan karde\u015fi Rose. Al\u0131\u015f\u0131k oldu\u011fu d\u00fczeni tamamen de\u011fi\u015ftiren bu geli\u015fme kar\u015f\u0131s\u0131nda Ar\u015fil kendini biraz d\u0131\u015flanm\u0131\u015f hissediyor. \u0130\u00e7inde kabarmaya ba\u015flayan k\u0131skan\u00e7l\u0131k hissi, neyse ki annesiyle yapt\u0131\u011f\u0131 konu\u015fma sonras\u0131nda kaybolup gidiyor.     Ebeveynler i\u00e7in Klinik psikolog ve psikoterapist Louison Nielman\u2019dan, \u00e7ocuklar\u0131n duygular\u0131n\u0131 anlay\u0131p bu duygular\u0131 en iyi \u015fekilde y\u00f6netmelerine yard\u0131m etmenizi sa\u011flayacak de\u011ferli tavsiyeler. <\/p>\n","protected":false},"excerpt":{"rendered":"<p>\u0130ster b\u00fcy\u00fck olal\u0131m ister k\u00fc\u00e7\u00fck, hepimizin kalbinde \u00e7e\u015fitli duygularla dolu kocaman bir dolap vard\u0131r. Ar\u015fil, annesi, babas\u0131 ve a\u011fabeyi ile mutlu bir hayat s\u00fcrerken ailelerine yeni<span class=\"excerpt-hellip\"> [\u2026]<\/span><\/p>\n","protected":false},"featured_media":0,"template":"","meta":{"_monsterinsights_skip_tracking":false,"_monsterinsights_sitenote_active":false,"_monsterinsights_sitenote_note":"","_monsterinsights_sitenote_category":0},"product_brand":[],"product_cat":[12274,15842],"product_tag":[],"class_list":{"0":"post-743550","1":"product","2":"type-product","3":"status-publish","5":"product_cat-cocuk-ve-genclik-kitaplari","6":"product_cat-egitici-kitaplar","7":"pa_cilt-ciltsiz","8":"pa_tur-kitap","9":"pa_yayinevi-1001-cicek-kitaplar","10":"pa_yazar-kochka","12":"first","13":"instock","14":"sale","15":"shipping-taxable","16":"purchasable","17":"product-type-simple"},"_links":{"self":[{"href":"https:\/\/roveyayinevi.com.tr\/index.php\/wp-json\/wp\/v2\/product\/743550","targetHints":{"allow":["GET"]}}],"collection":[{"href":"https:\/\/roveyayinevi.com.tr\/index.php\/wp-json\/wp\/v2\/product"}],"about":[{"href":"https:\/\/roveyayinevi.com.tr\/index.php\/wp-json\/wp\/v2\/types\/product"}],"wp:attachment":[{"href":"https:\/\/roveyayinevi.com.tr\/index.php\/wp-json\/wp\/v2\/media?parent=743550"}],"wp:term":[{"taxonomy":"product_brand","embeddable":true,"href":"https:\/\/roveyayinevi.com.tr\/index.php\/wp-json\/wp\/v2\/product_brand?post=743550"},{"taxonomy":"product_cat","embeddable":true,"href":"https:\/\/roveyayinevi.com.tr\/index.php\/wp-json\/wp\/v2\/product_cat?post=743550"},{"taxonomy":"product_tag","embeddable":true,"href":"https:\/\/roveyayinevi.com.tr\/index.php\/wp-json\/wp\/v2\/product_tag?post=743550"}],"curies":[{"name":"wp","href":"https:\/\/api.w.org\/{rel}","templated":true}]}}