{"id":743549,"date":"2025-08-28T01:37:10","date_gmt":"2025-08-27T22:37:10","guid":{"rendered":"https:\/\/roveyayinevi.com.tr\/index.php\/urun\/cekingen-gabin\/"},"modified":"2026-04-16T02:54:49","modified_gmt":"2026-04-15T23:54:49","slug":"cekingen-gabin","status":"publish","type":"product","link":"https:\/\/roveyayinevi.com.tr\/index.php\/urun\/cekingen-gabin\/","title":{"rendered":"\u00c7ekingen Gabin"},"content":{"rendered":"<p>\u0130ster b\u00fcy\u00fck olal\u0131m ister k\u00fc\u00e7\u00fck, hepimizin kalbinde \u00e7e\u015fitli duygularla dolu kocaman bir dolap vard\u0131r.   Gabin\u2019in ailesi yeni bir \u015fehre ta\u015f\u0131n\u0131yor. Gabin \u00fczg\u00fcn ve yeni arkada\u015flar edinip edinemeyece\u011fi konusunda endi\u015feli. Hissetti\u011fi utanga\u00e7l\u0131k ve \u00e7ekingenlik yava\u015f yava\u015f etraf\u0131nda g\u00f6r\u00fcnmez bir duvar \u00f6r\u00fcyor. Neyse ki k\u00fc\u00e7\u00fck bir el, bu duvar\u0131n u\u00e7up gitmesine yetiyor.   Ebeveynler i\u00e7in Klinik psikolog ve psikoterapist Louison Nielman\u2019dan, \u00e7ocuklar\u0131n duygular\u0131n\u0131 anlay\u0131p bu duygular\u0131 en iyi \u015fekilde y\u00f6netmelerine yard\u0131m etmenizi sa\u011flayacak de\u011ferli tavsiyeler. <\/p>\n","protected":false},"excerpt":{"rendered":"<p>\u0130ster b\u00fcy\u00fck olal\u0131m ister k\u00fc\u00e7\u00fck, hepimizin kalbinde \u00e7e\u015fitli duygularla dolu kocaman bir dolap vard\u0131r. Gabin\u2019in ailesi yeni bir \u015fehre ta\u015f\u0131n\u0131yor. Gabin \u00fczg\u00fcn ve yeni arkada\u015flar edinip<span class=\"excerpt-hellip\"> [\u2026]<\/span><\/p>\n","protected":false},"featured_media":0,"template":"","meta":{"_monsterinsights_skip_tracking":false,"_monsterinsights_sitenote_active":false,"_monsterinsights_sitenote_note":"","_monsterinsights_sitenote_category":0},"product_brand":[],"product_cat":[12274,15842],"product_tag":[],"class_list":{"0":"post-743549","1":"product","2":"type-product","3":"status-publish","5":"product_cat-cocuk-ve-genclik-kitaplari","6":"product_cat-egitici-kitaplar","7":"pa_cilt-ciltsiz","8":"pa_tur-kitap","9":"pa_yayinevi-1001-cicek-kitaplar","10":"pa_yazar-kochka","12":"first","13":"instock","14":"sale","15":"shipping-taxable","16":"purchasable","17":"product-type-simple"},"_links":{"self":[{"href":"https:\/\/roveyayinevi.com.tr\/index.php\/wp-json\/wp\/v2\/product\/743549","targetHints":{"allow":["GET"]}}],"collection":[{"href":"https:\/\/roveyayinevi.com.tr\/index.php\/wp-json\/wp\/v2\/product"}],"about":[{"href":"https:\/\/roveyayinevi.com.tr\/index.php\/wp-json\/wp\/v2\/types\/product"}],"wp:attachment":[{"href":"https:\/\/roveyayinevi.com.tr\/index.php\/wp-json\/wp\/v2\/media?parent=743549"}],"wp:term":[{"taxonomy":"product_brand","embeddable":true,"href":"https:\/\/roveyayinevi.com.tr\/index.php\/wp-json\/wp\/v2\/product_brand?post=743549"},{"taxonomy":"product_cat","embeddable":true,"href":"https:\/\/roveyayinevi.com.tr\/index.php\/wp-json\/wp\/v2\/product_cat?post=743549"},{"taxonomy":"product_tag","embeddable":true,"href":"https:\/\/roveyayinevi.com.tr\/index.php\/wp-json\/wp\/v2\/product_tag?post=743549"}],"curies":[{"name":"wp","href":"https:\/\/api.w.org\/{rel}","templated":true}]}}