{"id":743546,"date":"2025-08-28T01:37:06","date_gmt":"2025-08-27T22:37:06","guid":{"rendered":"https:\/\/roveyayinevi.com.tr\/index.php\/urun\/daglar-kendini-seveni-sever\/"},"modified":"2026-04-16T02:54:48","modified_gmt":"2026-04-15T23:54:48","slug":"daglar-kendini-seveni-sever","status":"publish","type":"product","link":"https:\/\/roveyayinevi.com.tr\/index.php\/urun\/daglar-kendini-seveni-sever\/","title":{"rendered":"Da\u011flar Kendini Seveni Sever"},"content":{"rendered":"<p>Fato\u015f G\u00fcney, Da\u011flar Kendini Seveni Sever ile \u00e7ok y\u00f6nl\u00fc bir sanat\u00e7\u0131 olan Y\u0131lmaz G\u00fcney\u2019i ve onun kendi hayat\u0131na olan etkilerini ele al\u0131yor. \u00dclkenin \u00f6nemli gazete ve dergilerinde yay\u0131mlanan r\u00f6portajlar\u0131, kimi sata\u015fmalara verdi\u011fi cevaplar\u0131 ve \u00e7e\u015fitli yerlerde yapt\u0131\u011f\u0131 konu\u015fmalar\u0131yla bamba\u015fka bir bak\u0131\u015f a\u00e7\u0131s\u0131 kazand\u0131r\u0131yor okura.   Da\u011flar Kendini Seveni Sever ayn\u0131 zamanda zorluklar\u0131n i\u00e7inde ya\u015fanan bir a\u015fk\u0131n da belgesi. Fato\u015f G\u00fcney i\u00e7in, Y\u0131lmaz G\u00fcney\u2019in bir e\u015f olmaktan \u00f6te yolda\u015f, m\u00fccadele arkada\u015f\u0131 ve rehber oldu\u011funu da g\u00f6r\u00fcyoruz bu kitapta. E\u015fine az rastlan\u0131r bir sanat\u00e7\u0131n\u0131n sadece hayattayken de\u011fil, aramazdan ayr\u0131ld\u0131ktan sonra da ya\u015fad\u0131\u011f\u0131 haks\u0131zl\u0131klara kar\u015f\u0131 verilen m\u00fccadele, yak\u0131n tarihimiz a\u00e7\u0131s\u0131ndan olduk\u00e7a \u00f6nemli. Ve bamba\u015fka bir dayan\u0131\u015fman\u0131n g\u00f6stergesi.   Y\u0131lmaz G\u00fcney gibi d\u00fcnya sinemas\u0131nda ad\u0131ndan s\u00f6z ettirmi\u015f \u00f6nemli bir sanat\u00e7\u0131n\u0131n, y\u0131llarca en yak\u0131n\u0131nda olan Fato\u015f G\u00fcney, bu kitapla bilinmeyenleri hi\u00e7 \u00e7ekinmeden sunuyor okura.   \u201cBen Y\u0131lmaz ile hep mutlu oldum. D\u00fc\u015f\u00fcn\u00fcyorum, ger\u00e7ekten anlatmas\u0131, ifade etmesi \u00e7ok zor bir \u015fey ama en \u00e7ok da mutlu oldu\u011fum g\u00fcnler, belki Y\u0131lmaz\u2019\u0131n hapiste oldu\u011fu g\u00fcnlerdi. Yani o demir parmakl\u0131klar arkas\u0131ndaki ileti\u015fimdi onunla aramdaki&#8230; Mektuplarla beslenen, zenginle\u015fen, ziyaretlerle derinle\u015fen ve o g\u00fcnlerin ac\u0131lar\u0131yla peki\u015fen \u00f6yle bir ili\u015fki&#8230; On y\u0131l boyunca bu s\u00fcre\u00e7 b\u00f6yle ya\u015fand\u0131&#8230;\u201d <\/p>\n","protected":false},"excerpt":{"rendered":"<p>Fato\u015f G\u00fcney, Da\u011flar Kendini Seveni Sever ile \u00e7ok y\u00f6nl\u00fc bir sanat\u00e7\u0131 olan Y\u0131lmaz G\u00fcney\u2019i ve onun kendi hayat\u0131na olan etkilerini ele al\u0131yor. \u00dclkenin \u00f6nemli gazete ve<span class=\"excerpt-hellip\"> [\u2026]<\/span><\/p>\n","protected":false},"featured_media":0,"template":"","meta":{"_monsterinsights_skip_tracking":false,"_monsterinsights_sitenote_active":false,"_monsterinsights_sitenote_note":"","_monsterinsights_sitenote_category":0},"product_brand":[],"product_cat":[27157,12291],"product_tag":[],"class_list":{"0":"post-743546","1":"product","2":"type-product","3":"status-publish","5":"product_cat-derleme","6":"product_cat-edebiyat","7":"pa_cilt-ciltsiz","8":"pa_tur-kitap","9":"pa_yayinevi-ithaki-yayinlari","10":"pa_yazar-fatos-guney","12":"first","13":"instock","14":"sale","15":"shipping-taxable","16":"purchasable","17":"product-type-simple"},"_links":{"self":[{"href":"https:\/\/roveyayinevi.com.tr\/index.php\/wp-json\/wp\/v2\/product\/743546","targetHints":{"allow":["GET"]}}],"collection":[{"href":"https:\/\/roveyayinevi.com.tr\/index.php\/wp-json\/wp\/v2\/product"}],"about":[{"href":"https:\/\/roveyayinevi.com.tr\/index.php\/wp-json\/wp\/v2\/types\/product"}],"wp:attachment":[{"href":"https:\/\/roveyayinevi.com.tr\/index.php\/wp-json\/wp\/v2\/media?parent=743546"}],"wp:term":[{"taxonomy":"product_brand","embeddable":true,"href":"https:\/\/roveyayinevi.com.tr\/index.php\/wp-json\/wp\/v2\/product_brand?post=743546"},{"taxonomy":"product_cat","embeddable":true,"href":"https:\/\/roveyayinevi.com.tr\/index.php\/wp-json\/wp\/v2\/product_cat?post=743546"},{"taxonomy":"product_tag","embeddable":true,"href":"https:\/\/roveyayinevi.com.tr\/index.php\/wp-json\/wp\/v2\/product_tag?post=743546"}],"curies":[{"name":"wp","href":"https:\/\/api.w.org\/{rel}","templated":true}]}}