{"id":743542,"date":"2025-08-28T01:37:00","date_gmt":"2025-08-27T22:37:00","guid":{"rendered":"https:\/\/roveyayinevi.com.tr\/index.php\/urun\/romeo-ve-juliet-10\/"},"modified":"2026-04-16T02:54:48","modified_gmt":"2026-04-15T23:54:48","slug":"romeo-ve-juliet-10","status":"publish","type":"product","link":"https:\/\/roveyayinevi.com.tr\/index.php\/urun\/romeo-ve-juliet-10\/","title":{"rendered":"Romeo ve Juliet"},"content":{"rendered":"<p>Damarlar\u0131nda bir so\u011fukluk hissedeceksin, uykun gelecek. Nabz\u0131n atmayacak, bedenin so\u011fuyacak, nefes almayacaks\u0131n.   Romeo Montague ve Juliet Capulet, \u0130talya\u2019n\u0131n Verona \u015fehrindeki iki d\u00fc\u015fman ailenin \u00e7ocuklar\u0131d\u0131r. Juliet\u2019in babas\u0131, k\u0131z\u0131n\u0131n Paris\u2019le evlenmesini ister. \u0130kisini bir araya getirmek i\u00e7in b\u00fcy\u00fck bir parti planlar. Romeo ve arkada\u015flar\u0131, partiye maskeli olarak gelirler. Romeo ile Juliet kar\u015f\u0131la\u015f\u0131r, birbirlerine \u00e2\u015f\u0131k olurlar ama a\u015fklar\u0131na izin verilmeyece\u011fini anlay\u0131p gizlice evlenmeye karar verirler. K\u0131z\u0131n\u0131n gizlice Romeo\u2019yla evlendi\u011finden haberi olmayan babas\u0131, o hafta i\u00e7inde Juliet\u2019in mutlaka Paris\u2019le evlenmesi gerekti\u011fine karar verir. Rahip Lawrence, k\u0131sa s\u00fcreyle insan\u0131 \u00f6l\u00fc gibi g\u00f6steren bir iksir almas\u0131 i\u00e7in Juliet\u2019i ikna eder. Bu plana g\u00f6re Juliet uyan\u0131nca, kimsenin haberi olmaks\u0131z\u0131n kocas\u0131 Romeo\u2019ya kavu\u015facakt\u0131r.   \u00d6lm\u00fc\u015f g\u00f6r\u00fcneceksin. K\u0131rk iki saat b\u00f6yle kal\u0131p Sonra, ho\u015f bir uykudan uyan\u0131r gibi uyanacaks\u0131n.   \u0130ngilizcenin en b\u00fcy\u00fck yazar\u0131 William Shakespeare\u2019in, 1590\u2019l\u0131 y\u0131llarda kaleme al\u0131nd\u0131\u011f\u0131 tahmin edilen ve d\u00f6rt y\u00fczy\u0131ld\u0131r \u00f6nemini yitirmeyen romantik tragedyas\u0131 Romeo ve Juliet, a\u015fk\u0131n alacakaranl\u0131k tabiat\u0131na dair yaz\u0131lm\u0131\u015f ba\u015fyap\u0131tlardan biri.   Sonuna kadar gitmek istedi\u011finden emin misin? <\/p>\n","protected":false},"excerpt":{"rendered":"<p>Damarlar\u0131nda bir so\u011fukluk hissedeceksin, uykun gelecek. Nabz\u0131n atmayacak, bedenin so\u011fuyacak, nefes almayacaks\u0131n. Romeo Montague ve Juliet Capulet, \u0130talya\u2019n\u0131n Verona \u015fehrindeki iki d\u00fc\u015fman ailenin \u00e7ocuklar\u0131d\u0131r. Juliet\u2019in babas\u0131,<span class=\"excerpt-hellip\"> [\u2026]<\/span><\/p>\n","protected":false},"featured_media":0,"template":"","meta":{"_monsterinsights_skip_tracking":false,"_monsterinsights_sitenote_active":false,"_monsterinsights_sitenote_note":"","_monsterinsights_sitenote_category":0},"product_brand":[],"product_cat":[12291,14272],"product_tag":[],"class_list":{"0":"post-743542","1":"product","2":"type-product","3":"status-publish","5":"product_cat-edebiyat","6":"product_cat-tiyatro","7":"pa_cilt-ciltsiz","8":"pa_tur-kitap","9":"pa_yayinevi-ithaki-yayinlari","10":"pa_yazar-william-shakespeare","12":"first","13":"instock","14":"sale","15":"shipping-taxable","16":"purchasable","17":"product-type-simple"},"_links":{"self":[{"href":"https:\/\/roveyayinevi.com.tr\/index.php\/wp-json\/wp\/v2\/product\/743542","targetHints":{"allow":["GET"]}}],"collection":[{"href":"https:\/\/roveyayinevi.com.tr\/index.php\/wp-json\/wp\/v2\/product"}],"about":[{"href":"https:\/\/roveyayinevi.com.tr\/index.php\/wp-json\/wp\/v2\/types\/product"}],"wp:attachment":[{"href":"https:\/\/roveyayinevi.com.tr\/index.php\/wp-json\/wp\/v2\/media?parent=743542"}],"wp:term":[{"taxonomy":"product_brand","embeddable":true,"href":"https:\/\/roveyayinevi.com.tr\/index.php\/wp-json\/wp\/v2\/product_brand?post=743542"},{"taxonomy":"product_cat","embeddable":true,"href":"https:\/\/roveyayinevi.com.tr\/index.php\/wp-json\/wp\/v2\/product_cat?post=743542"},{"taxonomy":"product_tag","embeddable":true,"href":"https:\/\/roveyayinevi.com.tr\/index.php\/wp-json\/wp\/v2\/product_tag?post=743542"}],"curies":[{"name":"wp","href":"https:\/\/api.w.org\/{rel}","templated":true}]}}