{"id":743541,"date":"2025-08-28T01:36:59","date_gmt":"2025-08-27T22:36:59","guid":{"rendered":"https:\/\/roveyayinevi.com.tr\/index.php\/urun\/macbeth-7\/"},"modified":"2026-04-16T02:54:48","modified_gmt":"2026-04-15T23:54:48","slug":"macbeth-7","status":"publish","type":"product","link":"https:\/\/roveyayinevi.com.tr\/index.php\/urun\/macbeth-7\/","title":{"rendered":"Macbeth"},"content":{"rendered":"<p>Uyan\u0131n! Uyan\u0131n! Felaket \u00e7an\u0131n\u0131 \u00e7al\u0131n! Cinayet ve ihanet!Glamis Beyi Macbeth sava\u015ftan zaferle d\u00f6nerken \u00fc\u00e7 cad\u0131 taraf\u0131ndan kar\u015f\u0131lan\u0131r. Onu sadece Glamis Beyi olarak de\u011fil, ayn\u0131 zamanda Cawdor Beyi ve gelece\u011fin kral\u0131 diye selamlayan cad\u0131lar\u0131n bu tuhaf kehanetlerle dolu s\u00f6zlerine anlam veremeyen Macbeth, k\u0131sa s\u00fcre sonra Kral Duncan taraf\u0131ndan kendisine ger\u00e7ekten de Cawdor Beyi unvan\u0131 verildi\u011fini \u00f6\u011frenince, krall\u0131k taht\u0131n\u0131 arzulamaya ba\u015flar. Elbette bu arzu, beraberinde ihanet ile cinayeti de getirecek, taht sevdas\u0131 muzaffer bir askerin hayat\u0131na g\u00f6lge d\u00fc\u015f\u00fcrecektir.\u00d6l\u00fcm\u00fcn taklit\u00e7isi bu rahat uykuyu at\u0131n \u00fczerinizden, Gelin de \u00f6l\u00fcm\u00fcn kendisine bak\u0131n!\u0130ngilizcenin en b\u00fcy\u00fck yazar\u0131 William Shakespeare\u2019in unutulmaz yap\u0131t\u0131 Macbeth, ilk kez 1606\u2019da sahnelendi. Yazar\u0131n en k\u0131sa tragedyas\u0131 olan bu eser, ihtiraslar\u0131n ne denli \u00f6l\u00fcmc\u00fcl, iktidar arzusunun ne kadar yok edici olabilece\u011fini anlat\u0131rken, insan\u0131n i\u00e7indeki karanl\u0131\u011f\u0131n nas\u0131l \u015fekillendi\u011fini ad\u0131m ad\u0131m resmediyorMezarlar\u0131n\u0131zdan hortlak gibi y\u00fckselip ruh gibi y\u00fcr\u00fcy\u00fcn Bu deh\u015feti anlamak i\u00e7in!<\/p>\n","protected":false},"excerpt":{"rendered":"<p>Uyan\u0131n! Uyan\u0131n! Felaket \u00e7an\u0131n\u0131 \u00e7al\u0131n! Cinayet ve ihanet!Glamis Beyi Macbeth sava\u015ftan zaferle d\u00f6nerken \u00fc\u00e7 cad\u0131 taraf\u0131ndan kar\u015f\u0131lan\u0131r. Onu sadece Glamis Beyi olarak de\u011fil, ayn\u0131 zamanda Cawdor<span class=\"excerpt-hellip\"> [\u2026]<\/span><\/p>\n","protected":false},"featured_media":0,"template":"","meta":{"_monsterinsights_skip_tracking":false,"_monsterinsights_sitenote_active":false,"_monsterinsights_sitenote_note":"","_monsterinsights_sitenote_category":0},"product_brand":[],"product_cat":[12291,14272],"product_tag":[],"class_list":{"0":"post-743541","1":"product","2":"type-product","3":"status-publish","5":"product_cat-edebiyat","6":"product_cat-tiyatro","7":"pa_cilt-ciltsiz","8":"pa_tur-kitap","9":"pa_yayinevi-ithaki-yayinlari","10":"pa_yazar-william-shakespeare","12":"first","13":"instock","14":"sale","15":"shipping-taxable","16":"purchasable","17":"product-type-simple"},"_links":{"self":[{"href":"https:\/\/roveyayinevi.com.tr\/index.php\/wp-json\/wp\/v2\/product\/743541","targetHints":{"allow":["GET"]}}],"collection":[{"href":"https:\/\/roveyayinevi.com.tr\/index.php\/wp-json\/wp\/v2\/product"}],"about":[{"href":"https:\/\/roveyayinevi.com.tr\/index.php\/wp-json\/wp\/v2\/types\/product"}],"wp:attachment":[{"href":"https:\/\/roveyayinevi.com.tr\/index.php\/wp-json\/wp\/v2\/media?parent=743541"}],"wp:term":[{"taxonomy":"product_brand","embeddable":true,"href":"https:\/\/roveyayinevi.com.tr\/index.php\/wp-json\/wp\/v2\/product_brand?post=743541"},{"taxonomy":"product_cat","embeddable":true,"href":"https:\/\/roveyayinevi.com.tr\/index.php\/wp-json\/wp\/v2\/product_cat?post=743541"},{"taxonomy":"product_tag","embeddable":true,"href":"https:\/\/roveyayinevi.com.tr\/index.php\/wp-json\/wp\/v2\/product_tag?post=743541"}],"curies":[{"name":"wp","href":"https:\/\/api.w.org\/{rel}","templated":true}]}}