{"id":743537,"date":"2025-08-28T01:36:54","date_gmt":"2025-08-27T22:36:54","guid":{"rendered":"https:\/\/roveyayinevi.com.tr\/index.php\/urun\/suc-siir\/"},"modified":"2026-04-16T02:54:48","modified_gmt":"2026-04-15T23:54:48","slug":"suc-siir","status":"publish","type":"product","link":"https:\/\/roveyayinevi.com.tr\/index.php\/urun\/suc-siir\/","title":{"rendered":"Su\u00e7 \u015eiir"},"content":{"rendered":"<p>SU\u00c7 \u015e\u0130\u0130R. bir okuma \u00f6nerisi.\u00dcmit G\u00dc\u00c7L\u00dc, SU\u00c7 \u015e\u0130\u0130R ad\u0131n\u0131 verdi\u011fi okuma \u00f6nerisinde, \u015fiir tarihimize gidip, \u015fairlerin birer su\u00e7luya d\u00f6n\u00fc\u015fmelerinin arkeolojisini sunuyor. B\u0130R OKUMAYA KAPI ARALIYOR.inceledi\u011fi \u015fairlerin su\u00e7 ile ili\u015fkisini a\u00e7\u0131\u011fa \u00e7\u0131kararak, kendisine \u00f6zg\u00fc bir yorum \u00fcretiyor.SU\u00c7 \u015e\u0130\u0130R\u2019de \u015fiirin g\u00fcncel durumlar kar\u015f\u0131nda ne t\u00fcr ironilerle hayat\u0131m\u0131zda yer kaplad\u0131\u011f\u0131 da tart\u0131\u015f\u0131lan di\u011fer ba\u015fl\u0131klar\u0131 olu\u015fturuyor.B\u0130R OKUMA \u00d6NER\u0130S\u0130. iz s\u00fcr\u00fcc\u00fcl\u00fck. YORUMUN KA\u00c7INILMAZ OLARAK DE\u011eERLEND\u0130RMEYE DO\u011eRU EVR\u0130LD\u0130\u011e\u0130 ALANLAR. \u015fiirin en dip noktalar\u0131. A\u015eIRI YORUMLAR. ya\u015fayan ve g\u00fcncel olan. \u015e\u0130\u0130R\u0130N EVRENSEL D\u00dcZEYDE ALGILANI\u015e B\u0130\u00c7\u0130MLER\u0130.Kendi yaz\u0131m s\u00fcrecini de su\u00e7a d\u00f6n\u00fc\u015ft\u00fcrmeye \u00e7al\u0131\u015fan bir yaz\u0131 maceras\u0131.DI\u015eLANMI\u015eLARIN VE YALNIZ BIRAKILANLARIN \u00c7I\u011eLI\u011eISU\u00c7 \u015e\u0130\u0130R (Tan\u0131t\u0131m B\u00fclteninden)<\/p>\n","protected":false},"excerpt":{"rendered":"<p>SU\u00c7 \u015e\u0130\u0130R. bir okuma \u00f6nerisi.\u00dcmit G\u00dc\u00c7L\u00dc, SU\u00c7 \u015e\u0130\u0130R ad\u0131n\u0131 verdi\u011fi okuma \u00f6nerisinde, \u015fiir tarihimize gidip, \u015fairlerin birer su\u00e7luya d\u00f6n\u00fc\u015fmelerinin arkeolojisini sunuyor. B\u0130R OKUMAYA KAPI ARALIYOR.inceledi\u011fi \u015fairlerin<span class=\"excerpt-hellip\"> [\u2026]<\/span><\/p>\n","protected":false},"featured_media":0,"template":"","meta":{"_monsterinsights_skip_tracking":false,"_monsterinsights_sitenote_active":false,"_monsterinsights_sitenote_note":"","_monsterinsights_sitenote_category":0},"product_brand":[],"product_cat":[12291,12509],"product_tag":[],"class_list":{"0":"post-743537","1":"product","2":"type-product","3":"status-publish","5":"product_cat-edebiyat","6":"product_cat-siir","7":"pa_cilt-ciltsiz","8":"pa_tur-kitap","9":"pa_yayinevi-ketebe-yayinlari","10":"pa_yazar-umit-guclu","12":"first","13":"instock","14":"sale","15":"shipping-taxable","16":"purchasable","17":"product-type-simple"},"_links":{"self":[{"href":"https:\/\/roveyayinevi.com.tr\/index.php\/wp-json\/wp\/v2\/product\/743537","targetHints":{"allow":["GET"]}}],"collection":[{"href":"https:\/\/roveyayinevi.com.tr\/index.php\/wp-json\/wp\/v2\/product"}],"about":[{"href":"https:\/\/roveyayinevi.com.tr\/index.php\/wp-json\/wp\/v2\/types\/product"}],"wp:attachment":[{"href":"https:\/\/roveyayinevi.com.tr\/index.php\/wp-json\/wp\/v2\/media?parent=743537"}],"wp:term":[{"taxonomy":"product_brand","embeddable":true,"href":"https:\/\/roveyayinevi.com.tr\/index.php\/wp-json\/wp\/v2\/product_brand?post=743537"},{"taxonomy":"product_cat","embeddable":true,"href":"https:\/\/roveyayinevi.com.tr\/index.php\/wp-json\/wp\/v2\/product_cat?post=743537"},{"taxonomy":"product_tag","embeddable":true,"href":"https:\/\/roveyayinevi.com.tr\/index.php\/wp-json\/wp\/v2\/product_tag?post=743537"}],"curies":[{"name":"wp","href":"https:\/\/api.w.org\/{rel}","templated":true}]}}