{"id":743531,"date":"2025-08-28T01:36:46","date_gmt":"2025-08-27T22:36:46","guid":{"rendered":"https:\/\/roveyayinevi.com.tr\/index.php\/urun\/dede-korkut-ile-degerler-egitimi-set-5-kitap\/"},"modified":"2026-04-16T02:54:48","modified_gmt":"2026-04-15T23:54:48","slug":"dede-korkut-ile-degerler-egitimi-set-5-kitap","status":"publish","type":"product","link":"https:\/\/roveyayinevi.com.tr\/index.php\/urun\/dede-korkut-ile-degerler-egitimi-set-5-kitap\/","title":{"rendered":"Dede Korkut \u0130le De\u011ferler E\u011fitimi Set (5 Kitap)"},"content":{"rendered":"<p>Bams\u0131 Beyrek, Banu \u00c7i\u00e7ek, Bo\u011fa\u00e7 Han&#8230; Hem \u00e7ok cesurlar hem de kahramanl\u0131k yapmaya bay\u0131l\u0131yorlar. Onlar\u0131n birbirinden heyecanl\u0131 maceralar\u0131n\u0131 okurken Bams\u0131 Beyrek&#8217;le Kaf Da\u011f\u0131&#8217;n\u0131 a\u015f\u0131p Devler \u00dclkesi&#8217;ni gezebilir, Basat&#8217;la Tepeg\u00f6z&#8217;\u00fcn g\u00fc\u00e7 y\u00fcz\u00fc\u011f\u00fcn\u00fc alabilmek i\u00e7in nefes kesici bir m\u00fccadeleye dahil olabilirsin. Banu \u00c7i\u00e7ek&#8217;le Periler Diyar\u0131&#8217;n\u0131 ke\u015ffe \u00e7\u0131karken, bir anda kendini Kazan Bey&#8217;in kay\u0131p hazinesinin pe\u015finde bulabilirsin. Bo\u011fa\u00e7 Han&#8217;\u0131n \u00e7ad\u0131r\u0131na gelen me\u00e7hul misafirin s\u0131rr\u0131n\u0131 \u00e7\u00f6zebilmek i\u00e7in harita ve ipu\u00e7lar\u0131ndan faydalanabilirsin.<\/p>\n","protected":false},"excerpt":{"rendered":"<p>Bams\u0131 Beyrek, Banu \u00c7i\u00e7ek, Bo\u011fa\u00e7 Han&#8230; Hem \u00e7ok cesurlar hem de kahramanl\u0131k yapmaya bay\u0131l\u0131yorlar. Onlar\u0131n birbirinden heyecanl\u0131 maceralar\u0131n\u0131 okurken Bams\u0131 Beyrek&#8217;le Kaf Da\u011f\u0131&#8217;n\u0131 a\u015f\u0131p Devler \u00dclkesi&#8217;ni<span class=\"excerpt-hellip\"> [\u2026]<\/span><\/p>\n","protected":false},"featured_media":0,"template":"","meta":{"_monsterinsights_skip_tracking":false,"_monsterinsights_sitenote_active":false,"_monsterinsights_sitenote_note":"","_monsterinsights_sitenote_category":0},"product_brand":[],"product_cat":[12274,12284],"product_tag":[],"class_list":{"0":"post-743531","1":"product","2":"type-product","3":"status-publish","5":"product_cat-cocuk-ve-genclik-kitaplari","6":"product_cat-hikayeler","7":"pa_cilt-set","8":"pa_tur-kitap","9":"pa_yayinevi-timas-cocuk","10":"pa_yazar-ufuk-tufan","12":"first","13":"instock","14":"sale","15":"shipping-taxable","16":"purchasable","17":"product-type-simple"},"_links":{"self":[{"href":"https:\/\/roveyayinevi.com.tr\/index.php\/wp-json\/wp\/v2\/product\/743531","targetHints":{"allow":["GET"]}}],"collection":[{"href":"https:\/\/roveyayinevi.com.tr\/index.php\/wp-json\/wp\/v2\/product"}],"about":[{"href":"https:\/\/roveyayinevi.com.tr\/index.php\/wp-json\/wp\/v2\/types\/product"}],"wp:attachment":[{"href":"https:\/\/roveyayinevi.com.tr\/index.php\/wp-json\/wp\/v2\/media?parent=743531"}],"wp:term":[{"taxonomy":"product_brand","embeddable":true,"href":"https:\/\/roveyayinevi.com.tr\/index.php\/wp-json\/wp\/v2\/product_brand?post=743531"},{"taxonomy":"product_cat","embeddable":true,"href":"https:\/\/roveyayinevi.com.tr\/index.php\/wp-json\/wp\/v2\/product_cat?post=743531"},{"taxonomy":"product_tag","embeddable":true,"href":"https:\/\/roveyayinevi.com.tr\/index.php\/wp-json\/wp\/v2\/product_tag?post=743531"}],"curies":[{"name":"wp","href":"https:\/\/api.w.org\/{rel}","templated":true}]}}