{"id":743530,"date":"2025-08-28T01:36:45","date_gmt":"2025-08-27T22:36:45","guid":{"rendered":"https:\/\/roveyayinevi.com.tr\/index.php\/urun\/buyukbabamin-kocaman-denizi\/"},"modified":"2026-04-11T14:12:39","modified_gmt":"2026-04-11T11:12:39","slug":"buyukbabamin-kocaman-denizi","status":"publish","type":"product","link":"https:\/\/roveyayinevi.com.tr\/index.php\/urun\/buyukbabamin-kocaman-denizi\/","title":{"rendered":"B\u00fcy\u00fckbabam\u0131n Kocaman Denizi"},"content":{"rendered":"<p>R\u00fcya, b\u00fcy\u00fckbabas\u0131n\u0131 ve kul\u00fcbesini ziyaret etmeyi \u00e7ok sever. Ne zaman b\u00fcy\u00fckbabas\u0131n\u0131n yan\u0131na gitse birlikte koya iner ve oyun oynarlar. Fakat b\u00fcy\u00fckbabas\u0131 \u00e7ok ya\u015flanm\u0131\u015ft\u0131r, art\u0131k bacaklar\u0131nda koya inecek g\u00fc\u00e7 yoktur. Yeni oyun yerleri B\u00fcy\u00fckbaba\u2019n\u0131n kul\u00fcbesi olur.Bu kul\u00fcbe, her biri B\u00fcy\u00fckbaba\u2019n\u0131n ge\u00e7mi\u015finden inan\u0131lmaz maceralara sahip olan bir\u00e7ok e\u015fyayla doludur: bir korsan alt\u0131n\u0131, pirin\u00e7 bir teleskop, kokulu bir bal\u0131k a\u011f\u0131\u2026 Ancak baz\u0131 an\u0131lar, sakl\u0131 tutulamayacak kadar b\u00fcy\u00fckt\u00fcr. R\u00fcya, B\u00fcy\u00fckbaba\u2019n\u0131n bu an\u0131lar\u0131n\u0131 hat\u0131rlamas\u0131na nas\u0131l yard\u0131m edebilir?An\u0131lar\u0131 payla\u015fman\u0131n \u00f6nemi hakk\u0131nda ilham verici bir hik\u00e2ye\u2026<\/p>\n","protected":false},"excerpt":{"rendered":"<p>R\u00fcya, b\u00fcy\u00fckbabas\u0131n\u0131 ve kul\u00fcbesini ziyaret etmeyi \u00e7ok sever. Ne zaman b\u00fcy\u00fckbabas\u0131n\u0131n yan\u0131na gitse birlikte koya iner ve oyun oynarlar. Fakat b\u00fcy\u00fckbabas\u0131 \u00e7ok ya\u015flanm\u0131\u015ft\u0131r, art\u0131k bacaklar\u0131nda koya<span class=\"excerpt-hellip\"> [\u2026]<\/span><\/p>\n","protected":false},"featured_media":0,"template":"","meta":{"_monsterinsights_skip_tracking":false,"_monsterinsights_sitenote_active":false,"_monsterinsights_sitenote_note":"","_monsterinsights_sitenote_category":0},"product_brand":[],"product_cat":[12274,12284],"product_tag":[],"class_list":{"0":"post-743530","1":"product","2":"type-product","3":"status-publish","5":"product_cat-cocuk-ve-genclik-kitaplari","6":"product_cat-hikayeler","7":"pa_cilt-ciltsiz","8":"pa_tur-kitap","9":"pa_yayinevi-timas-cocuk","10":"pa_yazar-sylvia-bishop","12":"first","13":"instock","14":"sale","15":"shipping-taxable","16":"purchasable","17":"product-type-simple"},"_links":{"self":[{"href":"https:\/\/roveyayinevi.com.tr\/index.php\/wp-json\/wp\/v2\/product\/743530","targetHints":{"allow":["GET"]}}],"collection":[{"href":"https:\/\/roveyayinevi.com.tr\/index.php\/wp-json\/wp\/v2\/product"}],"about":[{"href":"https:\/\/roveyayinevi.com.tr\/index.php\/wp-json\/wp\/v2\/types\/product"}],"wp:attachment":[{"href":"https:\/\/roveyayinevi.com.tr\/index.php\/wp-json\/wp\/v2\/media?parent=743530"}],"wp:term":[{"taxonomy":"product_brand","embeddable":true,"href":"https:\/\/roveyayinevi.com.tr\/index.php\/wp-json\/wp\/v2\/product_brand?post=743530"},{"taxonomy":"product_cat","embeddable":true,"href":"https:\/\/roveyayinevi.com.tr\/index.php\/wp-json\/wp\/v2\/product_cat?post=743530"},{"taxonomy":"product_tag","embeddable":true,"href":"https:\/\/roveyayinevi.com.tr\/index.php\/wp-json\/wp\/v2\/product_tag?post=743530"}],"curies":[{"name":"wp","href":"https:\/\/api.w.org\/{rel}","templated":true}]}}