{"id":743527,"date":"2025-08-28T01:36:41","date_gmt":"2025-08-27T22:36:41","guid":{"rendered":"https:\/\/roveyayinevi.com.tr\/index.php\/urun\/lale\/"},"modified":"2026-04-16T02:54:48","modified_gmt":"2026-04-15T23:54:48","slug":"lale","status":"publish","type":"product","link":"https:\/\/roveyayinevi.com.tr\/index.php\/urun\/lale\/","title":{"rendered":"Lale"},"content":{"rendered":"<p>Lale\u2019nin hikayesi! Bu Lale ve Fikret\u2019in hikayesi. Asl\u0131nda Lale ve \u00e7ocuklar\u0131n\u0131n\u2026  Edebi bir eser kar\u015f\u0131n\u0131zda. Yo\u011fun olarak ger\u00e7ekler ve olabilecekler romanda ge\u00e7mektedir. Roman\u0131n baz\u0131 yerleri s\u0131ksa da, daha \u00e7ok be\u011fenilen paragraflar ve b\u00f6l\u00fcmler kendini hissettirecektir. Bu hayatta \u00fcnl\u00fc olunur mu? \u00dcnl\u00fc olmakla i\u015f bitiyor mu? Kimin ba\u015f\u0131na neler gelebilir? Isparta\u2019dan \u0130stanbul\u2019a olan bir yolculuk bu. \u0130stanbul\u2019da hayat zor mu? Ve can al\u0131c\u0131 nokta; tilkinin  d\u00f6n\u00fcp dola\u015faca\u011f\u0131 yer ger\u00e7ekten neresidir? Evet; insan\u0131n d\u00f6n\u00fcp dola\u015faca\u011f\u0131 yer ger\u00e7ekten de k\u00fcrk\u00e7\u00fc d\u00fckkan\u0131 m\u0131? Yani insan hep ayn\u0131 m\u0131 kalacak?! Kimi \u00f6yle kimi \u00f6yle de\u011fil asl\u0131nda. Yan\u0131l\u0131yor da olabilirim! Peki son durak neresidir, \u015fu paragrafta? Paragraf\u0131n sonu de\u011fil mi!? Ya yarat\u0131lman\u0131n sonu?.. Laleyle g\u00fcl\u00fcp Laleyle a\u011flayaca\u011f\u0131z, bu romanda. \u0130yi insanlar hi\u00e7 yok mu, \u015fu hayatta? Varsa da hangi sokakta?.. Not alan var m\u0131, bu romanda?!<\/p>\n","protected":false},"excerpt":{"rendered":"<p>Lale\u2019nin hikayesi! Bu Lale ve Fikret\u2019in hikayesi. Asl\u0131nda Lale ve \u00e7ocuklar\u0131n\u0131n\u2026 Edebi bir eser kar\u015f\u0131n\u0131zda. Yo\u011fun olarak ger\u00e7ekler ve olabilecekler romanda ge\u00e7mektedir. Roman\u0131n baz\u0131 yerleri s\u0131ksa<span class=\"excerpt-hellip\"> [\u2026]<\/span><\/p>\n","protected":false},"featured_media":0,"template":"","meta":{"_monsterinsights_skip_tracking":false,"_monsterinsights_sitenote_active":false,"_monsterinsights_sitenote_note":"","_monsterinsights_sitenote_category":0},"product_brand":[],"product_cat":[12291,12711],"product_tag":[],"class_list":{"0":"post-743527","1":"product","2":"type-product","3":"status-publish","5":"product_cat-edebiyat","6":"product_cat-roman-oyku","7":"pa_cilt-ciltsiz","8":"pa_tur-kitap","9":"pa_yayinevi-platanus-publishing","10":"pa_yazar-furkan-altunbas","12":"first","13":"instock","14":"sale","15":"shipping-taxable","16":"purchasable","17":"product-type-simple"},"_links":{"self":[{"href":"https:\/\/roveyayinevi.com.tr\/index.php\/wp-json\/wp\/v2\/product\/743527","targetHints":{"allow":["GET"]}}],"collection":[{"href":"https:\/\/roveyayinevi.com.tr\/index.php\/wp-json\/wp\/v2\/product"}],"about":[{"href":"https:\/\/roveyayinevi.com.tr\/index.php\/wp-json\/wp\/v2\/types\/product"}],"wp:attachment":[{"href":"https:\/\/roveyayinevi.com.tr\/index.php\/wp-json\/wp\/v2\/media?parent=743527"}],"wp:term":[{"taxonomy":"product_brand","embeddable":true,"href":"https:\/\/roveyayinevi.com.tr\/index.php\/wp-json\/wp\/v2\/product_brand?post=743527"},{"taxonomy":"product_cat","embeddable":true,"href":"https:\/\/roveyayinevi.com.tr\/index.php\/wp-json\/wp\/v2\/product_cat?post=743527"},{"taxonomy":"product_tag","embeddable":true,"href":"https:\/\/roveyayinevi.com.tr\/index.php\/wp-json\/wp\/v2\/product_tag?post=743527"}],"curies":[{"name":"wp","href":"https:\/\/api.w.org\/{rel}","templated":true}]}}