{"id":743526,"date":"2025-08-28T01:36:40","date_gmt":"2025-08-27T22:36:40","guid":{"rendered":"https:\/\/roveyayinevi.com.tr\/index.php\/urun\/kum-tanesi-sand-korn\/"},"modified":"2026-04-16T02:54:48","modified_gmt":"2026-04-15T23:54:48","slug":"kum-tanesi-sand-korn","status":"publish","type":"product","link":"https:\/\/roveyayinevi.com.tr\/index.php\/urun\/kum-tanesi-sand-korn\/","title":{"rendered":"Kum Tanesi \/ Sand Korn"},"content":{"rendered":"<p>\u0130nsan\u0131n varl\u0131\u011f\u0131 etik ilkeleri ile vah\u015fi do\u011fas\u0131 aras\u0131nda s\u0131k\u0131\u015fm\u0131\u015f gelgitlerle sallat\u0131da da olsa, insan as\u0131l benli\u011fini buldu\u011funda kendisinin de\u011fersiz bir varl\u0131k olmad\u0131\u011f\u0131n\u0131 kavrar, bu olgu ego de\u011fil \u00d6zsevginin ortaya \u00e7\u0131k\u0131\u015f\u0131d\u0131r.<\/p>\n","protected":false},"excerpt":{"rendered":"<p>\u0130nsan\u0131n varl\u0131\u011f\u0131 etik ilkeleri ile vah\u015fi do\u011fas\u0131 aras\u0131nda s\u0131k\u0131\u015fm\u0131\u015f gelgitlerle sallat\u0131da da olsa, insan as\u0131l benli\u011fini buldu\u011funda kendisinin de\u011fersiz bir varl\u0131k olmad\u0131\u011f\u0131n\u0131 kavrar, bu olgu ego<span class=\"excerpt-hellip\"> [\u2026]<\/span><\/p>\n","protected":false},"featured_media":0,"template":"","meta":{"_monsterinsights_skip_tracking":false,"_monsterinsights_sitenote_active":false,"_monsterinsights_sitenote_note":"","_monsterinsights_sitenote_category":0},"product_brand":[],"product_cat":[12777,12291],"product_tag":[],"class_list":{"0":"post-743526","1":"product","2":"type-product","3":"status-publish","5":"product_cat-deneme","6":"product_cat-edebiyat","7":"pa_cilt-ciltsiz","8":"pa_tur-kitap","9":"pa_yayinevi-platanus-publishing","10":"pa_yazar-umit-ozer","12":"first","13":"instock","14":"sale","15":"shipping-taxable","16":"purchasable","17":"product-type-simple"},"_links":{"self":[{"href":"https:\/\/roveyayinevi.com.tr\/index.php\/wp-json\/wp\/v2\/product\/743526","targetHints":{"allow":["GET"]}}],"collection":[{"href":"https:\/\/roveyayinevi.com.tr\/index.php\/wp-json\/wp\/v2\/product"}],"about":[{"href":"https:\/\/roveyayinevi.com.tr\/index.php\/wp-json\/wp\/v2\/types\/product"}],"wp:attachment":[{"href":"https:\/\/roveyayinevi.com.tr\/index.php\/wp-json\/wp\/v2\/media?parent=743526"}],"wp:term":[{"taxonomy":"product_brand","embeddable":true,"href":"https:\/\/roveyayinevi.com.tr\/index.php\/wp-json\/wp\/v2\/product_brand?post=743526"},{"taxonomy":"product_cat","embeddable":true,"href":"https:\/\/roveyayinevi.com.tr\/index.php\/wp-json\/wp\/v2\/product_cat?post=743526"},{"taxonomy":"product_tag","embeddable":true,"href":"https:\/\/roveyayinevi.com.tr\/index.php\/wp-json\/wp\/v2\/product_tag?post=743526"}],"curies":[{"name":"wp","href":"https:\/\/api.w.org\/{rel}","templated":true}]}}