{"id":743525,"date":"2025-08-28T01:36:38","date_gmt":"2025-08-27T22:36:38","guid":{"rendered":"https:\/\/roveyayinevi.com.tr\/index.php\/urun\/bitirim-ikili-amazon-ormanlarinda\/"},"modified":"2026-04-03T02:58:41","modified_gmt":"2026-04-02T23:58:41","slug":"bitirim-ikili-amazon-ormanlarinda","status":"publish","type":"product","link":"https:\/\/roveyayinevi.com.tr\/index.php\/urun\/bitirim-ikili-amazon-ormanlarinda\/","title":{"rendered":"Bitirim \u0130kili Amazon Ormanlar\u0131&#8217;nda"},"content":{"rendered":"<p>Bitirim \u0130kili olarak bilinen kahramanlar\u0131m\u0131z Avni ile Nuri ajan olarak, K\u00d6FTE isimli te\u015fkilat taraf\u0131ndan verilen g\u00f6revleri her zamanki gibi gayet ciddiye al\u0131yorlar. B\u00f6ylece \u201cK\u00f6t\u00fclerle ve Felaketlerle M\u00fccadele\u201d edip iyi bir ajan olma yolunda emin ad\u0131mlarla ilerliyorlar\u2026U\u00e7uk ka\u00e7\u0131k iki arkada\u015f, k\u00f6t\u00fclerle ve felaketlerle m\u00fccadele etmek i\u00e7in bu kez d\u00fcnyan\u0131n akci\u011ferleri Amazonlar\u2019da! Yine R\u00fcstem\u2019in pe\u015findeler, hem de Amazon Ormanlar\u0131\u2019nda!Bu iki deli dolu arkada\u015f, aksiyon ve e\u011flence dolu maceralar\u0131nda hem R\u00fcstem\u2019i yakalamaya \u00e7al\u0131\u015facaklar hem de Amazon Ormanlar\u0131\u2019n\u0131 ke\u015ffedecekler! Heyecan\u0131n ve merak duygusunun eksik olmad\u0131\u011f\u0131; \u015fa\u015f\u0131rtan kurgusuyla okuyanlar\u0131 yerinden hoplatacak, g\u00fclmekten k\u0131r\u0131p ge\u00e7irecek, aksiyon dolu bir \u201cAmazon Ormanlar\u0131\u2019nda\u201d maceras\u0131na haz\u0131r olun!<\/p>\n","protected":false},"excerpt":{"rendered":"<p>Bitirim \u0130kili olarak bilinen kahramanlar\u0131m\u0131z Avni ile Nuri ajan olarak, K\u00d6FTE isimli te\u015fkilat taraf\u0131ndan verilen g\u00f6revleri her zamanki gibi gayet ciddiye al\u0131yorlar. B\u00f6ylece \u201cK\u00f6t\u00fclerle ve Felaketlerle<span class=\"excerpt-hellip\"> [\u2026]<\/span><\/p>\n","protected":false},"featured_media":0,"template":"","meta":{"_monsterinsights_skip_tracking":false,"_monsterinsights_sitenote_active":false,"_monsterinsights_sitenote_note":"","_monsterinsights_sitenote_category":0},"product_brand":[],"product_cat":[12274,12284],"product_tag":[],"class_list":{"0":"post-743525","1":"product","2":"type-product","3":"status-publish","5":"product_cat-cocuk-ve-genclik-kitaplari","6":"product_cat-hikayeler","7":"pa_cilt-ciltsiz","8":"pa_tur-kitap","9":"pa_yayinevi-timas-cocuk","10":"pa_yazar-mustafa-orakci","12":"first","13":"instock","14":"sale","15":"shipping-taxable","16":"purchasable","17":"product-type-simple"},"_links":{"self":[{"href":"https:\/\/roveyayinevi.com.tr\/index.php\/wp-json\/wp\/v2\/product\/743525","targetHints":{"allow":["GET"]}}],"collection":[{"href":"https:\/\/roveyayinevi.com.tr\/index.php\/wp-json\/wp\/v2\/product"}],"about":[{"href":"https:\/\/roveyayinevi.com.tr\/index.php\/wp-json\/wp\/v2\/types\/product"}],"wp:attachment":[{"href":"https:\/\/roveyayinevi.com.tr\/index.php\/wp-json\/wp\/v2\/media?parent=743525"}],"wp:term":[{"taxonomy":"product_brand","embeddable":true,"href":"https:\/\/roveyayinevi.com.tr\/index.php\/wp-json\/wp\/v2\/product_brand?post=743525"},{"taxonomy":"product_cat","embeddable":true,"href":"https:\/\/roveyayinevi.com.tr\/index.php\/wp-json\/wp\/v2\/product_cat?post=743525"},{"taxonomy":"product_tag","embeddable":true,"href":"https:\/\/roveyayinevi.com.tr\/index.php\/wp-json\/wp\/v2\/product_tag?post=743525"}],"curies":[{"name":"wp","href":"https:\/\/api.w.org\/{rel}","templated":true}]}}