{"id":743524,"date":"2025-08-28T01:36:37","date_gmt":"2025-08-27T22:36:37","guid":{"rendered":"https:\/\/roveyayinevi.com.tr\/index.php\/urun\/banu-cicek-periler-diyarinda\/"},"modified":"2026-04-16T02:54:48","modified_gmt":"2026-04-15T23:54:48","slug":"banu-cicek-periler-diyarinda","status":"publish","type":"product","link":"https:\/\/roveyayinevi.com.tr\/index.php\/urun\/banu-cicek-periler-diyarinda\/","title":{"rendered":"Banu \u00c7i\u00e7ek Periler Diyar\u0131&#8217;nda"},"content":{"rendered":"<p>Banu \u00c7i\u00e7ek\u2019in babas\u0131 \u00f6nemli bir sefere gider. Banu \u00c7i\u00e7ek, babas\u0131n\u0131n davetini beklerken onunla ilgili Dede Korkut\u2019tan bir haber al\u0131r. Hemen arkada\u015f\u0131 ve at\u0131yla Periler Diyar\u0131\u2019na yola koyulur. Periler Diyar\u0131\u2019nda onlar\u0131 bekleyen ac\u0131mas\u0131z bir d\u00fc\u015fman vard\u0131r. Banu \u00c7i\u00e7ek bunlar\u0131n \u00fcst\u00fcnden gelebilecek mi? Heyecan dolu bir maceraya haz\u0131r olun. <\/p>\n","protected":false},"excerpt":{"rendered":"<p>Banu \u00c7i\u00e7ek\u2019in babas\u0131 \u00f6nemli bir sefere gider. Banu \u00c7i\u00e7ek, babas\u0131n\u0131n davetini beklerken onunla ilgili Dede Korkut\u2019tan bir haber al\u0131r. Hemen arkada\u015f\u0131 ve at\u0131yla Periler Diyar\u0131\u2019na yola<span class=\"excerpt-hellip\"> [\u2026]<\/span><\/p>\n","protected":false},"featured_media":0,"template":"","meta":{"_monsterinsights_skip_tracking":false,"_monsterinsights_sitenote_active":false,"_monsterinsights_sitenote_note":"","_monsterinsights_sitenote_category":0},"product_brand":[],"product_cat":[12274,12284],"product_tag":[],"class_list":{"0":"post-743524","1":"product","2":"type-product","3":"status-publish","5":"product_cat-cocuk-ve-genclik-kitaplari","6":"product_cat-hikayeler","7":"pa_cilt-ciltsiz","8":"pa_tur-kitap","9":"pa_yayinevi-timas-cocuk","10":"pa_yazar-ufuk-tufan","12":"first","13":"instock","14":"sale","15":"shipping-taxable","16":"purchasable","17":"product-type-simple"},"_links":{"self":[{"href":"https:\/\/roveyayinevi.com.tr\/index.php\/wp-json\/wp\/v2\/product\/743524","targetHints":{"allow":["GET"]}}],"collection":[{"href":"https:\/\/roveyayinevi.com.tr\/index.php\/wp-json\/wp\/v2\/product"}],"about":[{"href":"https:\/\/roveyayinevi.com.tr\/index.php\/wp-json\/wp\/v2\/types\/product"}],"wp:attachment":[{"href":"https:\/\/roveyayinevi.com.tr\/index.php\/wp-json\/wp\/v2\/media?parent=743524"}],"wp:term":[{"taxonomy":"product_brand","embeddable":true,"href":"https:\/\/roveyayinevi.com.tr\/index.php\/wp-json\/wp\/v2\/product_brand?post=743524"},{"taxonomy":"product_cat","embeddable":true,"href":"https:\/\/roveyayinevi.com.tr\/index.php\/wp-json\/wp\/v2\/product_cat?post=743524"},{"taxonomy":"product_tag","embeddable":true,"href":"https:\/\/roveyayinevi.com.tr\/index.php\/wp-json\/wp\/v2\/product_tag?post=743524"}],"curies":[{"name":"wp","href":"https:\/\/api.w.org\/{rel}","templated":true}]}}