{"id":743523,"date":"2025-08-28T01:36:36","date_gmt":"2025-08-27T22:36:36","guid":{"rendered":"https:\/\/roveyayinevi.com.tr\/index.php\/urun\/bamsi-beyrek-devler-ulkesinde\/"},"modified":"2026-04-16T02:54:48","modified_gmt":"2026-04-15T23:54:48","slug":"bamsi-beyrek-devler-ulkesinde","status":"publish","type":"product","link":"https:\/\/roveyayinevi.com.tr\/index.php\/urun\/bamsi-beyrek-devler-ulkesinde\/","title":{"rendered":"Bams\u0131 Beyrek Devler \u00dclkesi&#8217;nde"},"content":{"rendered":"<p>Yeni diyarlar g\u00f6rmek i\u00e7in Devler \u00dclkesi\u2019ne do\u011fru yola \u00e7\u0131kan bir grup kahraman\u0131n ba\u015f\u0131na gelenlere tan\u0131k olmaya haz\u0131r m\u0131s\u0131n\u0131z? Bams\u0131 ve arkada\u015flar\u0131 Devlerin, T\u00fcrklerin elinden \u00e7ald\u0131\u011f\u0131 de\u011ferli ta\u015f\u0131 alabilecek mi yoksa Devler\u2019e esir mi d\u00fc\u015fecekler?<\/p>\n","protected":false},"excerpt":{"rendered":"<p>Yeni diyarlar g\u00f6rmek i\u00e7in Devler \u00dclkesi\u2019ne do\u011fru yola \u00e7\u0131kan bir grup kahraman\u0131n ba\u015f\u0131na gelenlere tan\u0131k olmaya haz\u0131r m\u0131s\u0131n\u0131z? Bams\u0131 ve arkada\u015flar\u0131 Devlerin, T\u00fcrklerin elinden \u00e7ald\u0131\u011f\u0131 de\u011ferli<span class=\"excerpt-hellip\"> [\u2026]<\/span><\/p>\n","protected":false},"featured_media":0,"template":"","meta":{"_monsterinsights_skip_tracking":false,"_monsterinsights_sitenote_active":false,"_monsterinsights_sitenote_note":"","_monsterinsights_sitenote_category":0},"product_brand":[],"product_cat":[12274,12284],"product_tag":[],"class_list":{"0":"post-743523","1":"product","2":"type-product","3":"status-publish","5":"product_cat-cocuk-ve-genclik-kitaplari","6":"product_cat-hikayeler","7":"pa_cilt-ciltsiz","8":"pa_tur-kitap","9":"pa_yayinevi-timas-cocuk","10":"pa_yazar-ufuk-tufan","12":"first","13":"instock","14":"sale","15":"shipping-taxable","16":"purchasable","17":"product-type-simple"},"_links":{"self":[{"href":"https:\/\/roveyayinevi.com.tr\/index.php\/wp-json\/wp\/v2\/product\/743523","targetHints":{"allow":["GET"]}}],"collection":[{"href":"https:\/\/roveyayinevi.com.tr\/index.php\/wp-json\/wp\/v2\/product"}],"about":[{"href":"https:\/\/roveyayinevi.com.tr\/index.php\/wp-json\/wp\/v2\/types\/product"}],"wp:attachment":[{"href":"https:\/\/roveyayinevi.com.tr\/index.php\/wp-json\/wp\/v2\/media?parent=743523"}],"wp:term":[{"taxonomy":"product_brand","embeddable":true,"href":"https:\/\/roveyayinevi.com.tr\/index.php\/wp-json\/wp\/v2\/product_brand?post=743523"},{"taxonomy":"product_cat","embeddable":true,"href":"https:\/\/roveyayinevi.com.tr\/index.php\/wp-json\/wp\/v2\/product_cat?post=743523"},{"taxonomy":"product_tag","embeddable":true,"href":"https:\/\/roveyayinevi.com.tr\/index.php\/wp-json\/wp\/v2\/product_tag?post=743523"}],"curies":[{"name":"wp","href":"https:\/\/api.w.org\/{rel}","templated":true}]}}