{"id":743522,"date":"2025-08-28T01:36:35","date_gmt":"2025-08-27T22:36:35","guid":{"rendered":"https:\/\/roveyayinevi.com.tr\/index.php\/urun\/sosyal-hayvan\/"},"modified":"2026-04-16T02:54:48","modified_gmt":"2026-04-15T23:54:48","slug":"sosyal-hayvan","status":"publish","type":"product","link":"https:\/\/roveyayinevi.com.tr\/index.php\/urun\/sosyal-hayvan\/","title":{"rendered":"Sosyal Hayvan"},"content":{"rendered":"<p>\u201cKlasik bir \u00e7al\u0131\u015fma modern \u00e7a\u011fa ta\u015f\u0131nm\u0131\u015f ve sonu\u00e7 hem tam zaman\u0131nda hem de zaman\u0131n \u00f6tesinde olmu\u015f. Bilgelik, \u00e7a\u011fda\u015f bilim, ki\u015fisel \u00f6yk\u00fcler ve zorluklarla ula\u015f\u0131lm\u0131\u015f ger\u00e7ekleri ustaca \u00f6ren Sosyal Hayvan sosyal psikoloji alan\u0131nda yaz\u0131lan gelmi\u015f ge\u00e7mi\u015f en iyi kitap olarak kalmaya devam ediyor.\u201d                                             \u2014Daniel Gilbert, Harvard \u00dcniversitesi, Stumbling on Happiness\u2019in yazar\u0131   \u201cSosyal Hayvan\u2019\u0131n ilk bas\u0131m\u0131n\u0131 okudu\u011fumda, i\u00e7indeki g\u00f6r\u00fc\u015f zenginli\u011fi bana \u00e7arp\u0131c\u0131 gelmi\u015fti. Bu en yeni bas\u0131m ve bu g\u00f6r\u00fc\u015flerin modern olaylar kar\u015f\u0131s\u0131ndaki ge\u00e7erlili\u011fi \u015fimdi bana bir misli daha \u00e7arp\u0131c\u0131 geliyor.\u201d                         \u2014Robert B. Cialdini, Influence and Pre-Suasion\u2019un yazar\u0131   \u201cBu, zaman\u0131m\u0131z\u0131n iki b\u00fcy\u00fck d\u00fc\u015f\u00fcn\u00fcr\u00fc taraf\u0131ndan yaz\u0131lm\u0131\u015f, en \u00f6nemli sosyal bilim kitaplar\u0131ndan biri \u2013ve psikolog olmama b\u00fcy\u00fck \u00f6l\u00e7\u00fcde vesile olmu\u015f bir eser.\u201d      \u2014Adam Grant, Pennsylvania \u00dcniversitesi, Give and Take, Originals ve Sheryl Sandberg ile Option B\u2019nin yazar\u0131   \u201cBu konu hakk\u0131ndaki favori kitab\u0131m \u2013ve bir sosyal psikoloji profes\u00f6r\u00fcn\u00fcn o\u011fluyum! Aronson s\u0131radan insanla (ben) ve akademisyenle (babam) ayn\u0131 etkili dille konu\u015fmay\u0131 ba\u015far\u0131yor. Temellerini akademiden almakla birlikte, Sosyal Hayvan Malcolm Gladwell ve Chuck Closterman\u2019\u0131n eserlerinden herhangi biriymi\u015f gibi \u00e7a\u011fda\u015f ve e\u011flenceli bir his veriyor.\u201d                                 \u2014Jesse Eisenberg, akt\u00f6r ve yazar   \u201cParlak \u00fcslubuyla bu yeni bas\u0131m \u00f6nceki bas\u0131mlar\u0131n t\u00fcm zarafet ve bilgeli\u011fine sahip, fakat ele ald\u0131\u011f\u0131 toplumsal konular bug\u00fcn\u00fcn sorunlar\u0131.\u201d                               \u2014Phoebe Ellsworth, Michigan \u00dcniversitesi \u201cSosyal Hayvan, sosyal psikolojinin en sayg\u0131n kurumlar\u0131ndan biridir. En yeni bas\u0131m\u0131nda, Sosyal Hayvan bilimsel metodun g\u00fcc\u00fcn\u00fc ve \u00f6nemini sayfalar\u0131n ak\u0131p gitmesini sa\u011flayan anlat\u0131m bi\u00e7imiyle birle\u015ftiren e\u015fsiz ba\u015far\u0131s\u0131n\u0131 m\u00fckemmele ta\u015f\u0131m\u0131\u015f.\u201d                                        \u2014Eli J. Finkel, Northwestern \u00dcniversitesi, All-or-Nothing Marriage\u2019\u0131n yazar\u0131   \u201c\u0130ki \u00f6nde gelen sosyal psikolog, sosyal psikoloji alan\u0131n\u0131n en s\u00fcr\u00fckleyici, en nefis kitab\u0131n\u0131 \u00fcretti.\u201d                         \u2014Elizabeth Loftus, Kaliforniya \u00dcniversitesi, Irvine   \u201cHer bilim dal\u0131n\u0131n okurlar\u0131n\u0131n hayal g\u00fcc\u00fcn\u00fc, bu bilimi uygulaman\u0131n heyecan\u0131n\u0131 ya\u015fatacak kadar hareketlendiren bir kitaba ihtiyac\u0131 vard\u0131r. Sosyal psikoloji i\u00e7in, bu kitap Sosyal Hayvan\u2019d\u0131r. Baba Aronson bu kurumla\u015fm\u0131\u015f kitab\u0131n arkas\u0131ndaki dikkat \u00e7ekici sesi geli\u015ftirmi\u015f, o\u011ful Aronson ise bu sesi s\u00fcrd\u00fcrerek kitab\u0131n kapsam\u0131n\u0131 en g\u00fcncel ara\u015ft\u0131rmalara ta\u015f\u0131m\u0131\u015ft\u0131r. Sosyal Hayvan, \u015fimdi her zamankinden daha g\u00fc\u00e7l\u00fc!\u201d                        \u2014Claude Steele \u201cSosyal Hayvan bir ba\u015fyap\u0131tt\u0131r.\u201d                             \u2014Contemporary Psycholog \u0130\u00e7indekiler;\u00b7         Sosyal Psikoloji Nedir? \u00b7         Sosyal Bili\u015f \u00b7         Kendini Hakl\u0131 \u00c7\u0131karma \u00b7         Konformite \u00b7         Kitle \u0130leti\u015fimi, Propaganda ve \u0130kna \u00b7         \u0130nsan Sald\u0131rganl\u0131\u011f\u0131 \u00b7         \u00d6nyarg\u0131 \u00b7         Ho\u015flanma, Sevme ve Ba\u011f Kurma \u00b7     Bir Bilim Olarak Sosyal Psikoloji <\/p>\n","protected":false},"excerpt":{"rendered":"<p>\u201cKlasik bir \u00e7al\u0131\u015fma modern \u00e7a\u011fa ta\u015f\u0131nm\u0131\u015f ve sonu\u00e7 hem tam zaman\u0131nda hem de zaman\u0131n \u00f6tesinde olmu\u015f. Bilgelik, \u00e7a\u011fda\u015f bilim, ki\u015fisel \u00f6yk\u00fcler ve zorluklarla ula\u015f\u0131lm\u0131\u015f ger\u00e7ekleri ustaca<span class=\"excerpt-hellip\"> [\u2026]<\/span><\/p>\n","protected":false},"featured_media":0,"template":"","meta":{"_monsterinsights_skip_tracking":false,"_monsterinsights_sitenote_active":false,"_monsterinsights_sitenote_note":"","_monsterinsights_sitenote_category":0},"product_brand":[],"product_cat":[13005,40995],"product_tag":[],"class_list":{"0":"post-743522","1":"product","2":"type-product","3":"status-publish","5":"product_cat-bilim-muhendislik","6":"product_cat-sosyal-bilimler","7":"pa_cilt-ciltsiz","8":"pa_tur-kitap","9":"pa_yayinevi-literatur-yayinevi","10":"pa_yazar-elliot-aronson-joshua-aronson","12":"first","13":"instock","14":"sale","15":"shipping-taxable","16":"purchasable","17":"product-type-simple"},"_links":{"self":[{"href":"https:\/\/roveyayinevi.com.tr\/index.php\/wp-json\/wp\/v2\/product\/743522","targetHints":{"allow":["GET"]}}],"collection":[{"href":"https:\/\/roveyayinevi.com.tr\/index.php\/wp-json\/wp\/v2\/product"}],"about":[{"href":"https:\/\/roveyayinevi.com.tr\/index.php\/wp-json\/wp\/v2\/types\/product"}],"wp:attachment":[{"href":"https:\/\/roveyayinevi.com.tr\/index.php\/wp-json\/wp\/v2\/media?parent=743522"}],"wp:term":[{"taxonomy":"product_brand","embeddable":true,"href":"https:\/\/roveyayinevi.com.tr\/index.php\/wp-json\/wp\/v2\/product_brand?post=743522"},{"taxonomy":"product_cat","embeddable":true,"href":"https:\/\/roveyayinevi.com.tr\/index.php\/wp-json\/wp\/v2\/product_cat?post=743522"},{"taxonomy":"product_tag","embeddable":true,"href":"https:\/\/roveyayinevi.com.tr\/index.php\/wp-json\/wp\/v2\/product_tag?post=743522"}],"curies":[{"name":"wp","href":"https:\/\/api.w.org\/{rel}","templated":true}]}}