{"id":743521,"date":"2025-08-28T01:36:34","date_gmt":"2025-08-27T22:36:34","guid":{"rendered":"https:\/\/roveyayinevi.com.tr\/index.php\/urun\/erime\/"},"modified":"2026-04-16T02:54:48","modified_gmt":"2026-04-15T23:54:48","slug":"erime","status":"publish","type":"product","link":"https:\/\/roveyayinevi.com.tr\/index.php\/urun\/erime\/","title":{"rendered":"Erime"},"content":{"rendered":"<p>Yutu ile b\u00fcy\u00fckannesi karla kapl\u0131, \u00fccra bir k\u00f6yde ya\u015famaktad\u0131r. De\u011fi\u015fen iklim ko\u015fullar\u0131 sebebiyle karlar ve buzlar aniden erimeye ba\u015flar ve her \u015fey bir tehdide d\u00f6ner. Yutu, ava \u00e7\u0131kt\u0131\u011f\u0131 s\u0131rada \u00e7\u00f6ken bir buz y\u00fcz\u00fcnden Kuzey Kutbu bozk\u0131r\u0131nda mahsur kal\u0131r. Bu s\u0131rada k\u00f6yde ya\u015fayan Be de yeni okuluna uyum sa\u011flamaya \u00e7al\u0131\u015fmaktad\u0131r. Be&#8217;nin babas\u0131, bir petrol \u015firketindeki yeni i\u015fine ba\u015flam\u0131\u015ft\u0131r. Ancak i\u015finin arka plan\u0131ndaki \u00e7\u0131karlar bilinmemektedir. Bu iki \u00e7ocu\u011fun hayatlar\u0131 gizemli bir olaydan sonra kesi\u015fir ve \u00f6nlerindeki bu iklim sorunuyla ba\u015fa \u00e7\u0131kmaya \u00e7al\u0131\u015f\u0131rlar.<\/p>\n","protected":false},"excerpt":{"rendered":"<p>Yutu ile b\u00fcy\u00fckannesi karla kapl\u0131, \u00fccra bir k\u00f6yde ya\u015famaktad\u0131r. De\u011fi\u015fen iklim ko\u015fullar\u0131 sebebiyle karlar ve buzlar aniden erimeye ba\u015flar ve her \u015fey bir tehdide d\u00f6ner. Yutu,<span class=\"excerpt-hellip\"> [\u2026]<\/span><\/p>\n","protected":false},"featured_media":0,"template":"","meta":{"_monsterinsights_skip_tracking":false,"_monsterinsights_sitenote_active":false,"_monsterinsights_sitenote_note":"","_monsterinsights_sitenote_category":0},"product_brand":[],"product_cat":[12274,12284],"product_tag":[],"class_list":{"0":"post-743521","1":"product","2":"type-product","3":"status-publish","5":"product_cat-cocuk-ve-genclik-kitaplari","6":"product_cat-hikayeler","7":"pa_cilt-ciltsiz","8":"pa_tur-kitap","9":"pa_yayinevi-genc-timas","10":"pa_yazar-ele-fountain","12":"first","13":"instock","14":"sale","15":"shipping-taxable","16":"purchasable","17":"product-type-simple"},"_links":{"self":[{"href":"https:\/\/roveyayinevi.com.tr\/index.php\/wp-json\/wp\/v2\/product\/743521","targetHints":{"allow":["GET"]}}],"collection":[{"href":"https:\/\/roveyayinevi.com.tr\/index.php\/wp-json\/wp\/v2\/product"}],"about":[{"href":"https:\/\/roveyayinevi.com.tr\/index.php\/wp-json\/wp\/v2\/types\/product"}],"wp:attachment":[{"href":"https:\/\/roveyayinevi.com.tr\/index.php\/wp-json\/wp\/v2\/media?parent=743521"}],"wp:term":[{"taxonomy":"product_brand","embeddable":true,"href":"https:\/\/roveyayinevi.com.tr\/index.php\/wp-json\/wp\/v2\/product_brand?post=743521"},{"taxonomy":"product_cat","embeddable":true,"href":"https:\/\/roveyayinevi.com.tr\/index.php\/wp-json\/wp\/v2\/product_cat?post=743521"},{"taxonomy":"product_tag","embeddable":true,"href":"https:\/\/roveyayinevi.com.tr\/index.php\/wp-json\/wp\/v2\/product_tag?post=743521"}],"curies":[{"name":"wp","href":"https:\/\/api.w.org\/{rel}","templated":true}]}}