{"id":743518,"date":"2025-08-28T01:36:29","date_gmt":"2025-08-27T22:36:29","guid":{"rendered":"https:\/\/roveyayinevi.com.tr\/index.php\/urun\/deniz-kizi-maceralari-4-kitap-derinlerdeki-tehlike\/"},"modified":"2026-04-16T02:54:47","modified_gmt":"2026-04-15T23:54:47","slug":"deniz-kizi-maceralari-4-kitap-derinlerdeki-tehlike","status":"publish","type":"product","link":"https:\/\/roveyayinevi.com.tr\/index.php\/urun\/deniz-kizi-maceralari-4-kitap-derinlerdeki-tehlike\/","title":{"rendered":"Deniz K\u0131z\u0131 Maceralar\u0131 4. Kitap &#8211; Derinlerdeki Tehlike!"},"content":{"rendered":"<p>Deniz K\u0131z\u0131 Maceralar\u0131 4. Kitap Derinlerdeki Tehlike!   Denizin alt\u0131nda p\u0131r\u0131l p\u0131r\u0131l par\u0131ldayan maceralar! Nept\u00fcn \u015fehrinde b\u00fcy\u00fck beyaz k\u00f6pek bal\u0131\u011f\u0131 g\u00f6r\u00fcld\u00fc. Bu haber, Nept\u00fcn Akademisi&#8217;ne dalga dalga yay\u0131ld\u0131, \u00f6\u011frenciler aras\u0131nda korku ve pani\u011fe yol a\u00e7t\u0131. \u0130nci, b\u00fcy\u00fckannesinin hediye etti\u011fi kolyeyi kaybetti ve bunun i\u00e7in Duru&#8217;yu su\u00e7lamaya ba\u015flad\u0131. Duru&#8217;nun yata\u011f\u0131 olan katil balina iskeleti ise oda arkada\u015f\u0131 Damla&#8217;y\u0131 rahats\u0131z ediyordu. \u0130nci, \u00e7ok sevdi\u011fi kolyeyi bulabilecek mi? Duru su\u00e7lamalardan kurtulabilecek mi? Daha da \u00f6nemlisi, b\u00fcy\u00fck beyaz k\u00f6pek bal\u0131\u011f\u0131, Nept\u00fcn Akademisi&#8217;ne sald\u0131racak m\u0131? <\/p>\n","protected":false},"excerpt":{"rendered":"<p>Deniz K\u0131z\u0131 Maceralar\u0131 4. Kitap Derinlerdeki Tehlike! Denizin alt\u0131nda p\u0131r\u0131l p\u0131r\u0131l par\u0131ldayan maceralar! Nept\u00fcn \u015fehrinde b\u00fcy\u00fck beyaz k\u00f6pek bal\u0131\u011f\u0131 g\u00f6r\u00fcld\u00fc. Bu haber, Nept\u00fcn Akademisi&#8217;ne dalga dalga<span class=\"excerpt-hellip\"> [\u2026]<\/span><\/p>\n","protected":false},"featured_media":0,"template":"","meta":{"_monsterinsights_skip_tracking":false,"_monsterinsights_sitenote_active":false,"_monsterinsights_sitenote_note":"","_monsterinsights_sitenote_category":0},"product_brand":[],"product_cat":[12291,14777],"product_tag":[],"class_list":{"0":"post-743518","1":"product","2":"type-product","3":"status-publish","5":"product_cat-edebiyat","6":"product_cat-fantastik","7":"pa_cilt-ciltsiz","8":"pa_tur-kitap","9":"pa_yayinevi-beyaz-balina-yayinlari","10":"pa_yazar-debbie-dadey","12":"first","13":"instock","14":"sale","15":"shipping-taxable","16":"purchasable","17":"product-type-simple"},"_links":{"self":[{"href":"https:\/\/roveyayinevi.com.tr\/index.php\/wp-json\/wp\/v2\/product\/743518","targetHints":{"allow":["GET"]}}],"collection":[{"href":"https:\/\/roveyayinevi.com.tr\/index.php\/wp-json\/wp\/v2\/product"}],"about":[{"href":"https:\/\/roveyayinevi.com.tr\/index.php\/wp-json\/wp\/v2\/types\/product"}],"wp:attachment":[{"href":"https:\/\/roveyayinevi.com.tr\/index.php\/wp-json\/wp\/v2\/media?parent=743518"}],"wp:term":[{"taxonomy":"product_brand","embeddable":true,"href":"https:\/\/roveyayinevi.com.tr\/index.php\/wp-json\/wp\/v2\/product_brand?post=743518"},{"taxonomy":"product_cat","embeddable":true,"href":"https:\/\/roveyayinevi.com.tr\/index.php\/wp-json\/wp\/v2\/product_cat?post=743518"},{"taxonomy":"product_tag","embeddable":true,"href":"https:\/\/roveyayinevi.com.tr\/index.php\/wp-json\/wp\/v2\/product_tag?post=743518"}],"curies":[{"name":"wp","href":"https:\/\/api.w.org\/{rel}","templated":true}]}}