{"id":743517,"date":"2025-08-28T01:36:28","date_gmt":"2025-08-27T22:36:28","guid":{"rendered":"https:\/\/roveyayinevi.com.tr\/index.php\/urun\/deniz-kizi-maceralari-5-kitap-kayip-prenses\/"},"modified":"2026-04-16T02:54:47","modified_gmt":"2026-04-15T23:54:47","slug":"deniz-kizi-maceralari-5-kitap-kayip-prenses","status":"publish","type":"product","link":"https:\/\/roveyayinevi.com.tr\/index.php\/urun\/deniz-kizi-maceralari-5-kitap-kayip-prenses\/","title":{"rendered":"Deniz K\u0131z\u0131 Maceralar\u0131 5. Kitap &#8211; Kay\u0131p Prenses"},"content":{"rendered":"<p>Deniz K\u0131z\u0131 Maceralar\u0131 5. Kitap Kay\u0131p Prenses Denizin alt\u0131nda p\u0131r\u0131l p\u0131r\u0131l par\u0131ldayan maceralar! Sedef bir prenses oldu\u011funu \u00f6\u011frendi. Evet, ger\u00e7ek bir prenses. Nept\u00fcn Akademisi \u00f6\u011frencileri bunu konu\u015fmaya ba\u015flad\u0131lar. Herkes onunla arkada\u015f olmak istiyordu. Ancak Sedef, bundan sonra nas\u0131l davranmas\u0131 gerekti\u011fini bilmiyordu. Okulu b\u0131rak\u0131p kraliyet ailesinin yan\u0131na m\u0131 ta\u015f\u0131nmal\u0131yd\u0131? I\u015f\u0131lt\u0131l\u0131 bir ta\u00e7 takmal\u0131 m\u0131yd\u0131? Ona g\u00f6sterilen ilgiden rahats\u0131z olan Sedef, prenses olarak kal\u0131p eski hayat\u0131na geri d\u00f6nebilecek miydi? <\/p>\n","protected":false},"excerpt":{"rendered":"<p>Deniz K\u0131z\u0131 Maceralar\u0131 5. Kitap Kay\u0131p Prenses Denizin alt\u0131nda p\u0131r\u0131l p\u0131r\u0131l par\u0131ldayan maceralar! Sedef bir prenses oldu\u011funu \u00f6\u011frendi. Evet, ger\u00e7ek bir prenses. Nept\u00fcn Akademisi \u00f6\u011frencileri bunu<span class=\"excerpt-hellip\"> [\u2026]<\/span><\/p>\n","protected":false},"featured_media":0,"template":"","meta":{"_monsterinsights_skip_tracking":false,"_monsterinsights_sitenote_active":false,"_monsterinsights_sitenote_note":"","_monsterinsights_sitenote_category":0},"product_brand":[],"product_cat":[12291,14777],"product_tag":[],"class_list":{"0":"post-743517","1":"product","2":"type-product","3":"status-publish","5":"product_cat-edebiyat","6":"product_cat-fantastik","7":"pa_cilt-ciltsiz","8":"pa_tur-kitap","9":"pa_yayinevi-beyaz-balina-yayinlari","10":"pa_yazar-debbie-dadey","12":"first","13":"instock","14":"sale","15":"shipping-taxable","16":"purchasable","17":"product-type-simple"},"_links":{"self":[{"href":"https:\/\/roveyayinevi.com.tr\/index.php\/wp-json\/wp\/v2\/product\/743517","targetHints":{"allow":["GET"]}}],"collection":[{"href":"https:\/\/roveyayinevi.com.tr\/index.php\/wp-json\/wp\/v2\/product"}],"about":[{"href":"https:\/\/roveyayinevi.com.tr\/index.php\/wp-json\/wp\/v2\/types\/product"}],"wp:attachment":[{"href":"https:\/\/roveyayinevi.com.tr\/index.php\/wp-json\/wp\/v2\/media?parent=743517"}],"wp:term":[{"taxonomy":"product_brand","embeddable":true,"href":"https:\/\/roveyayinevi.com.tr\/index.php\/wp-json\/wp\/v2\/product_brand?post=743517"},{"taxonomy":"product_cat","embeddable":true,"href":"https:\/\/roveyayinevi.com.tr\/index.php\/wp-json\/wp\/v2\/product_cat?post=743517"},{"taxonomy":"product_tag","embeddable":true,"href":"https:\/\/roveyayinevi.com.tr\/index.php\/wp-json\/wp\/v2\/product_tag?post=743517"}],"curies":[{"name":"wp","href":"https:\/\/api.w.org\/{rel}","templated":true}]}}