{"id":743516,"date":"2025-08-28T01:36:26","date_gmt":"2025-08-27T22:36:26","guid":{"rendered":"https:\/\/roveyayinevi.com.tr\/index.php\/urun\/anlatmayi-cok-dusundum\/"},"modified":"2026-04-16T02:54:47","modified_gmt":"2026-04-15T23:54:47","slug":"anlatmayi-cok-dusundum","status":"publish","type":"product","link":"https:\/\/roveyayinevi.com.tr\/index.php\/urun\/anlatmayi-cok-dusundum\/","title":{"rendered":"Anlatmay\u0131 \u00c7ok D\u00fc\u015f\u00fcnd\u00fcm"},"content":{"rendered":"<p>Ailesiyle birlikte Paris&#8217;ten T\u00fcrkiye&#8217;ye ta\u015f\u0131nan Lina ve okulda tan\u0131\u015ft\u0131\u011f\u0131 Asya\u2019n\u0131n ortak y\u00f6n\u00fc, hik\u00e2yelerinin Paris&#8217;te kesi\u015fiyor olmas\u0131d\u0131r. Asya hen\u00fcz k\u00fc\u00e7\u00fckken annesi ve babas\u0131 ayr\u0131l\u0131r ve hi\u00e7 hat\u0131rlamad\u0131\u011f\u0131 babas\u0131 Paris&#8217;te ya\u015famaya ba\u015flar. Lina&#8217;n\u0131n ise kimseyle payla\u015famad\u0131\u011f\u0131, ya\u015fant\u0131s\u0131n\u0131 etkileyen s\u0131rr\u0131 Paris sokaklar\u0131nda gizlidir. \u0130ki dost okulun d\u00fczenledi\u011fi Paris gezisine kat\u0131larak hayatlar\u0131n\u0131 derinden etkileyen bu \u015fehirde kendi hazin hik\u00e2yelerinin devam\u0131n\u0131 getirmek isterler. Paris\u2019e giderek Asya babas\u0131n\u0131 bulabilecek mi? Lina herkesten saklad\u0131\u011f\u0131 olay i\u00e7in adalet aray\u0131\u015f\u0131na d\u00fc\u015fecek mi? Dostlu\u011fun cesaret ve dayan\u0131\u015fmaya olan etkisini g\u00f6steren bu roman, korkuya yenik d\u00fc\u015fmeden birlikte ses \u00e7\u0131karman\u0131n g\u00fcc\u00fcn\u00fc hat\u0131rlat\u0131yor. \u201cSeine Nehri ne kadar g\u00fczel ak\u0131yor,\u201d dedi. \u201cDalgalar\u0131 k\u0131y\u0131y\u0131 nazik\u00e7e ok\u015far gibi ve y\u00f6n\u00fcn\u00fc ileriye \u00e7evirmi\u015f. B\u00fcy\u00fck bir okyanusa d\u00f6k\u00fclece\u011fini biliyor. Orada deniz suyuyla birle\u015fince g\u00fc\u00e7lenip daha da mutlu olacak. Bir de onun \u00f6n\u00fcne bir set \u00e7ektiklerini d\u00fc\u015f\u00fcn. Su setin \u00f6n\u00fcnde birikir ve e\u011fer ba\u015fka bir yol bulamazsa \u00e7evresine ta\u015far. Her yer su alt\u0131nda kal\u0131r de\u011fil mi? \u0130\u015fte benim i\u00e7indeki duygu da buna benziyor Asya. Ancak bu i\u015fi \u00e7\u00f6zersem hayat\u0131n i\u00e7ine bu nehir gibi tasas\u0131zca akabilirim.\u201d <\/p>\n","protected":false},"excerpt":{"rendered":"<p>Ailesiyle birlikte Paris&#8217;ten T\u00fcrkiye&#8217;ye ta\u015f\u0131nan Lina ve okulda tan\u0131\u015ft\u0131\u011f\u0131 Asya\u2019n\u0131n ortak y\u00f6n\u00fc, hik\u00e2yelerinin Paris&#8217;te kesi\u015fiyor olmas\u0131d\u0131r. Asya hen\u00fcz k\u00fc\u00e7\u00fckken annesi ve babas\u0131 ayr\u0131l\u0131r ve hi\u00e7 hat\u0131rlamad\u0131\u011f\u0131<span class=\"excerpt-hellip\"> [\u2026]<\/span><\/p>\n","protected":false},"featured_media":0,"template":"","meta":{"_monsterinsights_skip_tracking":false,"_monsterinsights_sitenote_active":false,"_monsterinsights_sitenote_note":"","_monsterinsights_sitenote_category":0},"product_brand":[],"product_cat":[12274,12284],"product_tag":[],"class_list":{"0":"post-743516","1":"product","2":"type-product","3":"status-publish","5":"product_cat-cocuk-ve-genclik-kitaplari","6":"product_cat-hikayeler","7":"pa_cilt-ciltsiz","8":"pa_tur-kitap","9":"pa_yayinevi-genc-timas","10":"pa_yazar-nehir-aydin-gokduman","12":"first","13":"instock","14":"sale","15":"shipping-taxable","16":"purchasable","17":"product-type-simple"},"_links":{"self":[{"href":"https:\/\/roveyayinevi.com.tr\/index.php\/wp-json\/wp\/v2\/product\/743516","targetHints":{"allow":["GET"]}}],"collection":[{"href":"https:\/\/roveyayinevi.com.tr\/index.php\/wp-json\/wp\/v2\/product"}],"about":[{"href":"https:\/\/roveyayinevi.com.tr\/index.php\/wp-json\/wp\/v2\/types\/product"}],"wp:attachment":[{"href":"https:\/\/roveyayinevi.com.tr\/index.php\/wp-json\/wp\/v2\/media?parent=743516"}],"wp:term":[{"taxonomy":"product_brand","embeddable":true,"href":"https:\/\/roveyayinevi.com.tr\/index.php\/wp-json\/wp\/v2\/product_brand?post=743516"},{"taxonomy":"product_cat","embeddable":true,"href":"https:\/\/roveyayinevi.com.tr\/index.php\/wp-json\/wp\/v2\/product_cat?post=743516"},{"taxonomy":"product_tag","embeddable":true,"href":"https:\/\/roveyayinevi.com.tr\/index.php\/wp-json\/wp\/v2\/product_tag?post=743516"}],"curies":[{"name":"wp","href":"https:\/\/api.w.org\/{rel}","templated":true}]}}