{"id":743508,"date":"2025-08-28T01:36:18","date_gmt":"2025-08-27T22:36:18","guid":{"rendered":"https:\/\/roveyayinevi.com.tr\/index.php\/urun\/nasil-mutlu-olurum\/"},"modified":"2026-04-13T03:01:38","modified_gmt":"2026-04-13T00:01:38","slug":"nasil-mutlu-olurum","status":"publish","type":"product","link":"https:\/\/roveyayinevi.com.tr\/index.php\/urun\/nasil-mutlu-olurum\/","title":{"rendered":"Nas\u0131l Mutlu Olurum?"},"content":{"rendered":"<p>Mutluluk \u00fczerine konu\u015fmak kolay olsa da yazmak \u00e7ok risklidir. Zira herkesin bu konuya ili\u015fkin bir fikri oldu\u011fu gibi mutluluk alg\u0131s\u0131 da tamamen farkl\u0131d\u0131r. Ancak i\u015f, g\u00fcnl\u00fck hayata aktarmaya gelince herkes bir durur. Mutluluk \u00fczerine say\u0131s\u0131z fikir beyan edilse de ki\u015fi, bu soyut fikri nas\u0131l prati\u011fe d\u00f6kece\u011fini, k\u00fc\u00e7\u00fck \u015feylerden nas\u0131l mutluluk yaratabilece\u011fini \u00e7o\u011funlukla bilemez. Sonu\u00e7ta mutlulu\u011fun temel bilimlerdeki gibi genel kabul g\u00f6ren, akla ve mant\u0131\u011fa yak\u0131n bir form\u00fcl\u00fc y\u00fczy\u0131llard\u0131r bulunamam\u0131\u015ft\u0131r. \u0130\u015fte bu kitap tam da bu noktada sizlere ayd\u0131nl\u0131k bir yolun kap\u0131lar\u0131n\u0131 a\u00e7acak ve mutlulu\u011fun gizemine ili\u015fkin birtak\u0131m s\u0131rlar\u0131n ortaya \u00e7\u0131kmas\u0131n\u0131 sa\u011flayacak. Hen\u00fcz yirmi be\u015f ya\u015f\u0131ndayken bir g\u00f6rev d\u00f6n\u00fc\u015f\u00fc ge\u00e7irdi\u011fi trafik kazas\u0131 sonras\u0131 ya\u015fam\u0131n\u0131 tekerlekli sandalye ile s\u00fcrd\u00fcrmek durumunda kalan Y\u00fczba\u015f\u0131 Ozan Bahar\u2019\u0131n deneyimleri e\u015fli\u011finde \u201cNas\u0131l Mutlu Olurum?\u201d sorusunun yan\u0131t\u0131n\u0131 arayacaks\u0131n\u0131z. \u00c7\u00fcnk\u00fc o, en \u00e7aresiz hissetti\u011fi anda bile umut \u0131\u015f\u0131\u011f\u0131n\u0131 g\u00f6rmeyi ba\u015farm\u0131\u015f, ya\u015fama k\u00fcsmek yerine hayat\u0131n i\u00e7indeki anlamlar\u0131 ke\u015ffederek, vazge\u00e7meden yoluna devam etmi\u015f; Y\u00fczba\u015f\u0131 Ozan Bahar iken Prof. Dr. Ozan Bahar\u2019a d\u00f6n\u00fc\u015fm\u00fc\u015ft\u00fc. Ona g\u00f6re mutluluk, d\u00fc\u015f\u00fcnceden ibaretti. Ruhunun ve zihninin derinliklerinde ger\u00e7ek mutlulu\u011fu yakalayabilenler, kaybederken de kazanabilirdi. Bu kitapla; sizler de bakmay\u0131, g\u00f6rmeyi bildi\u011finiz ve ya\u015fam\u0131 anlamland\u0131rmay\u0131 ba\u015farabildi\u011finiz s\u00fcrece mutlulu\u011fun her yerde ye\u015ferebilece\u011fini fark edeceksiniz. Ya\u015fam\u0131n\u0131 yeni ba\u015ftan kurmay\u0131 ba\u015farm\u0131\u015f Prof. Dr. Ozan Bahar\u2019\u0131n rehberli\u011finde i\u00e7inizdeki \u0131\u015f\u0131\u011f\u0131 yakmaya, \u00f6z\u00fcn\u00fczdeki cevhere ula\u015fmaya ve mutlulu\u011fa giden yolda emin ad\u0131mlarla ilerlemeye haz\u0131rsan\u0131z sayfalar\u0131 aralay\u0131n\u2026<\/p>\n","protected":false},"excerpt":{"rendered":"<p>Mutluluk \u00fczerine konu\u015fmak kolay olsa da yazmak \u00e7ok risklidir. Zira herkesin bu konuya ili\u015fkin bir fikri oldu\u011fu gibi mutluluk alg\u0131s\u0131 da tamamen farkl\u0131d\u0131r. Ancak i\u015f, g\u00fcnl\u00fck<span class=\"excerpt-hellip\"> [\u2026]<\/span><\/p>\n","protected":false},"featured_media":0,"template":"","meta":{"_monsterinsights_skip_tracking":false,"_monsterinsights_sitenote_active":false,"_monsterinsights_sitenote_note":"","_monsterinsights_sitenote_category":0},"product_brand":[],"product_cat":[12364,12376],"product_tag":[],"class_list":{"0":"post-743508","1":"product","2":"type-product","3":"status-publish","5":"product_cat-genel-konular","6":"product_cat-kisisel-gelisim","7":"pa_cilt-ciltsiz","8":"pa_tur-kitap","9":"pa_yayinevi-inkilap-kitabevi","10":"pa_yazar-ozan-bahar","12":"first","13":"instock","14":"sale","15":"shipping-taxable","16":"purchasable","17":"product-type-simple"},"_links":{"self":[{"href":"https:\/\/roveyayinevi.com.tr\/index.php\/wp-json\/wp\/v2\/product\/743508","targetHints":{"allow":["GET"]}}],"collection":[{"href":"https:\/\/roveyayinevi.com.tr\/index.php\/wp-json\/wp\/v2\/product"}],"about":[{"href":"https:\/\/roveyayinevi.com.tr\/index.php\/wp-json\/wp\/v2\/types\/product"}],"wp:attachment":[{"href":"https:\/\/roveyayinevi.com.tr\/index.php\/wp-json\/wp\/v2\/media?parent=743508"}],"wp:term":[{"taxonomy":"product_brand","embeddable":true,"href":"https:\/\/roveyayinevi.com.tr\/index.php\/wp-json\/wp\/v2\/product_brand?post=743508"},{"taxonomy":"product_cat","embeddable":true,"href":"https:\/\/roveyayinevi.com.tr\/index.php\/wp-json\/wp\/v2\/product_cat?post=743508"},{"taxonomy":"product_tag","embeddable":true,"href":"https:\/\/roveyayinevi.com.tr\/index.php\/wp-json\/wp\/v2\/product_tag?post=743508"}],"curies":[{"name":"wp","href":"https:\/\/api.w.org\/{rel}","templated":true}]}}