{"id":743506,"date":"2025-08-28T01:36:16","date_gmt":"2025-08-27T22:36:16","guid":{"rendered":"https:\/\/roveyayinevi.com.tr\/index.php\/urun\/karar-ver-planla-harekete-gec\/"},"modified":"2026-04-11T14:12:39","modified_gmt":"2026-04-11T11:12:39","slug":"karar-ver-planla-harekete-gec","status":"publish","type":"product","link":"https:\/\/roveyayinevi.com.tr\/index.php\/urun\/karar-ver-planla-harekete-gec\/","title":{"rendered":"Karar Ver, Planla, Harekete Ge\u00e7"},"content":{"rendered":"<p>Sa\u011fl\u0131kl\u0131 beslenece\u011finize dair kendinize defalarca s\u00f6z verdikten sonra kendinizi kocaman bir dilim \u00e7ikolatal\u0131 pasta yerken buluyor ya da daha planl\u0131 \u00e7al\u0131\u015faca\u011f\u0131n\u0131z\u0131 s\u00f6yledikten sonra yine s\u0131navdan bir g\u00fcn \u00f6nce sabahl\u0131yor olabilirsiniz. \u0130tiraf edelim: Siz de bu durumlardan mutsuzsunuz ve de\u011fi\u015fmeyi diliyorsunuz. Peki gelecekteki versiyonunuza dair hayaller kurmak bile size iyi geliyorken de\u011fi\u015fime karar vermek ve bunu s\u00fcrd\u00fcrmek neden bu kadar zor?D\u00fcnya de\u011fi\u015fiyor, beklentiler art\u0131yor ve bu h\u0131za uyum sa\u011flamak gitgide zorla\u015f\u0131yor. Ak\u0131ll\u0131 cihazlar bile \u00e7a\u011f\u0131n gerisinde kalmamak i\u00e7in g\u00fcncellenirken, b\u00fcy\u00fck de\u011fi\u015fimler kar\u015f\u0131s\u0131nda ayn\u0131 kalman\u0131z pek m\u00fcmk\u00fcn olmasa gerek. Elinizde tuttu\u011funuz kitap, okullarda \u00f6\u011fretilmeyen ama hayat\u0131n\u0131z\u0131 d\u00fczene koymak i\u00e7in ihtiyac\u0131n\u0131z olan bilgileri i\u00e7eriyor ve do\u011fru karar vermekten etkili d\u00fc\u015f\u00fcnmeye, de\u011fi\u015fim yollar\u0131ndan s\u00fcrd\u00fcr\u00fclebilir sistemler kurmaya kadar pek \u00e7ok s\u00fcreci ad\u0131m ad\u0131m i\u015fliyor. Bireysel geli\u015fimin ve ba\u015far\u0131n\u0131n form\u00fcl\u00fcnden ziyade s\u00fcrece odaklanarak davran\u0131\u015flar\u0131 de\u011fi\u015ftirmenin uzun vadedeki faydalar\u0131na odaklan\u0131yor.Ay\u00e7a Karaman\u2019dan Karar Ver, Planla, Harekete Ge\u00e7 durmadan de\u011fi\u015fen d\u00fcnyada i\u015fleyen ve s\u00fcrd\u00fcr\u00fclebilir bir d\u00fczen kurabilmek i\u00e7in ihtiyac\u0131n\u0131z olan bilgileri y\u00f6ntemler ve al\u0131\u015ft\u0131rmalarla peki\u015ftiren interaktif bir ya\u015fam rehberi\u2026<\/p>\n","protected":false},"excerpt":{"rendered":"<p>Sa\u011fl\u0131kl\u0131 beslenece\u011finize dair kendinize defalarca s\u00f6z verdikten sonra kendinizi kocaman bir dilim \u00e7ikolatal\u0131 pasta yerken buluyor ya da daha planl\u0131 \u00e7al\u0131\u015faca\u011f\u0131n\u0131z\u0131 s\u00f6yledikten sonra yine s\u0131navdan bir<span class=\"excerpt-hellip\"> [\u2026]<\/span><\/p>\n","protected":false},"featured_media":0,"template":"","meta":{"_monsterinsights_skip_tracking":false,"_monsterinsights_sitenote_active":false,"_monsterinsights_sitenote_note":"","_monsterinsights_sitenote_category":0},"product_brand":[],"product_cat":[12364,12376],"product_tag":[],"class_list":{"0":"post-743506","1":"product","2":"type-product","3":"status-publish","5":"product_cat-genel-konular","6":"product_cat-kisisel-gelisim","7":"pa_cilt-ciltsiz","8":"pa_tur-kitap","9":"pa_yayinevi-timas-yayinlari","10":"pa_yazar-ayca-karaman","12":"first","13":"instock","14":"sale","15":"shipping-taxable","16":"purchasable","17":"product-type-simple"},"_links":{"self":[{"href":"https:\/\/roveyayinevi.com.tr\/index.php\/wp-json\/wp\/v2\/product\/743506","targetHints":{"allow":["GET"]}}],"collection":[{"href":"https:\/\/roveyayinevi.com.tr\/index.php\/wp-json\/wp\/v2\/product"}],"about":[{"href":"https:\/\/roveyayinevi.com.tr\/index.php\/wp-json\/wp\/v2\/types\/product"}],"wp:attachment":[{"href":"https:\/\/roveyayinevi.com.tr\/index.php\/wp-json\/wp\/v2\/media?parent=743506"}],"wp:term":[{"taxonomy":"product_brand","embeddable":true,"href":"https:\/\/roveyayinevi.com.tr\/index.php\/wp-json\/wp\/v2\/product_brand?post=743506"},{"taxonomy":"product_cat","embeddable":true,"href":"https:\/\/roveyayinevi.com.tr\/index.php\/wp-json\/wp\/v2\/product_cat?post=743506"},{"taxonomy":"product_tag","embeddable":true,"href":"https:\/\/roveyayinevi.com.tr\/index.php\/wp-json\/wp\/v2\/product_tag?post=743506"}],"curies":[{"name":"wp","href":"https:\/\/api.w.org\/{rel}","templated":true}]}}