{"id":743505,"date":"2025-08-28T01:36:14","date_gmt":"2025-08-27T22:36:14","guid":{"rendered":"https:\/\/roveyayinevi.com.tr\/index.php\/urun\/gul-agaci-sana-benzer\/"},"modified":"2026-04-16T02:54:47","modified_gmt":"2026-04-15T23:54:47","slug":"gul-agaci-sana-benzer","status":"publish","type":"product","link":"https:\/\/roveyayinevi.com.tr\/index.php\/urun\/gul-agaci-sana-benzer\/","title":{"rendered":"G\u00fcl A\u011fac\u0131 Sana Benzer"},"content":{"rendered":"<p>Bir yan\u0131nda ge\u00e7mi\u015ften gelen d\u00fc\u015fmanlar\u0131n tehlikesi, bir yan\u0131nda a\u015fk\u0131n en \u00e7etrefil hali: Ensar&#8230;Bahar\u0131n\u0131n en g\u00fczel g\u00fcnlerinde g\u00f6nl\u00fcn\u00fc kapt\u0131rd\u0131\u011f\u0131 sevdas\u0131na koyu g\u00f6lgeler d\u00fc\u015fen R\u00fcveyda&#8230;\u0130ki dost aile: Ortakl\u0131klar, kay\u0131plar, yaln\u0131zl\u0131klar ama g\u00fcn\u00fcn sonunda birbirinin yaras\u0131n\u0131 a\u015fk ve imanla saran insanlar&#8230;Mutlu bir gelecek i\u00e7in g\u00f6n\u00fclleri titreyen Ensar ve R\u00fcveyda vuslata eremeden ayr\u0131 d\u00fc\u015ferler. \u0130kisinin de ge\u00e7mi\u015finde gizlenen s\u0131rlar ve karanl\u0131k y\u00fczler, bu bulu\u015fman\u0131n \u00f6n\u00fcnde engeldir. Vuslat makam\u0131na ula\u015fmak ve ge\u00e7mi\u015fin g\u00f6lgelerini geride b\u0131rakmak i\u00e7in a\u015fk\u0131n ve iman\u0131n g\u00fcc\u00fcne s\u0131\u011f\u0131nmaktan ba\u015fka \u00e7areleri yoktur&#8230;Y\u00fcz binlerce okuru taraf\u0131ndan be\u011feniyle takip edilen Ahmed G\u00fcnbay Y\u0131ld\u0131z&#8217;dan, a\u015fk\u0131n ger\u00e7ek manas\u0131na dair s\u00fcr\u00fckleyici ve hayat\u0131n\u0131 inand\u0131\u011f\u0131 de\u011ferlerden ayr\u0131 ya\u015fayanlar\u0131 \u00f6z\u00fcne d\u00f6nd\u00fcrebilecek kuvvette bir roman\u2026<\/p>\n","protected":false},"excerpt":{"rendered":"<p>Bir yan\u0131nda ge\u00e7mi\u015ften gelen d\u00fc\u015fmanlar\u0131n tehlikesi, bir yan\u0131nda a\u015fk\u0131n en \u00e7etrefil hali: Ensar&#8230;Bahar\u0131n\u0131n en g\u00fczel g\u00fcnlerinde g\u00f6nl\u00fcn\u00fc kapt\u0131rd\u0131\u011f\u0131 sevdas\u0131na koyu g\u00f6lgeler d\u00fc\u015fen R\u00fcveyda&#8230;\u0130ki dost aile: Ortakl\u0131klar,<span class=\"excerpt-hellip\"> [\u2026]<\/span><\/p>\n","protected":false},"featured_media":0,"template":"","meta":{"_monsterinsights_skip_tracking":false,"_monsterinsights_sitenote_active":false,"_monsterinsights_sitenote_note":"","_monsterinsights_sitenote_category":0},"product_brand":[],"product_cat":[12291,12711],"product_tag":[],"class_list":{"0":"post-743505","1":"product","2":"type-product","3":"status-publish","5":"product_cat-edebiyat","6":"product_cat-roman-oyku","7":"pa_cilt-ciltsiz","8":"pa_tur-kitap","9":"pa_yayinevi-timas-yayinlari","10":"pa_yazar-ahmed-gunbay-yildiz","12":"first","13":"instock","14":"sale","15":"shipping-taxable","16":"purchasable","17":"product-type-simple"},"_links":{"self":[{"href":"https:\/\/roveyayinevi.com.tr\/index.php\/wp-json\/wp\/v2\/product\/743505","targetHints":{"allow":["GET"]}}],"collection":[{"href":"https:\/\/roveyayinevi.com.tr\/index.php\/wp-json\/wp\/v2\/product"}],"about":[{"href":"https:\/\/roveyayinevi.com.tr\/index.php\/wp-json\/wp\/v2\/types\/product"}],"wp:attachment":[{"href":"https:\/\/roveyayinevi.com.tr\/index.php\/wp-json\/wp\/v2\/media?parent=743505"}],"wp:term":[{"taxonomy":"product_brand","embeddable":true,"href":"https:\/\/roveyayinevi.com.tr\/index.php\/wp-json\/wp\/v2\/product_brand?post=743505"},{"taxonomy":"product_cat","embeddable":true,"href":"https:\/\/roveyayinevi.com.tr\/index.php\/wp-json\/wp\/v2\/product_cat?post=743505"},{"taxonomy":"product_tag","embeddable":true,"href":"https:\/\/roveyayinevi.com.tr\/index.php\/wp-json\/wp\/v2\/product_tag?post=743505"}],"curies":[{"name":"wp","href":"https:\/\/api.w.org\/{rel}","templated":true}]}}