{"id":743502,"date":"2025-08-28T01:36:11","date_gmt":"2025-08-27T22:36:11","guid":{"rendered":"https:\/\/roveyayinevi.com.tr\/index.php\/urun\/bay-balikci-jeremynin-masali\/"},"modified":"2026-04-16T02:54:47","modified_gmt":"2026-04-15T23:54:47","slug":"bay-balikci-jeremynin-masali","status":"publish","type":"product","link":"https:\/\/roveyayinevi.com.tr\/index.php\/urun\/bay-balikci-jeremynin-masali\/","title":{"rendered":"Bay Bal\u0131k\u00e7\u0131 Jeremy&#8217;nin Masal\u0131"},"content":{"rendered":"<p>Bu s\u0131rada Bay Jeremy kederli bir halde sandal\u0131n kenar\u0131nda yaral\u0131 parmaklar\u0131n\u0131 emerek ve suya dikkatle bakarak oturuyordu. \u00c7ok daha k\u00f6t\u00fc bir \u015fey oldu. E\u011fer Bay Jeremy ya\u011fmurluk giymemi\u015f olsayd\u0131 \u00e7ok korkun\u00e7 bir \u015fey ger\u00e7ekle\u015fecekti. K\u00fc\u00e7\u00fck \u00e7ocuklar\u0131n d\u00fcr\u00fcstl\u00fc\u011f\u00fcn, basit zevklerin tad\u0131n\u0131 \u00e7\u0131karabilmesine en ufak bir katk\u0131m olabildiyse, iyi bir \u015fey yapm\u0131\u015f\u0131m demektir. Beatrix Potter<\/p>\n","protected":false},"excerpt":{"rendered":"<p>Bu s\u0131rada Bay Jeremy kederli bir halde sandal\u0131n kenar\u0131nda yaral\u0131 parmaklar\u0131n\u0131 emerek ve suya dikkatle bakarak oturuyordu. \u00c7ok daha k\u00f6t\u00fc bir \u015fey oldu. E\u011fer Bay Jeremy<span class=\"excerpt-hellip\"> [\u2026]<\/span><\/p>\n","protected":false},"featured_media":0,"template":"","meta":{"_monsterinsights_skip_tracking":false,"_monsterinsights_sitenote_active":false,"_monsterinsights_sitenote_note":"","_monsterinsights_sitenote_category":0},"product_brand":[],"product_cat":[12274],"product_tag":[],"class_list":{"0":"post-743502","1":"product","2":"type-product","3":"status-publish","5":"product_cat-cocuk-ve-genclik-kitaplari","6":"pa_cilt-ciltsiz","7":"pa_tur-kitap","8":"pa_yayinevi-dinozor-cocuk","9":"pa_yazar-beatrix-potter","11":"first","12":"instock","13":"sale","14":"shipping-taxable","15":"purchasable","16":"product-type-simple"},"_links":{"self":[{"href":"https:\/\/roveyayinevi.com.tr\/index.php\/wp-json\/wp\/v2\/product\/743502","targetHints":{"allow":["GET"]}}],"collection":[{"href":"https:\/\/roveyayinevi.com.tr\/index.php\/wp-json\/wp\/v2\/product"}],"about":[{"href":"https:\/\/roveyayinevi.com.tr\/index.php\/wp-json\/wp\/v2\/types\/product"}],"wp:attachment":[{"href":"https:\/\/roveyayinevi.com.tr\/index.php\/wp-json\/wp\/v2\/media?parent=743502"}],"wp:term":[{"taxonomy":"product_brand","embeddable":true,"href":"https:\/\/roveyayinevi.com.tr\/index.php\/wp-json\/wp\/v2\/product_brand?post=743502"},{"taxonomy":"product_cat","embeddable":true,"href":"https:\/\/roveyayinevi.com.tr\/index.php\/wp-json\/wp\/v2\/product_cat?post=743502"},{"taxonomy":"product_tag","embeddable":true,"href":"https:\/\/roveyayinevi.com.tr\/index.php\/wp-json\/wp\/v2\/product_tag?post=743502"}],"curies":[{"name":"wp","href":"https:\/\/api.w.org\/{rel}","templated":true}]}}