{"id":743500,"date":"2025-08-28T01:36:09","date_gmt":"2025-08-27T22:36:09","guid":{"rendered":"https:\/\/roveyayinevi.com.tr\/index.php\/urun\/bayan-yumukun-masali\/"},"modified":"2026-04-16T02:54:47","modified_gmt":"2026-04-15T23:54:47","slug":"bayan-yumukun-masali","status":"publish","type":"product","link":"https:\/\/roveyayinevi.com.tr\/index.php\/urun\/bayan-yumukun-masali\/","title":{"rendered":"Bayan Yumuk&#8217;un Masal\u0131"},"content":{"rendered":"<p>Fare, Bayan Yumuk\u2019la dalga ge\u00e7ti\u011fi i\u00e7in, her ne kadar ay\u0131p olsa bile, Bayan Yumuk da fareyle dalga ge\u00e7meye karar verdi. Bayan Yumuk, fareyi toz bezine ba\u011flay\u0131p bir top gibi f\u0131rlatt\u0131. Ama toz bezindeki deli\u011fi unutmu\u015ftu. Bezi \u00e7\u00f6zd\u00fc\u011f\u00fcnde fareden hi\u00e7 iz yoktu. K\u00fc\u00e7\u00fck \u00e7ocuklar\u0131n d\u00fcr\u00fcstl\u00fc\u011f\u00fcn, basit zevklerin tad\u0131n\u0131 \u00e7\u0131karabilmesine en ufak bir katk\u0131m olabildiyse, iyi bir \u015fey yapm\u0131\u015f\u0131m demektir. Beatrix Potter<\/p>\n","protected":false},"excerpt":{"rendered":"<p>Fare, Bayan Yumuk\u2019la dalga ge\u00e7ti\u011fi i\u00e7in, her ne kadar ay\u0131p olsa bile, Bayan Yumuk da fareyle dalga ge\u00e7meye karar verdi. Bayan Yumuk, fareyi toz bezine ba\u011flay\u0131p<span class=\"excerpt-hellip\"> [\u2026]<\/span><\/p>\n","protected":false},"featured_media":0,"template":"","meta":{"_monsterinsights_skip_tracking":false,"_monsterinsights_sitenote_active":false,"_monsterinsights_sitenote_note":"","_monsterinsights_sitenote_category":0},"product_brand":[],"product_cat":[12274,12523],"product_tag":[],"class_list":{"0":"post-743500","1":"product","2":"type-product","3":"status-publish","5":"product_cat-cocuk-ve-genclik-kitaplari","6":"product_cat-masallar","7":"pa_cilt-ciltsiz","8":"pa_tur-kitap","9":"pa_yayinevi-dinozor-cocuk","10":"pa_yazar-beatrix-potter","12":"first","13":"instock","14":"sale","15":"shipping-taxable","16":"purchasable","17":"product-type-simple"},"_links":{"self":[{"href":"https:\/\/roveyayinevi.com.tr\/index.php\/wp-json\/wp\/v2\/product\/743500","targetHints":{"allow":["GET"]}}],"collection":[{"href":"https:\/\/roveyayinevi.com.tr\/index.php\/wp-json\/wp\/v2\/product"}],"about":[{"href":"https:\/\/roveyayinevi.com.tr\/index.php\/wp-json\/wp\/v2\/types\/product"}],"wp:attachment":[{"href":"https:\/\/roveyayinevi.com.tr\/index.php\/wp-json\/wp\/v2\/media?parent=743500"}],"wp:term":[{"taxonomy":"product_brand","embeddable":true,"href":"https:\/\/roveyayinevi.com.tr\/index.php\/wp-json\/wp\/v2\/product_brand?post=743500"},{"taxonomy":"product_cat","embeddable":true,"href":"https:\/\/roveyayinevi.com.tr\/index.php\/wp-json\/wp\/v2\/product_cat?post=743500"},{"taxonomy":"product_tag","embeddable":true,"href":"https:\/\/roveyayinevi.com.tr\/index.php\/wp-json\/wp\/v2\/product_tag?post=743500"}],"curies":[{"name":"wp","href":"https:\/\/api.w.org\/{rel}","templated":true}]}}