{"id":743494,"date":"2025-08-28T01:36:01","date_gmt":"2025-08-27T22:36:01","guid":{"rendered":"https:\/\/roveyayinevi.com.tr\/index.php\/urun\/istiklal-yolunda-kahraman-bir-turk-kadini-serife-baci\/"},"modified":"2026-04-16T02:54:47","modified_gmt":"2026-04-15T23:54:47","slug":"istiklal-yolunda-kahraman-bir-turk-kadini-serife-baci","status":"publish","type":"product","link":"https:\/\/roveyayinevi.com.tr\/index.php\/urun\/istiklal-yolunda-kahraman-bir-turk-kadini-serife-baci\/","title":{"rendered":"\u0130stiklal Yolunda  Kahraman Bir T\u00fcrk Kad\u0131n\u0131 \/ \u015eerife Bac\u0131"},"content":{"rendered":"<p>\u0130stiklal Yolunda Kahraman Bir T\u00fcrk Kad\u0131n\u0131 \u015eerife Bac\u0131 adl\u0131 roman\u0131n \u015eerife Bac\u0131\u2019n\u0131n \u015fahs\u0131nda T\u00fcrk kad\u0131n\u0131n\u0131n kahramanl\u0131\u011f\u0131n\u0131 destans\u0131 bir anlat\u0131mla ebed\u00eele\u015ftirmesi T\u00fcrk tarihi ve edebiyat\u0131 i\u00e7in \u00f6nemli bir ad\u0131m olmu\u015ftur. Bu ba\u011flamda \u015eerife Bac\u0131\u2019n\u0131n destans\u0131 kahramanl\u0131\u011f\u0131n\u0131n anlat\u0131ld\u0131\u011f\u0131 bu roman\u0131n, T\u00fcrk milletinin her bir ferdi taraf\u0131ndan okunmas\u0131n\u0131n gereklili\u011fini vurgulamak ka\u00e7\u0131n\u0131lmazd\u0131r. Murat BA\u015eESG\u0130O\u011eLU   \u201c&#8230; O s\u0131rada oda kap\u0131s\u0131n\u0131n \u00f6n\u00fcnde ayakta bekleyen \u015eerife at\u0131ld\u0131: \u2018Ben gelirim Muhtar Emmi, ben gelirim. Hem bizim \u00f6k\u00fczlerin huyunu benden daha iyi bilen olmaz. S\u00fcrer g\u00f6t\u00fcr\u00fcr\u00fcm. Madem bize ihtiya\u00e7 var, madem asker cephede mermi bekler, madem vatan kurtulacak, elbet gelirim. Muhtar Emmi, madem yavrular vatans\u0131z kalmayacak, madem biz can\u0131m\u0131zdan, namusumuzdan emin olaca\u011f\u0131z, elbet gelirim.\u2019 \u201d \u0130\u015fte T\u00fcrk kad\u0131n\u0131n\u0131n f\u0131trat\u0131n\u0131 yans\u0131tan c\u00fcmleler b\u00f6yle d\u00f6k\u00fclm\u00fc\u015ft\u00fc \u015eerife\u2019nin dudaklar\u0131ndan&#8230; Her alanda de\u011fer \u00fcreten T\u00fcrk kad\u0131n\u0131 sava\u015flarda da kahramanca m\u00fccadele etmi\u015ftir. Bu m\u00fccadele s\u00fcrecinde bizzat sava\u015flara kat\u0131lman\u0131n yan\u0131nda, cephe gerisinde hastanelerde hasta bak\u0131c\u0131 ve hem\u015fire olarak, fabrika ve at\u00f6lyelerde mermi ve cephane \u00fcreterek, cephedeki askerlere mermi ta\u015f\u0131yarak, askerlerin dikim ve yiyecek ihtiya\u00e7lar\u0131n\u0131 kar\u015f\u0131layarak \u00f6nemli g\u00f6revler ifa etmi\u015flerdir. T\u00fcrk kad\u0131nlar\u0131n\u0131n d\u00fc\u015fmana kar\u015f\u0131 sava\u015ft\u0131\u011f\u0131 ve efsanele\u015fti\u011fi d\u00f6nemlerden biri de Mill\u00ee M\u00fccadele d\u00f6nemidir. \u0130stiklal Yolunda Kahraman Bir T\u00fcrk Kad\u0131n\u0131 \u015eerife Bac\u0131 da i\u015fte bu m\u00fccadelenin gen\u00e7 bir kad\u0131n\u0131n ruhunda uyand\u0131rd\u0131\u011f\u0131 destans\u0131 bir kahramanl\u0131\u011f\u0131n sonraki ku\u015faklara miras kalan de\u011ferli hat\u0131ras\u0131n\u0131n bir roman\u0131d\u0131r. <\/p>\n","protected":false},"excerpt":{"rendered":"<p>\u0130stiklal Yolunda Kahraman Bir T\u00fcrk Kad\u0131n\u0131 \u015eerife Bac\u0131 adl\u0131 roman\u0131n \u015eerife Bac\u0131\u2019n\u0131n \u015fahs\u0131nda T\u00fcrk kad\u0131n\u0131n\u0131n kahramanl\u0131\u011f\u0131n\u0131 destans\u0131 bir anlat\u0131mla ebed\u00eele\u015ftirmesi T\u00fcrk tarihi ve edebiyat\u0131 i\u00e7in \u00f6nemli<span class=\"excerpt-hellip\"> [\u2026]<\/span><\/p>\n","protected":false},"featured_media":0,"template":"","meta":{"_monsterinsights_skip_tracking":false,"_monsterinsights_sitenote_active":false,"_monsterinsights_sitenote_note":"","_monsterinsights_sitenote_category":0},"product_brand":[],"product_cat":[12291,12711],"product_tag":[],"class_list":{"0":"post-743494","1":"product","2":"type-product","3":"status-publish","5":"product_cat-edebiyat","6":"product_cat-roman-oyku","7":"pa_cilt-ciltsiz","8":"pa_tur-kitap","9":"pa_yayinevi-pozitif-yayinlari","10":"pa_yazar-muharrem-kasitoglu","12":"first","13":"instock","14":"sale","15":"shipping-taxable","16":"purchasable","17":"product-type-simple"},"_links":{"self":[{"href":"https:\/\/roveyayinevi.com.tr\/index.php\/wp-json\/wp\/v2\/product\/743494","targetHints":{"allow":["GET"]}}],"collection":[{"href":"https:\/\/roveyayinevi.com.tr\/index.php\/wp-json\/wp\/v2\/product"}],"about":[{"href":"https:\/\/roveyayinevi.com.tr\/index.php\/wp-json\/wp\/v2\/types\/product"}],"wp:attachment":[{"href":"https:\/\/roveyayinevi.com.tr\/index.php\/wp-json\/wp\/v2\/media?parent=743494"}],"wp:term":[{"taxonomy":"product_brand","embeddable":true,"href":"https:\/\/roveyayinevi.com.tr\/index.php\/wp-json\/wp\/v2\/product_brand?post=743494"},{"taxonomy":"product_cat","embeddable":true,"href":"https:\/\/roveyayinevi.com.tr\/index.php\/wp-json\/wp\/v2\/product_cat?post=743494"},{"taxonomy":"product_tag","embeddable":true,"href":"https:\/\/roveyayinevi.com.tr\/index.php\/wp-json\/wp\/v2\/product_tag?post=743494"}],"curies":[{"name":"wp","href":"https:\/\/api.w.org\/{rel}","templated":true}]}}