{"id":743487,"date":"2025-08-28T01:35:53","date_gmt":"2025-08-27T22:35:53","guid":{"rendered":"https:\/\/roveyayinevi.com.tr\/index.php\/urun\/dunyalar-savasi-5\/"},"modified":"2026-04-16T02:54:46","modified_gmt":"2026-04-15T23:54:46","slug":"dunyalar-savasi-5","status":"publish","type":"product","link":"https:\/\/roveyayinevi.com.tr\/index.php\/urun\/dunyalar-savasi-5\/","title":{"rendered":"D\u00fcnyalar Sava\u015f\u0131"},"content":{"rendered":"<p>\u0130ngiltere&#8217;nin Leatherhead kasabas\u0131nda bir gece g\u00f6ky\u00fcz\u00fcnden d\u00fcnyaya silindir bi\u00e7imli kaps\u00fcller d\u00fc\u015fer. Bu kaps\u00fcllerin i\u00e7inden \u00fc\u00e7 ayakl\u0131 devasa sava\u015f makineleriyle korkun\u00e7 g\u00f6r\u00fcn\u00fcml\u00fc Marsl\u0131lar ortaya \u00e7\u0131kar. D\u00fcnya\u2019ya neden geldikleri hakk\u0131nda hi\u00e7bir bilgi bulunmayan bu dev uzayl\u0131lar, y\u00fcksek teknolojili silahlar\u0131yla insanlara sald\u0131rarak D\u00fcnya\u2019y\u0131 istila etmeye ba\u015flar.   Zaman Makinesi, Doktor Moreau\u2019nun Adas\u0131 gibi de\u011ferli eserleri d\u00fcnya edebiyat\u0131na kazand\u0131ran H.G. Wells, d\u00fc\u015f\u00fcnce tarz\u0131 ve kurgular\u0131 ile zaman\u0131n\u0131n \u00f6tesinde, bilimkurgu t\u00fcr\u00fcn\u00fcn \u00f6nc\u00fcs\u00fc olan yazarlardan biridir. D\u00fcnyalar Sava\u015f\u0131 ise t\u00fcr\u00fcn\u00fcn en \u00f6nemli eserleri aras\u0131nda g\u00f6sterilmeye devam etmektedir. <\/p>\n","protected":false},"excerpt":{"rendered":"<p>\u0130ngiltere&#8217;nin Leatherhead kasabas\u0131nda bir gece g\u00f6ky\u00fcz\u00fcnden d\u00fcnyaya silindir bi\u00e7imli kaps\u00fcller d\u00fc\u015fer. Bu kaps\u00fcllerin i\u00e7inden \u00fc\u00e7 ayakl\u0131 devasa sava\u015f makineleriyle korkun\u00e7 g\u00f6r\u00fcn\u00fcml\u00fc Marsl\u0131lar ortaya \u00e7\u0131kar. D\u00fcnya\u2019ya neden<span class=\"excerpt-hellip\"> [\u2026]<\/span><\/p>\n","protected":false},"featured_media":0,"template":"","meta":{"_monsterinsights_skip_tracking":false,"_monsterinsights_sitenote_active":false,"_monsterinsights_sitenote_note":"","_monsterinsights_sitenote_category":0},"product_brand":[],"product_cat":[12274,12284],"product_tag":[],"class_list":{"0":"post-743487","1":"product","2":"type-product","3":"status-publish","5":"product_cat-cocuk-ve-genclik-kitaplari","6":"product_cat-hikayeler","7":"pa_cilt-ciltsiz","8":"pa_tur-kitap","9":"pa_yayinevi-arkadas-yayinlari","10":"pa_yazar-h-g-wells","12":"first","13":"instock","14":"sale","15":"shipping-taxable","16":"purchasable","17":"product-type-simple"},"_links":{"self":[{"href":"https:\/\/roveyayinevi.com.tr\/index.php\/wp-json\/wp\/v2\/product\/743487","targetHints":{"allow":["GET"]}}],"collection":[{"href":"https:\/\/roveyayinevi.com.tr\/index.php\/wp-json\/wp\/v2\/product"}],"about":[{"href":"https:\/\/roveyayinevi.com.tr\/index.php\/wp-json\/wp\/v2\/types\/product"}],"wp:attachment":[{"href":"https:\/\/roveyayinevi.com.tr\/index.php\/wp-json\/wp\/v2\/media?parent=743487"}],"wp:term":[{"taxonomy":"product_brand","embeddable":true,"href":"https:\/\/roveyayinevi.com.tr\/index.php\/wp-json\/wp\/v2\/product_brand?post=743487"},{"taxonomy":"product_cat","embeddable":true,"href":"https:\/\/roveyayinevi.com.tr\/index.php\/wp-json\/wp\/v2\/product_cat?post=743487"},{"taxonomy":"product_tag","embeddable":true,"href":"https:\/\/roveyayinevi.com.tr\/index.php\/wp-json\/wp\/v2\/product_tag?post=743487"}],"curies":[{"name":"wp","href":"https:\/\/api.w.org\/{rel}","templated":true}]}}