{"id":743486,"date":"2025-08-28T01:35:53","date_gmt":"2025-08-27T22:35:53","guid":{"rendered":"https:\/\/roveyayinevi.com.tr\/index.php\/urun\/kultur-elestirisi\/"},"modified":"2026-04-16T02:54:46","modified_gmt":"2026-04-15T23:54:46","slug":"kultur-elestirisi","status":"publish","type":"product","link":"https:\/\/roveyayinevi.com.tr\/index.php\/urun\/kultur-elestirisi\/","title":{"rendered":"K\u00fclt\u00fcr Ele\u015ftirisi"},"content":{"rendered":"<p>leti\u015fim alan\u0131n\u0131n \u00f6nde gelen profes\u00f6rlerinden Arthur Asa Berger\u2019in K\u00fclt\u00fcr Ele\u015ftirisi, k\u00fclt\u00fcr kavram\u0131na dair netlik kazanmak isteyen herkesin ve \u00f6zellikle \u00f6\u011frencilerin, deyim yerindeyse, imdad\u0131na ko\u015fuyor. Edebiyat teorisinden Marksizme, psikanalizden g\u00f6stergebilim ve sosyolojiye kadar pek \u00e7ok kavram bu \u00e7al\u0131\u015fmada son derece sade ve anla\u015f\u0131l\u0131r bir dille \u00e7ok say\u0131da \u00f6rnekle anlat\u0131l\u0131yor. Kitab\u0131n meram\u0131 yazar\u0131n \u015fu s\u00f6zlerinde de ifade buluyor:\u201cEtraf\u0131n\u0131zdaki d\u00fcnyay\u0131 farkl\u0131 g\u00f6rmeye ba\u015flad\u0131\u011f\u0131n\u0131zdaya da bu kitapta \u00f6\u011frendiklerinizi medyaya, politikaya,sanata, pop\u00fcler k\u00fclt\u00fcre ve g\u00fcndelik ya\u015fam\u0131n \u00e7e\u015fitliy\u00f6nlerine uygulayabilece\u011finizi d\u00fc\u015f\u00fcnd\u00fc\u011f\u00fcn\u00fczde bu yap\u0131t amac\u0131na ula\u015fm\u0131\u015f olacakt\u0131r.\u201d \u201c\u0130leride pop\u00fcler k\u00fclt\u00fcr alan\u0131n\u0131 tan\u0131mlamaya y\u00f6nelik ba\u015fka giri\u015fimler de olacakt\u0131r, fakat Arthur Asa Berger\u2019in eseri, onlar i\u00e7in de \u00f6rnek al\u0131nacak \u00f6nemli bir ba\u015far\u0131 olarak kalacakt\u0131r.\u201d\u2014Garth S. Jowett, Film: The Democratic Art\u2019\u0131n yazar\u0131 <\/p>\n","protected":false},"excerpt":{"rendered":"<p>leti\u015fim alan\u0131n\u0131n \u00f6nde gelen profes\u00f6rlerinden Arthur Asa Berger\u2019in K\u00fclt\u00fcr Ele\u015ftirisi, k\u00fclt\u00fcr kavram\u0131na dair netlik kazanmak isteyen herkesin ve \u00f6zellikle \u00f6\u011frencilerin, deyim yerindeyse, imdad\u0131na ko\u015fuyor. Edebiyat teorisinden<span class=\"excerpt-hellip\"> [\u2026]<\/span><\/p>\n","protected":false},"featured_media":0,"template":"","meta":{"_monsterinsights_skip_tracking":false,"_monsterinsights_sitenote_active":false,"_monsterinsights_sitenote_note":"","_monsterinsights_sitenote_category":0},"product_brand":[],"product_cat":[13489,13488],"product_tag":[],"class_list":{"0":"post-743486","1":"product","2":"type-product","3":"status-publish","5":"product_cat-populer-kultur","6":"product_cat-toplum-ve-insan","7":"pa_cilt-ciltsiz","8":"pa_tur-kitap","9":"pa_yayinevi-alfa-yayinlari","10":"pa_yazar-arthur-asa-berger","12":"first","13":"instock","14":"sale","15":"shipping-taxable","16":"purchasable","17":"product-type-simple"},"_links":{"self":[{"href":"https:\/\/roveyayinevi.com.tr\/index.php\/wp-json\/wp\/v2\/product\/743486","targetHints":{"allow":["GET"]}}],"collection":[{"href":"https:\/\/roveyayinevi.com.tr\/index.php\/wp-json\/wp\/v2\/product"}],"about":[{"href":"https:\/\/roveyayinevi.com.tr\/index.php\/wp-json\/wp\/v2\/types\/product"}],"wp:attachment":[{"href":"https:\/\/roveyayinevi.com.tr\/index.php\/wp-json\/wp\/v2\/media?parent=743486"}],"wp:term":[{"taxonomy":"product_brand","embeddable":true,"href":"https:\/\/roveyayinevi.com.tr\/index.php\/wp-json\/wp\/v2\/product_brand?post=743486"},{"taxonomy":"product_cat","embeddable":true,"href":"https:\/\/roveyayinevi.com.tr\/index.php\/wp-json\/wp\/v2\/product_cat?post=743486"},{"taxonomy":"product_tag","embeddable":true,"href":"https:\/\/roveyayinevi.com.tr\/index.php\/wp-json\/wp\/v2\/product_tag?post=743486"}],"curies":[{"name":"wp","href":"https:\/\/api.w.org\/{rel}","templated":true}]}}