{"id":743485,"date":"2025-08-28T01:35:52","date_gmt":"2025-08-27T22:35:52","guid":{"rendered":"https:\/\/roveyayinevi.com.tr\/index.php\/urun\/atlantik-cozulurken\/"},"modified":"2026-04-16T02:54:46","modified_gmt":"2026-04-15T23:54:46","slug":"atlantik-cozulurken","status":"publish","type":"product","link":"https:\/\/roveyayinevi.com.tr\/index.php\/urun\/atlantik-cozulurken\/","title":{"rendered":"Atlantik \u00c7\u00f6z\u00fcl\u00fcrken"},"content":{"rendered":"<p>D\u00fcnya h\u0131zla de\u011fi\u015fiyor. G\u00fc\u00e7 dengesi ekonomik, politik, diplomatik d\u00fczlemde bat\u0131dan do\u011fuya,Atlantik\u2019ten Pasifik ve Avrasya\u2019ya kay\u0131yor. Bu de\u011fi\u015fim \u00fclkelerin d\u0131\u015f politikas\u0131na, ittifak ili\u015fkilerineoldu\u011fu kadar, ittifaklar\u0131n da yap\u0131lar\u0131na, \u00f6nceliklerine, hedeflerine, tehdit tan\u0131mlar\u0131na,tehdit alg\u0131lar\u0131na da yans\u0131yor elbette. Sonu\u00e7ta ihtiya\u00e7lar de\u011fi\u015fince, ittifaklar da de\u011fi\u015fiyor veher ittifak kar\u015f\u0131s\u0131nda bir ba\u015fka ittifak do\u011fuyor.Bu de\u011fi\u015fim, ABD\u2019yi ve \u00f6nc\u00fcl\u00fck etti\u011fi Atlantik ittifak\u0131n\u0131, NATO\u2019yu h\u0131rpal\u0131yor \u00f6ncelikle. ABDemperyalizminin i\u015fgal ve sald\u0131r\u0131 ayg\u0131t\u0131 olan NATO, her ne kadar Ukrayna \u2013 Rusya Sava\u015f\u0131\u2019n\u0131 daf\u0131rsat bilip, \u0130sve\u00e7 ve Finlandiya\u2019y\u0131 b\u00fcnyesine katmak i\u00e7in \u00f6nemli ad\u0131mlar atsa da, NATO\u2019nun beyin\u00f6l\u00fcm\u00fcn\u00fcn ger\u00e7ekle\u015fti\u011fini, bizzat ittifak\u0131n kurucular\u0131ndan olan Fransa\u2019n\u0131n cumhurba\u015fkan\u0131Emmanuel Macron s\u00f6yl\u00fcyor.<\/p>\n","protected":false},"excerpt":{"rendered":"<p>D\u00fcnya h\u0131zla de\u011fi\u015fiyor. G\u00fc\u00e7 dengesi ekonomik, politik, diplomatik d\u00fczlemde bat\u0131dan do\u011fuya,Atlantik\u2019ten Pasifik ve Avrasya\u2019ya kay\u0131yor. Bu de\u011fi\u015fim \u00fclkelerin d\u0131\u015f politikas\u0131na, ittifak ili\u015fkilerineoldu\u011fu kadar, ittifaklar\u0131n da yap\u0131lar\u0131na,<span class=\"excerpt-hellip\"> [\u2026]<\/span><\/p>\n","protected":false},"featured_media":0,"template":"","meta":{"_monsterinsights_skip_tracking":false,"_monsterinsights_sitenote_active":false,"_monsterinsights_sitenote_note":"","_monsterinsights_sitenote_category":0},"product_brand":[],"product_cat":[12338,12337],"product_tag":[],"class_list":{"0":"post-743485","1":"product","2":"type-product","3":"status-publish","5":"product_cat-dunya-siyaseti-ve-politikasi","6":"product_cat-politika-siyaset","7":"pa_cilt-ciltsiz","8":"pa_tur-kitap","9":"pa_yayinevi-asi-kitap","10":"pa_yazar-baris-doster","12":"first","13":"instock","14":"sale","15":"shipping-taxable","16":"purchasable","17":"product-type-simple"},"_links":{"self":[{"href":"https:\/\/roveyayinevi.com.tr\/index.php\/wp-json\/wp\/v2\/product\/743485","targetHints":{"allow":["GET"]}}],"collection":[{"href":"https:\/\/roveyayinevi.com.tr\/index.php\/wp-json\/wp\/v2\/product"}],"about":[{"href":"https:\/\/roveyayinevi.com.tr\/index.php\/wp-json\/wp\/v2\/types\/product"}],"wp:attachment":[{"href":"https:\/\/roveyayinevi.com.tr\/index.php\/wp-json\/wp\/v2\/media?parent=743485"}],"wp:term":[{"taxonomy":"product_brand","embeddable":true,"href":"https:\/\/roveyayinevi.com.tr\/index.php\/wp-json\/wp\/v2\/product_brand?post=743485"},{"taxonomy":"product_cat","embeddable":true,"href":"https:\/\/roveyayinevi.com.tr\/index.php\/wp-json\/wp\/v2\/product_cat?post=743485"},{"taxonomy":"product_tag","embeddable":true,"href":"https:\/\/roveyayinevi.com.tr\/index.php\/wp-json\/wp\/v2\/product_tag?post=743485"}],"curies":[{"name":"wp","href":"https:\/\/api.w.org\/{rel}","templated":true}]}}