{"id":743483,"date":"2025-08-28T01:35:50","date_gmt":"2025-08-27T22:35:50","guid":{"rendered":"https:\/\/roveyayinevi.com.tr\/index.php\/urun\/bolunmus-benlik\/"},"modified":"2026-04-16T02:54:46","modified_gmt":"2026-04-15T23:54:46","slug":"bolunmus-benlik","status":"publish","type":"product","link":"https:\/\/roveyayinevi.com.tr\/index.php\/urun\/bolunmus-benlik\/","title":{"rendered":"B\u00f6l\u00fcnm\u00fc\u015f Benlik"},"content":{"rendered":"<p>20. y\u00fczy\u0131lda en \u00e7ok etki yaratm\u0131\u015f psikoterapistlerden R. D. Laing\u2019in ba\u015fyap\u0131t\u0131 say\u0131labilecek B\u00f6l\u00fcnm\u00fc\u015f Benlik ilk kez yay\u0131mland\u0131\u011f\u0131 1960\u2019ta kamuyounda \u00e7\u0131\u011f\u0131r a\u00e7m\u0131\u015f ve delili\u011fi alg\u0131lama tarz\u0131m\u0131z\u0131 b\u00fcsb\u00fct\u00fcn de\u011fi\u015ftirmi\u015fti. Laing, birlikte \u00e7al\u0131\u015ft\u0131\u011f\u0131 hastalar\u0131n vaka incelemeleri \u00fczerinden psikozun t\u0131bbi bir rahats\u0131zl\u0131k de\u011fil, \u201cb\u00f6l\u00fcnm\u00fc\u015f bir benli\u011fin,\u201d yani i\u00e7imizdeki iki persona aras\u0131ndaki gerilimin sonucu oldu\u011funu iddia etmi\u015fti: Bir yanda sahici, \u00f6zel kimli\u011fimiz, \u00f6te yandaysa d\u00fcnyaya sundu\u011fumuz sahte, \u201cakl\u0131 ba\u015f\u0131nda\u201d benli\u011fimiz. Ki\u015fisel yabanc\u0131la\u015fma sorununu zengin bir varolu\u015f\u00e7u mercekten \u00e7\u00f6z\u00fcmleyen ve hastay\u0131 tedavinin yeniden merkezine yerle\u015ftiren B\u00f6l\u00fcnm\u00fc\u015f Benlik, psikoterapiyle ilgilenen herkesin ba\u015fucu kitaplar\u0131ndan biri olmaya devam ediyor.   \u201cLaing kendi \u00e7a\u011f\u0131n\u0131n psikiyatrik ortodoksisine kafa tutmu\u015f\u2026 1960\u2019lar\u0131n kar\u015f\u0131-k\u00fclt\u00fcr\u00fcn\u00fcn bir ikonu.\u201d \u2013The Times \u201cDr. Laing ger\u00e7ekten de \u00e7ok \u00f6nemli \u015feyler s\u00f6yl\u00fcyor\u2026 Bu sahiden h\u00fcmanist bir yakla\u015f\u0131m.\u201d \u2013Philip Toynbee, Observer <\/p>\n","protected":false},"excerpt":{"rendered":"<p>20. y\u00fczy\u0131lda en \u00e7ok etki yaratm\u0131\u015f psikoterapistlerden R. D. Laing\u2019in ba\u015fyap\u0131t\u0131 say\u0131labilecek B\u00f6l\u00fcnm\u00fc\u015f Benlik ilk kez yay\u0131mland\u0131\u011f\u0131 1960\u2019ta kamuyounda \u00e7\u0131\u011f\u0131r a\u00e7m\u0131\u015f ve delili\u011fi alg\u0131lama tarz\u0131m\u0131z\u0131 b\u00fcsb\u00fct\u00fcn<span class=\"excerpt-hellip\"> [\u2026]<\/span><\/p>\n","protected":false},"featured_media":0,"template":"","meta":{"_monsterinsights_skip_tracking":false,"_monsterinsights_sitenote_active":false,"_monsterinsights_sitenote_note":"","_monsterinsights_sitenote_category":0},"product_brand":[],"product_cat":[12389,12388],"product_tag":[],"class_list":{"0":"post-743483","1":"product","2":"type-product","3":"status-publish","5":"product_cat-diger-felsefe","6":"product_cat-felsefe","7":"pa_cilt-ciltsiz","8":"pa_tur-kitap","9":"pa_yayinevi-alfa-yayinlari","10":"pa_yazar-r-d-laing","12":"first","13":"instock","14":"sale","15":"shipping-taxable","16":"purchasable","17":"product-type-simple"},"_links":{"self":[{"href":"https:\/\/roveyayinevi.com.tr\/index.php\/wp-json\/wp\/v2\/product\/743483","targetHints":{"allow":["GET"]}}],"collection":[{"href":"https:\/\/roveyayinevi.com.tr\/index.php\/wp-json\/wp\/v2\/product"}],"about":[{"href":"https:\/\/roveyayinevi.com.tr\/index.php\/wp-json\/wp\/v2\/types\/product"}],"wp:attachment":[{"href":"https:\/\/roveyayinevi.com.tr\/index.php\/wp-json\/wp\/v2\/media?parent=743483"}],"wp:term":[{"taxonomy":"product_brand","embeddable":true,"href":"https:\/\/roveyayinevi.com.tr\/index.php\/wp-json\/wp\/v2\/product_brand?post=743483"},{"taxonomy":"product_cat","embeddable":true,"href":"https:\/\/roveyayinevi.com.tr\/index.php\/wp-json\/wp\/v2\/product_cat?post=743483"},{"taxonomy":"product_tag","embeddable":true,"href":"https:\/\/roveyayinevi.com.tr\/index.php\/wp-json\/wp\/v2\/product_tag?post=743483"}],"curies":[{"name":"wp","href":"https:\/\/api.w.org\/{rel}","templated":true}]}}