{"id":743481,"date":"2025-08-28T01:35:47","date_gmt":"2025-08-27T22:35:47","guid":{"rendered":"https:\/\/roveyayinevi.com.tr\/index.php\/urun\/uyur-veda\/"},"modified":"2026-04-16T02:54:46","modified_gmt":"2026-04-15T23:54:46","slug":"uyur-veda","status":"publish","type":"product","link":"https:\/\/roveyayinevi.com.tr\/index.php\/urun\/uyur-veda\/","title":{"rendered":"Uyur Veda"},"content":{"rendered":"<p>Ya\u015fad\u0131\u011f\u0131n d\u00fcnya en g\u00fczel d\u00fcnyan m\u0131d\u0131r? En g\u00fczel r\u00fcyalar, en g\u00fczel tercihlerin sonucu mudur? Y\u00fczlerce farkl\u0131 olas\u0131l\u0131\u011f\u0131n, binlerce tercihin sonu\u00e7lar\u0131n\u0131 do\u011furan milyonlarca evren aras\u0131nda izin verir misin en g\u00fczel r\u00fcyan\u0131n k\u00e2bus olmas\u0131na? Farkl\u0131 bir evrendeki olas\u0131l\u0131\u011fa m\u0131 b\u0131rak\u0131rs\u0131n mutlulu\u011fu? Yoksa en g\u00fczel r\u00fcyan\u0131n k\u00e2busu, senin iyile\u015fmi\u015f h\u00e2lin midir \u00e7ocuk? Unutma \u00e7ocuk, unutma! En g\u00fczel r\u00fcyan\u0131 k\u00e2busa \u00e7evireni. Sen de en tatl\u0131 uykular\u0131ndan uyand\u0131r onlar\u0131, Herkese ve her \u015feye inat \u201cBar\u0131\u015f dile, sevgi dile, umut dile\u201d, En g\u00fczeli de, i\u00e7inde ya\u015fayaca\u011f\u0131n bir d\u00fcnya i\u00e7in, \u00f6zg\u00fcrl\u00fck dile \u00e7ocuk, \u00f6zg\u00fcrl\u00fck. Dr. Melisa \u0130rem Kara   Kelebek olmak istiyorsak kozala\u011f\u0131m\u0131z\u0131 kendimiz y\u0131rtmal\u0131y\u0131z. Ba\u015fkas\u0131 y\u0131rtarsa \u00f6l\u00fcr\u00fcz. 1971&#8217;de Denizlerin,1972&#8217;de Tokat Olaylar\u0131n\u0131n,1977&#8217;de Taksim \u0130\u015f\u00e7i Bayram\u0131&#8217;n\u0131n,1978&#8217;de Mara\u015f Olaylar\u0131n\u0131n ve son olarak 1993&#8217;te Mad\u0131mak Olay\u0131n\u0131n kozala\u011f\u0131n\u0131 burjuvazi ve emperyal g\u00fc\u00e7ler y\u0131rtt\u0131. Sen yine de kavgan onurlu olsun istiyorsan ringine \u00e7\u0131kmal\u0131s\u0131n \u00e7\u00fcnk\u00fc sana kim vuracak g\u00f6r\u00fcrs\u00fcn&#8230; H\u00fcz\u00fcn bir kelebek olsun g\u00f6zlerinizde. Be\u015fler Kara <\/p>\n","protected":false},"excerpt":{"rendered":"<p>Ya\u015fad\u0131\u011f\u0131n d\u00fcnya en g\u00fczel d\u00fcnyan m\u0131d\u0131r? En g\u00fczel r\u00fcyalar, en g\u00fczel tercihlerin sonucu mudur? Y\u00fczlerce farkl\u0131 olas\u0131l\u0131\u011f\u0131n, binlerce tercihin sonu\u00e7lar\u0131n\u0131 do\u011furan milyonlarca evren aras\u0131nda izin verir<span class=\"excerpt-hellip\"> [\u2026]<\/span><\/p>\n","protected":false},"featured_media":0,"template":"","meta":{"_monsterinsights_skip_tracking":false,"_monsterinsights_sitenote_active":false,"_monsterinsights_sitenote_note":"","_monsterinsights_sitenote_category":0},"product_brand":[],"product_cat":[12291,12509],"product_tag":[],"class_list":{"0":"post-743481","1":"product","2":"type-product","3":"status-publish","5":"product_cat-edebiyat","6":"product_cat-siir","7":"pa_cilt-ciltsiz","8":"pa_tur-kitap","9":"pa_yayinevi-karina-yayinevi","10":"pa_yazar-besler-kara","12":"first","13":"instock","14":"sale","15":"shipping-taxable","16":"purchasable","17":"product-type-simple"},"_links":{"self":[{"href":"https:\/\/roveyayinevi.com.tr\/index.php\/wp-json\/wp\/v2\/product\/743481","targetHints":{"allow":["GET"]}}],"collection":[{"href":"https:\/\/roveyayinevi.com.tr\/index.php\/wp-json\/wp\/v2\/product"}],"about":[{"href":"https:\/\/roveyayinevi.com.tr\/index.php\/wp-json\/wp\/v2\/types\/product"}],"wp:attachment":[{"href":"https:\/\/roveyayinevi.com.tr\/index.php\/wp-json\/wp\/v2\/media?parent=743481"}],"wp:term":[{"taxonomy":"product_brand","embeddable":true,"href":"https:\/\/roveyayinevi.com.tr\/index.php\/wp-json\/wp\/v2\/product_brand?post=743481"},{"taxonomy":"product_cat","embeddable":true,"href":"https:\/\/roveyayinevi.com.tr\/index.php\/wp-json\/wp\/v2\/product_cat?post=743481"},{"taxonomy":"product_tag","embeddable":true,"href":"https:\/\/roveyayinevi.com.tr\/index.php\/wp-json\/wp\/v2\/product_tag?post=743481"}],"curies":[{"name":"wp","href":"https:\/\/api.w.org\/{rel}","templated":true}]}}