{"id":743480,"date":"2025-08-28T01:35:46","date_gmt":"2025-08-27T22:35:46","guid":{"rendered":"https:\/\/roveyayinevi.com.tr\/index.php\/urun\/hasret-treni\/"},"modified":"2026-04-16T02:54:46","modified_gmt":"2026-04-15T23:54:46","slug":"hasret-treni","status":"publish","type":"product","link":"https:\/\/roveyayinevi.com.tr\/index.php\/urun\/hasret-treni\/","title":{"rendered":"Hasret Treni"},"content":{"rendered":"<p>Bu d\u00fcnyada bir g\u00fcn \u00f6l\u00fcm gelir ba\u015f\u0131na \u0130smin yaz\u0131l\u0131r, tarih at\u0131l\u0131r kabir ta\u015f\u0131na Vadesi yetenin bakmaz Azrail ya\u015f\u0131na Toprak seni de d\u00fcnyada koymaz, al\u0131r karde\u015f Sen gidersin, eserlerin kal\u0131r karde\u015f, kal\u0131r karde\u015f. Bu d\u00fcnyaya gelenler gitti durmad\u0131, durmad\u0131 Toprak ald\u0131 ald\u0131\u011f\u0131n\u0131 vermedi, ald\u0131\u011f\u0131n\u0131 vermedi Ahirete herkes gitmeden burada az\u0131\u011f\u0131n\u0131 al\u0131r karde\u015f Sen gitsen de eserlerin kal\u0131r karde\u015f, kal\u0131r karde\u015f. Bu d\u00fcnyada biz yolcuyuz, yolun da sonu var karde\u015f Kiminin villas\u0131 var, kiminin de han\u0131 var karde\u015f Bu v\u00fccutta kalp var, et kemik var, can\u0131 da var karde\u015f \u015eu d\u00fcnyadan gitmeden ahiret i\u00e7in de \u00e7al\u0131\u015f karde\u015f Bu toprak bir g\u00fcn seni de al\u0131r karde\u015f Sen gitsen de eserlerin kal\u0131r karde\u015f, kal\u0131r karde\u015f. <\/p>\n","protected":false},"excerpt":{"rendered":"<p>Bu d\u00fcnyada bir g\u00fcn \u00f6l\u00fcm gelir ba\u015f\u0131na \u0130smin yaz\u0131l\u0131r, tarih at\u0131l\u0131r kabir ta\u015f\u0131na Vadesi yetenin bakmaz Azrail ya\u015f\u0131na Toprak seni de d\u00fcnyada koymaz, al\u0131r karde\u015f Sen<span class=\"excerpt-hellip\"> [\u2026]<\/span><\/p>\n","protected":false},"featured_media":0,"template":"","meta":{"_monsterinsights_skip_tracking":false,"_monsterinsights_sitenote_active":false,"_monsterinsights_sitenote_note":"","_monsterinsights_sitenote_category":0},"product_brand":[],"product_cat":[12291,12509],"product_tag":[],"class_list":{"0":"post-743480","1":"product","2":"type-product","3":"status-publish","5":"product_cat-edebiyat","6":"product_cat-siir","7":"pa_cilt-ciltsiz","8":"pa_tur-kitap","9":"pa_yayinevi-karina-yayinevi","10":"pa_yazar-kadir-ozcan","12":"first","13":"instock","14":"sale","15":"shipping-taxable","16":"purchasable","17":"product-type-simple"},"_links":{"self":[{"href":"https:\/\/roveyayinevi.com.tr\/index.php\/wp-json\/wp\/v2\/product\/743480","targetHints":{"allow":["GET"]}}],"collection":[{"href":"https:\/\/roveyayinevi.com.tr\/index.php\/wp-json\/wp\/v2\/product"}],"about":[{"href":"https:\/\/roveyayinevi.com.tr\/index.php\/wp-json\/wp\/v2\/types\/product"}],"wp:attachment":[{"href":"https:\/\/roveyayinevi.com.tr\/index.php\/wp-json\/wp\/v2\/media?parent=743480"}],"wp:term":[{"taxonomy":"product_brand","embeddable":true,"href":"https:\/\/roveyayinevi.com.tr\/index.php\/wp-json\/wp\/v2\/product_brand?post=743480"},{"taxonomy":"product_cat","embeddable":true,"href":"https:\/\/roveyayinevi.com.tr\/index.php\/wp-json\/wp\/v2\/product_cat?post=743480"},{"taxonomy":"product_tag","embeddable":true,"href":"https:\/\/roveyayinevi.com.tr\/index.php\/wp-json\/wp\/v2\/product_tag?post=743480"}],"curies":[{"name":"wp","href":"https:\/\/api.w.org\/{rel}","templated":true}]}}