{"id":743479,"date":"2025-08-28T01:35:45","date_gmt":"2025-08-27T22:35:45","guid":{"rendered":"https:\/\/roveyayinevi.com.tr\/index.php\/urun\/yapay-ekonomi\/"},"modified":"2026-04-16T02:54:46","modified_gmt":"2026-04-15T23:54:46","slug":"yapay-ekonomi","status":"publish","type":"product","link":"https:\/\/roveyayinevi.com.tr\/index.php\/urun\/yapay-ekonomi\/","title":{"rendered":"Yapay Ekonomi"},"content":{"rendered":"<p>\u201cBelirtmeye \u00e7al\u0131\u015ft\u0131\u011f\u0131m \u015fey tek bir finansal nesnenin mali de\u011ferinin bir tacir, sat\u0131\u015f sorumlusu, arka ofis \u00e7al\u0131\u015fan\u0131, risk y\u00f6netimi uzman\u0131, muhasebeci ya da avukat taraf\u0131ndan farkl\u0131 ba\u011flamlarda de\u011ferlendirilebilece\u011fi ve bu ba\u011flamlar\u0131n her daim birbiriyle uyumlu olmad\u0131\u011f\u0131d\u0131r. Bu durum organizasyonda bir hata oldu\u011funun, bankan\u0131n de\u011ferleme hakk\u0131nda tek bir prensip belirlemekte ba\u015far\u0131s\u0131z oldu\u011funun bir kan\u0131t\u0131 m\u0131d\u0131r? Durum pek \u00f6yle de\u011fil&#8230;\u201d   Performans g\u00f6stergeleri, de\u011ferleme form\u00fclleri, t\u00fcketici testleri, hisseler ya da finansal s\u00f6zle\u015fmeler gibi \u015feyler d\u0131\u015fsal bir ger\u00e7ekli\u011fi mi temsil ederler? Yoksa i\u015faret ettikleri \u015feyi performatif bir bi\u00e7imde olu\u015ftururlar m\u0131? Yapay Ekonomi, ekonomik ger\u00e7ekli\u011fi s\u00fcrekli tasvir edilen bir ger\u00e7eklik olarak kabul ediyor ve bu s\u00fcreci pragmatist bir bak\u0131\u015f a\u00e7\u0131s\u0131yla ele al\u0131yor. Kitap, ekonomide bir \u201c\u015fey\u201din nas\u0131l meydana \u00e7\u0131kar\u0131ld\u0131\u011f\u0131na dair s\u00fcreci ke\u015ffetmek i\u00e7in okuyucusunu bir seri farkl\u0131 ampirik alanda \u2013kamu y\u00f6netiminden borsaya, yat\u0131r\u0131m bankalar\u0131ndan pazarlamac\u0131l\u0131\u011fa ve i\u015fletme fak\u00fcltelerine\u2013 bir gezintiye \u00e7\u0131kart\u0131yor. Ekonomik nesnelerin tasvirinin asl\u0131nda ekonomik nesneleri \u00fcretti\u011fini ve bir ekonomik eylemin sim\u00fclakrumunun, bir ger\u00e7ekle\u015fme formu oldu\u011funu g\u00f6zler \u00f6n\u00fcne seriyor. Ayr\u0131ca neyin ekonomik olup olmayaca\u011f\u0131n\u0131n tart\u0131\u015fmaya tabi oldu\u011funu ve ekonomik ger\u00e7ekli\u011fi s\u00fcrekli tasvir ederek \u015fekillendirmenin, uygulamal\u0131 bir s\u0131navla y\u00fczle\u015fmek demek oldu\u011funu g\u00f6steriyor. <\/p>\n","protected":false},"excerpt":{"rendered":"<p>\u201cBelirtmeye \u00e7al\u0131\u015ft\u0131\u011f\u0131m \u015fey tek bir finansal nesnenin mali de\u011ferinin bir tacir, sat\u0131\u015f sorumlusu, arka ofis \u00e7al\u0131\u015fan\u0131, risk y\u00f6netimi uzman\u0131, muhasebeci ya da avukat taraf\u0131ndan farkl\u0131 ba\u011flamlarda<span class=\"excerpt-hellip\"> [\u2026]<\/span><\/p>\n","protected":false},"featured_media":0,"template":"","meta":{"_monsterinsights_skip_tracking":false,"_monsterinsights_sitenote_active":false,"_monsterinsights_sitenote_note":"","_monsterinsights_sitenote_category":0},"product_brand":[],"product_cat":[20333,13043],"product_tag":[],"class_list":{"0":"post-743479","1":"product","2":"type-product","3":"status-publish","5":"product_cat-diger-ekonomi","6":"product_cat-ekonomi","7":"pa_cilt-ciltsiz","8":"pa_tur-kitap","9":"pa_yayinevi-vakifbank-kultur-yayinlari","10":"pa_yazar-fabian-muniesa","12":"first","13":"instock","14":"sale","15":"shipping-taxable","16":"purchasable","17":"product-type-simple"},"_links":{"self":[{"href":"https:\/\/roveyayinevi.com.tr\/index.php\/wp-json\/wp\/v2\/product\/743479","targetHints":{"allow":["GET"]}}],"collection":[{"href":"https:\/\/roveyayinevi.com.tr\/index.php\/wp-json\/wp\/v2\/product"}],"about":[{"href":"https:\/\/roveyayinevi.com.tr\/index.php\/wp-json\/wp\/v2\/types\/product"}],"wp:attachment":[{"href":"https:\/\/roveyayinevi.com.tr\/index.php\/wp-json\/wp\/v2\/media?parent=743479"}],"wp:term":[{"taxonomy":"product_brand","embeddable":true,"href":"https:\/\/roveyayinevi.com.tr\/index.php\/wp-json\/wp\/v2\/product_brand?post=743479"},{"taxonomy":"product_cat","embeddable":true,"href":"https:\/\/roveyayinevi.com.tr\/index.php\/wp-json\/wp\/v2\/product_cat?post=743479"},{"taxonomy":"product_tag","embeddable":true,"href":"https:\/\/roveyayinevi.com.tr\/index.php\/wp-json\/wp\/v2\/product_tag?post=743479"}],"curies":[{"name":"wp","href":"https:\/\/api.w.org\/{rel}","templated":true}]}}