{"id":743478,"date":"2025-08-28T01:35:43","date_gmt":"2025-08-27T22:35:43","guid":{"rendered":"https:\/\/roveyayinevi.com.tr\/index.php\/urun\/on-ikinci-gece-2\/"},"modified":"2026-04-16T02:54:46","modified_gmt":"2026-04-15T23:54:46","slug":"on-ikinci-gece-2","status":"publish","type":"product","link":"https:\/\/roveyayinevi.com.tr\/index.php\/urun\/on-ikinci-gece-2\/","title":{"rendered":"On \u0130kinci Gece"},"content":{"rendered":"<p>Shakespeare\u2019in bu be\u015f perdelik komedisini Noel zaman\u0131n\u0131n son gecesi d\u00fczenlenen On \u0130kinci Gece kutlamalar\u0131nda, kraliyet sahnesinde oynanmak \u00fczere yazd\u0131\u011f\u0131 d\u00fc\u015f\u00fcn\u00fcl\u00fcr. \u0130nan\u0131\u015fa g\u00f6re bu kutlamalar s\u0131ras\u0131nda genelde her \u015fey alt\u00fcst olur ve terslikler birbirini kovalar; oyunun ad\u0131 da buna dayan\u0131r asl\u0131nda: On \u0130kinci Gece, g\u00f6r\u00fcn\u00fc\u015f\u00fcn aldat\u0131c\u0131 oldu\u011funu ustal\u0131kl\u0131 bir mizahla vurgulayan bir yanl\u0131\u015f anla\u015f\u0131lmalar, k\u0131l\u0131k de\u011fi\u015ftirmeler ve karma\u015falar komedisidir.    Alabora olan bir gemiden kurtulan ikiz karde\u015fler Sebastian ve Viola birbirlerini kaybetmenin \u00fcz\u00fcnt\u00fcs\u00fc i\u00e7inde hayata tutunmaya \u00e7al\u0131\u015f\u0131rlar. \u0130kizinden kopan Viola erkek k\u0131l\u0131\u011f\u0131na b\u00fcr\u00fcnmekte bulur \u00e7\u00f6z\u00fcm\u00fc. Oyunun karakterleri birbirlerinin ger\u00e7ek kimli\u011fini bilmeksizin \u00e2\u015f\u0131k olduk\u00e7a, karma\u015fa i\u00e7inden \u00e7\u0131k\u0131lmaz hale gelir. Cinsel kimlik ve d\u0131\u015f g\u00f6r\u00fcn\u00fc\u015f temalar\u0131n\u0131n yo\u011fun olarak i\u015flendi\u011fi eser, cinselli\u011fin bug\u00fcn bile anla\u015f\u0131lamayan y\u00f6nlerini y\u00fczy\u0131llar \u00f6ncesinden sorgular, konu cinsellik oldu\u011funda s\u0131n\u0131rlar\u0131n ne kadar belirsiz oldu\u011funu mizahi bir yakla\u015f\u0131mla vurgular. <\/p>\n","protected":false},"excerpt":{"rendered":"<p>Shakespeare\u2019in bu be\u015f perdelik komedisini Noel zaman\u0131n\u0131n son gecesi d\u00fczenlenen On \u0130kinci Gece kutlamalar\u0131nda, kraliyet sahnesinde oynanmak \u00fczere yazd\u0131\u011f\u0131 d\u00fc\u015f\u00fcn\u00fcl\u00fcr. \u0130nan\u0131\u015fa g\u00f6re bu kutlamalar s\u0131ras\u0131nda genelde<span class=\"excerpt-hellip\"> [\u2026]<\/span><\/p>\n","protected":false},"featured_media":0,"template":"","meta":{"_monsterinsights_skip_tracking":false,"_monsterinsights_sitenote_active":false,"_monsterinsights_sitenote_note":"","_monsterinsights_sitenote_category":0},"product_brand":[],"product_cat":[12291,14272],"product_tag":[],"class_list":{"0":"post-743478","1":"product","2":"type-product","3":"status-publish","5":"product_cat-edebiyat","6":"product_cat-tiyatro","7":"pa_cilt-ciltsiz","8":"pa_tur-kitap","9":"pa_yayinevi-can-yayinlari","10":"pa_yazar-william-shakespeare","12":"first","13":"instock","14":"sale","15":"shipping-taxable","16":"purchasable","17":"product-type-simple"},"_links":{"self":[{"href":"https:\/\/roveyayinevi.com.tr\/index.php\/wp-json\/wp\/v2\/product\/743478","targetHints":{"allow":["GET"]}}],"collection":[{"href":"https:\/\/roveyayinevi.com.tr\/index.php\/wp-json\/wp\/v2\/product"}],"about":[{"href":"https:\/\/roveyayinevi.com.tr\/index.php\/wp-json\/wp\/v2\/types\/product"}],"wp:attachment":[{"href":"https:\/\/roveyayinevi.com.tr\/index.php\/wp-json\/wp\/v2\/media?parent=743478"}],"wp:term":[{"taxonomy":"product_brand","embeddable":true,"href":"https:\/\/roveyayinevi.com.tr\/index.php\/wp-json\/wp\/v2\/product_brand?post=743478"},{"taxonomy":"product_cat","embeddable":true,"href":"https:\/\/roveyayinevi.com.tr\/index.php\/wp-json\/wp\/v2\/product_cat?post=743478"},{"taxonomy":"product_tag","embeddable":true,"href":"https:\/\/roveyayinevi.com.tr\/index.php\/wp-json\/wp\/v2\/product_tag?post=743478"}],"curies":[{"name":"wp","href":"https:\/\/api.w.org\/{rel}","templated":true}]}}