{"id":743477,"date":"2025-08-28T01:35:42","date_gmt":"2025-08-27T22:35:42","guid":{"rendered":"https:\/\/roveyayinevi.com.tr\/index.php\/urun\/thomas-mann-ve-ailesi\/"},"modified":"2026-04-08T03:03:22","modified_gmt":"2026-04-08T00:03:22","slug":"thomas-mann-ve-ailesi","status":"publish","type":"product","link":"https:\/\/roveyayinevi.com.tr\/index.php\/urun\/thomas-mann-ve-ailesi\/","title":{"rendered":"Thomas Mann ve Ailesi"},"content":{"rendered":"<p>Bir ailenin sekiz ferdi, sekiz farkl\u0131 bak\u0131\u015f a\u00e7\u0131s\u0131. Avrupa edebiyat\u0131n\u0131n en k\u00f6kl\u00fc ve s\u0131ra d\u0131\u015f\u0131 ailelerinden biri olan Mann ailesinin hik\u00e2yesi hi\u00e7 bu \u015fekilde anlat\u0131lmad\u0131.    Thomas Mann\u2019\u0131n devasa g\u00f6lgesini rakipleri kadar ailesindekiler de hisseder. Her daim yan\u0131nda olan e\u015fi Katia, onu \u00e7ocuklar\u0131ndan korur: babas\u0131 gibi \u00fcnl\u00fc bir yazar olmak isteyen o\u011flu Klaus; tutkuyla seven ve tutkuyla nefret eden b\u00fcy\u00fck k\u0131zlar\u0131 Erika; mutlulu\u011fu ailesinden uzaklarda arayan \u00e7ekingen Golo; m\u00fczisyen olmak isteyen ve ailenin beklentilerine kar\u015f\u0131 koyan Michael; hayvanlarla konu\u015fmak ve d\u00fcnyay\u0131 kurtarmak isteyen, babas\u0131n\u0131n g\u00f6zbebe\u011fi Elisabeth ve herkesin alay etti\u011fi Monika. Hayat\u0131 u\u00e7larda ya\u015fayan, anne babas\u0131n\u0131n servetini yok eden, hepsi Hitler\u2019e d\u00fc\u015fman olacak \u00e7ocuklar. Hayat onlar\u0131 nereye savuracak?   Tilmann Lahme\u2019nin belgesel roman\u0131, Mann ailesinin sevgiyle, tarihsel s\u0131navlarla ve ihanetle dolu destans\u0131 \u00f6yk\u00fcs\u00fcn\u00fc anlat\u0131yor.   \u201cElindeki malzemeyi ola\u011fan\u00fcst\u00fc bir \u015fekilde anlatan, ilk bak\u0131\u015fta e\u011flenceli ama asl\u0131nda son derece h\u00fcz\u00fcnl\u00fc bir kitap.\u201d S\u00fcddeutsche Zeitung <\/p>\n","protected":false},"excerpt":{"rendered":"<p>Bir ailenin sekiz ferdi, sekiz farkl\u0131 bak\u0131\u015f a\u00e7\u0131s\u0131. Avrupa edebiyat\u0131n\u0131n en k\u00f6kl\u00fc ve s\u0131ra d\u0131\u015f\u0131 ailelerinden biri olan Mann ailesinin hik\u00e2yesi hi\u00e7 bu \u015fekilde anlat\u0131lmad\u0131. Thomas<span class=\"excerpt-hellip\"> [\u2026]<\/span><\/p>\n","protected":false},"featured_media":0,"template":"","meta":{"_monsterinsights_skip_tracking":false,"_monsterinsights_sitenote_active":false,"_monsterinsights_sitenote_note":"","_monsterinsights_sitenote_category":0},"product_brand":[],"product_cat":[12291,12711],"product_tag":[],"class_list":{"0":"post-743477","1":"product","2":"type-product","3":"status-publish","5":"product_cat-edebiyat","6":"product_cat-roman-oyku","7":"pa_cilt-ciltsiz","8":"pa_tur-kitap","9":"pa_yayinevi-can-yayinlari","10":"pa_yazar-tilmann-lahme","12":"first","13":"instock","14":"sale","15":"shipping-taxable","16":"purchasable","17":"product-type-simple"},"_links":{"self":[{"href":"https:\/\/roveyayinevi.com.tr\/index.php\/wp-json\/wp\/v2\/product\/743477","targetHints":{"allow":["GET"]}}],"collection":[{"href":"https:\/\/roveyayinevi.com.tr\/index.php\/wp-json\/wp\/v2\/product"}],"about":[{"href":"https:\/\/roveyayinevi.com.tr\/index.php\/wp-json\/wp\/v2\/types\/product"}],"wp:attachment":[{"href":"https:\/\/roveyayinevi.com.tr\/index.php\/wp-json\/wp\/v2\/media?parent=743477"}],"wp:term":[{"taxonomy":"product_brand","embeddable":true,"href":"https:\/\/roveyayinevi.com.tr\/index.php\/wp-json\/wp\/v2\/product_brand?post=743477"},{"taxonomy":"product_cat","embeddable":true,"href":"https:\/\/roveyayinevi.com.tr\/index.php\/wp-json\/wp\/v2\/product_cat?post=743477"},{"taxonomy":"product_tag","embeddable":true,"href":"https:\/\/roveyayinevi.com.tr\/index.php\/wp-json\/wp\/v2\/product_tag?post=743477"}],"curies":[{"name":"wp","href":"https:\/\/api.w.org\/{rel}","templated":true}]}}