{"id":743476,"date":"2025-08-28T01:35:40","date_gmt":"2025-08-27T22:35:40","guid":{"rendered":"https:\/\/roveyayinevi.com.tr\/index.php\/urun\/gunes-hirsizlari\/"},"modified":"2026-04-16T02:54:46","modified_gmt":"2026-04-15T23:54:46","slug":"gunes-hirsizlari","status":"publish","type":"product","link":"https:\/\/roveyayinevi.com.tr\/index.php\/urun\/gunes-hirsizlari\/","title":{"rendered":"G\u00fcne\u015f H\u0131rs\u0131zlar\u0131"},"content":{"rendered":"<p>Sabah uyan\u0131yorsunuz, bir bak\u0131yorsunuz her yer karanl\u0131k, G\u00fcne\u015f yok! I\u015f\u0131\u011fa duyarl\u0131 bir uzayl\u0131 \u0131rk\u0131 D\u00fcnya\u2019da ya\u015fayabilmek i\u00e7in G\u00fcne\u015f\u2019e perde \u00e7ekmi\u015f, insanl\u0131\u011f\u0131 karanl\u0131\u011fa, umutsuzlu\u011fa hapsetmi\u015f. Do\u011fu Y\u00fccel, insanl\u0131\u011f\u0131n direni\u015fini anlatt\u0131\u011f\u0131 distopik novellas\u0131 \u201cG\u00fcne\u015f H\u0131rs\u0131zlar\u0131\u201dna ek olarak b\u00fcy\u00fcl\u00fc ger\u00e7ek\u00e7ilikten masal edebiyat\u0131na, korkudan bilimkurguya uzanan on bir \u00f6yk\u00fcyle okurlar\u0131n kar\u015f\u0131s\u0131na \u00e7\u0131k\u0131yor.   Bu \u00f6yk\u00fclerde her an her \u015fey olabilir: Sinemaya tek ba\u015f\u0131na gitti\u011finizde kendinizi izledi\u011finiz filmin i\u00e7inde bulabilir ya da Be\u015fikta\u015f-Kad\u0131k\u00f6y vapurunda galaksiler \u00f6tesinden gelen bir uzayl\u0131ya \u00e2\u015f\u0131k olabilirsiniz. Yazar, s\u0131radan insanlar\u0131n ba\u015f\u0131na gelen s\u0131ra d\u0131\u015f\u0131 hik\u00e2yeleri anlat\u0131rken okurlara sorular da y\u00f6neltiyor: R\u00fcyalar\u0131 bi\u00e7imlendirebilir miyiz, ilham perileri ger\u00e7ek olabilir mi, D\u00fcnya\u2019n\u0131n as\u0131l sahipleri kim, \u00f6p\u00fc\u015f\u00fcrken neden g\u00f6zlerimizi kapat\u0131r\u0131z? gibi&#8230; Ve bu sorular, g\u00fcl\u00fcmseten metaforlar ve zengin bir hayal g\u00fcc\u00fcyle beklenmedik yan\u0131tlara kavu\u015fuyor.   Ayaklar\u0131n\u0131z\u0131 yerden kesen ama ayaklar\u0131 her daim yere basan hik\u00e2yeler bunlar. Ne de olsa ger\u00e7ek biraz da d\u00fc\u015flerde sakl\u0131d\u0131r.   \u201c\u00dczg\u00fcn\u00fcz say\u0131n yerli film yap\u0131mc\u0131lar\u0131 ama b\u00f6yle \u00f6yk\u00fclerin yaz\u0131ld\u0131\u011f\u0131 bir memleketten \u00f6zg\u00fcn senaryolar \u00e7\u0131km\u0131yorsa bu sadece sizin g\u00fcnah\u0131n\u0131z.\u201d Tuna Kiremit\u00e7i, Radikal Kitap   \u201cG\u00fcne\u015f H\u0131rs\u0131zlar\u0131 kurgunun ve hayal g\u00fcc\u00fcn\u00fcn r\u00fczg\u00e2r\u0131n\u0131 arkas\u0131na alarak, r\u00fcya gibi bir atmosferde ger\u00e7e\u011fin tokad\u0131n\u0131 b\u00fct\u00fcn kuvvetiyle y\u00fcz\u00fcm\u00fcze \u00e7arp\u0131yor.\u201d Ozan Karaka\u015f, soL     \u201cG\u00fcne\u015f H\u0131rs\u0131zlar\u0131 b\u00fcy\u00fck bilimkurgu yazarlar\u0131n\u0131n \u00f6yk\u00fcleriyle kar\u015f\u0131la\u015ft\u0131r\u0131labilecek g\u00fc\u00e7te bir \u00f6yk\u00fc.\u201d Alican Sayg\u0131 Ortanca, Cumhuriyet Kitap <\/p>\n","protected":false},"excerpt":{"rendered":"<p>Sabah uyan\u0131yorsunuz, bir bak\u0131yorsunuz her yer karanl\u0131k, G\u00fcne\u015f yok! I\u015f\u0131\u011fa duyarl\u0131 bir uzayl\u0131 \u0131rk\u0131 D\u00fcnya\u2019da ya\u015fayabilmek i\u00e7in G\u00fcne\u015f\u2019e perde \u00e7ekmi\u015f, insanl\u0131\u011f\u0131 karanl\u0131\u011fa, umutsuzlu\u011fa hapsetmi\u015f. Do\u011fu Y\u00fccel,<span class=\"excerpt-hellip\"> [\u2026]<\/span><\/p>\n","protected":false},"featured_media":0,"template":"","meta":{"_monsterinsights_skip_tracking":false,"_monsterinsights_sitenote_active":false,"_monsterinsights_sitenote_note":"","_monsterinsights_sitenote_category":0},"product_brand":[],"product_cat":[12291,12711],"product_tag":[],"class_list":{"0":"post-743476","1":"product","2":"type-product","3":"status-publish","5":"product_cat-edebiyat","6":"product_cat-roman-oyku","7":"pa_cilt-ciltsiz","8":"pa_tur-kitap","9":"pa_yayinevi-can-yayinlari","10":"pa_yazar-dogu-yucel","12":"first","13":"instock","14":"sale","15":"shipping-taxable","16":"purchasable","17":"product-type-simple"},"_links":{"self":[{"href":"https:\/\/roveyayinevi.com.tr\/index.php\/wp-json\/wp\/v2\/product\/743476","targetHints":{"allow":["GET"]}}],"collection":[{"href":"https:\/\/roveyayinevi.com.tr\/index.php\/wp-json\/wp\/v2\/product"}],"about":[{"href":"https:\/\/roveyayinevi.com.tr\/index.php\/wp-json\/wp\/v2\/types\/product"}],"wp:attachment":[{"href":"https:\/\/roveyayinevi.com.tr\/index.php\/wp-json\/wp\/v2\/media?parent=743476"}],"wp:term":[{"taxonomy":"product_brand","embeddable":true,"href":"https:\/\/roveyayinevi.com.tr\/index.php\/wp-json\/wp\/v2\/product_brand?post=743476"},{"taxonomy":"product_cat","embeddable":true,"href":"https:\/\/roveyayinevi.com.tr\/index.php\/wp-json\/wp\/v2\/product_cat?post=743476"},{"taxonomy":"product_tag","embeddable":true,"href":"https:\/\/roveyayinevi.com.tr\/index.php\/wp-json\/wp\/v2\/product_tag?post=743476"}],"curies":[{"name":"wp","href":"https:\/\/api.w.org\/{rel}","templated":true}]}}