{"id":743475,"date":"2025-08-28T01:35:39","date_gmt":"2025-08-27T22:35:39","guid":{"rendered":"https:\/\/roveyayinevi.com.tr\/index.php\/urun\/helgoland\/"},"modified":"2026-04-16T02:54:46","modified_gmt":"2026-04-15T23:54:46","slug":"helgoland","status":"publish","type":"product","link":"https:\/\/roveyayinevi.com.tr\/index.php\/urun\/helgoland\/","title":{"rendered":"Helgoland"},"content":{"rendered":"<p>Gen\u00e7 fizik\u00e7i Werner Heisenberg 1925\u2019te hen\u00fcz yirmi \u00fc\u00e7 ya\u015f\u0131ndayken Kuzey Denizi\u2019ndeki Helgoland Adas\u0131\u2019nda kuantum kuram\u0131n\u0131n temellerini att\u0131\u011f\u0131nda, Carlo Rovelli\u2019nin deyi\u015fiyle bizler ile ger\u00e7eklik aras\u0131ndaki bir perdeyi kald\u0131rarak ard\u0131ndaki dipsiz bir u\u00e7urumu g\u00f6r\u00fcn\u00fcr k\u0131ld\u0131. Heisenberg\u2019den \u00f6nce Einstein\u2019\u0131n \u00fczerinde kafa yordu\u011fu, 20. y\u00fczy\u0131l\u0131n b\u00fcy\u00fck kuramc\u0131lar\u0131ndan Richard Feynman\u2019\u0131n kimse taraf\u0131ndan anla\u015f\u0131lmad\u0131\u011f\u0131n\u0131 \u00f6ne s\u00fcrd\u00fc\u011f\u00fc kuantum mekani\u011fi \u00e7a\u011f\u0131m\u0131z\u0131n en b\u00fcy\u00fck bilimsel ke\u015fifleri aras\u0131ndaki yerini koruyor. G\u00fcn\u00fcm\u00fczde de bilim d\u00fcnyas\u0131nda ve felsefeciler aras\u0131nda son derece canl\u0131 bir tart\u0131\u015fma konusu olan kuantum kuram\u0131, ger\u00e7ekli\u011fin yap\u0131s\u0131ndan ki\u015fisel deneyimin do\u011fas\u0131na, metafizikten bilincin do\u011fas\u0131na dek \u00f6nemli sorular\u0131 yeniden ele almak i\u00e7in yeni yollar ortaya att\u0131. Bug\u00fcn kimyan\u0131n temellerine, G\u00fcne\u015f\u2019in, hatta beynimizin i\u015fleyi\u015fine ili\u015fkin bilgilerimizi bor\u00e7lu oldu\u011fumuz kuantum kuram\u0131 ayn\u0131 zamanda lazerden bilgisayara modern y\u00fcksek teknolojinin ard\u0131ndaki ba\u015fakt\u00f6rd\u00fcr. Buna kar\u015f\u0131n gizemini korumaya ve bilimcilerin kar\u015f\u0131s\u0131na yeni bulmacalar \u00e7\u0131karmay\u0131 s\u00fcrd\u00fcr\u00fcyor.   Bilimin g\u00fcc\u00fcn\u00fcn d\u00fcnyay\u0131 yeniden d\u00fc\u015f\u00fcnmekten korkmamakta yatt\u0131\u011f\u0131n\u0131, ger\u00e7ekli\u011fin s\u00fcrekli olarak gitgide daha etkili bi\u00e7imlerde yeniden tasarland\u0131\u011f\u0131n\u0131 s\u00f6yleyen Rovelli i\u015fte bu gizemin izlerini s\u00fcr\u00fcyor: Helgoland, Heisenberg\u2019in d\u00fc\u015f\u00fcncesinin \u00e7ekirde\u011fini tasarlad\u0131\u011f\u0131 bu adadan yola \u00e7\u0131karak ger\u00e7ekli\u011fin kuantum nitelikli yap\u0131s\u0131n\u0131n yaratt\u0131\u011f\u0131, gitgide daha \u00f6nemli konulara do\u011fru ad\u0131m ad\u0131m geni\u015fleyen ola\u011fan\u00fcst\u00fc bir ke\u015fif ser\u00fcveni.   \u201cBa\u015flamadan \u00f6nce bir uyar\u0131\u2026 Bilinmeyenin dipsiz derinlikleri her zaman \u00e7ekici ve ba\u015f d\u00f6nd\u00fcr\u00fcc\u00fcd\u00fcr. Ama kuantum mekani\u011fini ciddiye almak, onun sonu\u00e7lar\u0131 \u00fcst\u00fcne d\u00fc\u015f\u00fcnmek neredeyse sanr\u0131lar yaratan bir deneyimdir: \u015eu ya da bu bi\u00e7imde, bizden d\u00fcnya anlay\u0131\u015f\u0131m\u0131zda somut ve tart\u0131\u015fma g\u00f6t\u00fcrmez gibi g\u00f6r\u00fcnen bir \u015feyden vazge\u00e7meyi talep eder. Ger\u00e7ekli\u011fin hayal etti\u011fimizden \u00e7ok farkl\u0131 oldu\u011funu kabul etmemizi ister. Ak\u0131l s\u0131r ermez derinliklere dalmaktan korkmadan o girdab\u0131n i\u00e7ine g\u00f6z\u00fcn\u00fcz\u00fc dikmenizi ister.\u201d <\/p>\n","protected":false},"excerpt":{"rendered":"<p>Gen\u00e7 fizik\u00e7i Werner Heisenberg 1925\u2019te hen\u00fcz yirmi \u00fc\u00e7 ya\u015f\u0131ndayken Kuzey Denizi\u2019ndeki Helgoland Adas\u0131\u2019nda kuantum kuram\u0131n\u0131n temellerini att\u0131\u011f\u0131nda, Carlo Rovelli\u2019nin deyi\u015fiyle bizler ile ger\u00e7eklik aras\u0131ndaki bir perdeyi<span class=\"excerpt-hellip\"> [\u2026]<\/span><\/p>\n","protected":false},"featured_media":0,"template":"","meta":{"_monsterinsights_skip_tracking":false,"_monsterinsights_sitenote_active":false,"_monsterinsights_sitenote_note":"","_monsterinsights_sitenote_category":0},"product_brand":[],"product_cat":[13005,37328],"product_tag":[],"class_list":{"0":"post-743475","1":"product","2":"type-product","3":"status-publish","5":"product_cat-bilim-muhendislik","6":"product_cat-diger-bilim-muhendislik","7":"pa_cilt-ciltsiz","8":"pa_tur-kitap","9":"pa_yayinevi-tellekt","10":"pa_yazar-carlo-rovelli","12":"first","13":"instock","14":"sale","15":"shipping-taxable","16":"purchasable","17":"product-type-simple"},"_links":{"self":[{"href":"https:\/\/roveyayinevi.com.tr\/index.php\/wp-json\/wp\/v2\/product\/743475","targetHints":{"allow":["GET"]}}],"collection":[{"href":"https:\/\/roveyayinevi.com.tr\/index.php\/wp-json\/wp\/v2\/product"}],"about":[{"href":"https:\/\/roveyayinevi.com.tr\/index.php\/wp-json\/wp\/v2\/types\/product"}],"wp:attachment":[{"href":"https:\/\/roveyayinevi.com.tr\/index.php\/wp-json\/wp\/v2\/media?parent=743475"}],"wp:term":[{"taxonomy":"product_brand","embeddable":true,"href":"https:\/\/roveyayinevi.com.tr\/index.php\/wp-json\/wp\/v2\/product_brand?post=743475"},{"taxonomy":"product_cat","embeddable":true,"href":"https:\/\/roveyayinevi.com.tr\/index.php\/wp-json\/wp\/v2\/product_cat?post=743475"},{"taxonomy":"product_tag","embeddable":true,"href":"https:\/\/roveyayinevi.com.tr\/index.php\/wp-json\/wp\/v2\/product_tag?post=743475"}],"curies":[{"name":"wp","href":"https:\/\/api.w.org\/{rel}","templated":true}]}}