{"id":743474,"date":"2025-08-28T01:35:38","date_gmt":"2025-08-27T22:35:38","guid":{"rendered":"https:\/\/roveyayinevi.com.tr\/index.php\/urun\/sakar-kalem\/"},"modified":"2026-04-16T02:54:46","modified_gmt":"2026-04-15T23:54:46","slug":"sakar-kalem","status":"publish","type":"product","link":"https:\/\/roveyayinevi.com.tr\/index.php\/urun\/sakar-kalem\/","title":{"rendered":"Sakar Kalem"},"content":{"rendered":"<p>Fethi Naci\u2019den Ahmet Cemal\u2019e, Enis Batur\u2019dan Orhan Suda\u2019ya, Albert Camus\u2019den Georges Simenon\u2019a; edebiyat ele\u015ftirisinden \u00e7evirmenin masas\u0131na&#8230; 2001 y\u0131l\u0131nda yay\u0131mlanan ilk roman\u0131 Eksik Ta\u015flar\u2019la ba\u015flayan yaz\u0131 yolculu\u011funun yirminci y\u0131l\u0131n\u0131 geride b\u0131rakan Yi\u011fit Bener, Sakar Kalem\u2019de okuma, yazma ve \u00e7eviri ser\u00fcveninden yans\u0131yan d\u00fc\u015f\u00fcnceleri payla\u015f\u0131yor okurlarla: Ger\u00e7ekten edebiyat\u0131 dert edinerek, derdi ger\u00e7ekten edebiyat olanlar i\u00e7in&#8230; Ay\u015fe Sar\u0131say\u0131n\u2019\u0131n s\u00f6zleriyle: \u201cNedenlerini nas\u0131llar\u0131n\u0131, \u00f6ncesini ve sonras\u0131n\u0131 her y\u00f6n\u00fcyle ele alarak, ba\u015f d\u00f6nd\u00fcren sorular silsilesiyle irdeleyerek, kesin bir yarg\u0131ya varmadan, herkesin kendi yarg\u0131s\u0131n\u0131 olu\u015fturabilmesi i\u00e7in t\u00fcm verileri ortaya koyarak&#8230;\u201d<\/p>\n","protected":false},"excerpt":{"rendered":"<p>Fethi Naci\u2019den Ahmet Cemal\u2019e, Enis Batur\u2019dan Orhan Suda\u2019ya, Albert Camus\u2019den Georges Simenon\u2019a; edebiyat ele\u015ftirisinden \u00e7evirmenin masas\u0131na&#8230; 2001 y\u0131l\u0131nda yay\u0131mlanan ilk roman\u0131 Eksik Ta\u015flar\u2019la ba\u015flayan yaz\u0131 yolculu\u011funun<span class=\"excerpt-hellip\"> [\u2026]<\/span><\/p>\n","protected":false},"featured_media":0,"template":"","meta":{"_monsterinsights_skip_tracking":false,"_monsterinsights_sitenote_active":false,"_monsterinsights_sitenote_note":"","_monsterinsights_sitenote_category":0},"product_brand":[],"product_cat":[12777,12291],"product_tag":[],"class_list":{"0":"post-743474","1":"product","2":"type-product","3":"status-publish","5":"product_cat-deneme","6":"product_cat-edebiyat","7":"pa_cilt-ciltsiz","8":"pa_tur-kitap","9":"pa_yayinevi-everest-yayinlari","10":"pa_yazar-yigit-bener","12":"first","13":"instock","14":"sale","15":"shipping-taxable","16":"purchasable","17":"product-type-simple"},"_links":{"self":[{"href":"https:\/\/roveyayinevi.com.tr\/index.php\/wp-json\/wp\/v2\/product\/743474","targetHints":{"allow":["GET"]}}],"collection":[{"href":"https:\/\/roveyayinevi.com.tr\/index.php\/wp-json\/wp\/v2\/product"}],"about":[{"href":"https:\/\/roveyayinevi.com.tr\/index.php\/wp-json\/wp\/v2\/types\/product"}],"wp:attachment":[{"href":"https:\/\/roveyayinevi.com.tr\/index.php\/wp-json\/wp\/v2\/media?parent=743474"}],"wp:term":[{"taxonomy":"product_brand","embeddable":true,"href":"https:\/\/roveyayinevi.com.tr\/index.php\/wp-json\/wp\/v2\/product_brand?post=743474"},{"taxonomy":"product_cat","embeddable":true,"href":"https:\/\/roveyayinevi.com.tr\/index.php\/wp-json\/wp\/v2\/product_cat?post=743474"},{"taxonomy":"product_tag","embeddable":true,"href":"https:\/\/roveyayinevi.com.tr\/index.php\/wp-json\/wp\/v2\/product_tag?post=743474"}],"curies":[{"name":"wp","href":"https:\/\/api.w.org\/{rel}","templated":true}]}}