{"id":743473,"date":"2025-08-28T01:35:37","date_gmt":"2025-08-27T22:35:37","guid":{"rendered":"https:\/\/roveyayinevi.com.tr\/index.php\/urun\/1-gb-adalet\/"},"modified":"2026-04-16T02:54:46","modified_gmt":"2026-04-15T23:54:46","slug":"1-gb-adalet","status":"publish","type":"product","link":"https:\/\/roveyayinevi.com.tr\/index.php\/urun\/1-gb-adalet\/","title":{"rendered":"1 GB Adalet"},"content":{"rendered":"<p>ADALET, B\u00dcY\u00dcME VE OLGUNLA\u015eMA, B\u0130L\u0130M VE TEKNOLOJ\u0130, ET\u0130K DE\u011eERLER, M\u00dcCADELEAdaletin g\u00fcc\u00fc &#8221;gigabaytlarla&#8221; \u00f6l\u00e7\u00fclemez!\u00d6d\u00fcll\u00fc yazar Dilge G\u00fcney&#8217;in kaleminden \u00e7\u0131kan 1 GB Adalet, okurlar\u0131 \u00e7etrefilli bir bisiklet h\u0131rs\u0131zl\u0131\u011f\u0131 davas\u0131n\u0131n g\u00f6r\u00fcld\u00fc\u011f\u00fc kalabal\u0131k bir duru\u015fma salonuna davet ediyor; biri insan, di\u011feri ise insandan ay\u0131rt edilmesi imk\u00e2ns\u0131z bir robot olan iki \u015f\u00fcpheliyle ba\u015f ba\u015fa b\u0131rak\u0131yor. Geli\u015fen yapay zek\u00e2 teknolojilerinin g\u00f6lgesinde giderek karma\u015f\u0131kla\u015fan insan-robot ili\u015fkilerini farkl\u0131 perspektiflerden ele alan roman, ger\u00e7ekle kurmaca aras\u0131nda gidip gelen sat\u0131rlar\u0131n\u0131n aras\u0131nda gelece\u011fin d\u00fcnyas\u0131na dair \u00f6nemli varsay\u0131mlarda bulunuyor. Kitap, insan ve &#8221;\u00e7ocuk&#8221; haklar\u0131 \u00f6zelinde ceza ve adalet sistemi konusunda okuru derin sorgulamalara itiyor. Ayr\u0131ca s\u0131n\u0131fsal farkl\u0131l\u0131klara ba\u011fl\u0131 olarak ortaya \u00e7\u0131kan sosyal adaletsizlik ve hak ihlalleri gibi konulara temas etmeyi de ihmal etmiyor.  Distopik bir gelecekte, keskin hatlarla iki par\u00e7aya b\u00f6l\u00fcnm\u00fc\u015f koskoca bir \u015fehir: G\u00fcvenli say\u0131labilecek &#8221;ye\u015fil&#8221; b\u00f6lge ve kaderine terk edilmi\u015f &#8221;turuncu&#8221; b\u00f6lge. Bir u\u00e7ta turuncu \u00e7izgilerin s\u0131n\u0131r\u0131nda ya\u015fam m\u00fccadelesi veren Ethem; \u00f6teki u\u00e7ta ise Meto ad\u0131nda, reklam faaliyetleri i\u00e7in \u00fcretilmi\u015f sosyal medya fenomeni bir robot. Ve \u015fimdi, normal ko\u015fullarda ancak r\u00fcyalarda bir araya gelebilecek bu iki &#8221;\u00e7ocuk&#8221; ola\u011fand\u0131\u015f\u0131 bir h\u0131rs\u0131zl\u0131k davas\u0131n\u0131n san\u0131klar\u0131 olarak kar\u015f\u0131m\u0131zda!B\u00fcy\u00fck yank\u0131 uyand\u0131ran b\u00f6ylesi bir davada yarg\u0131, tarafs\u0131zl\u0131\u011f\u0131n\u0131 koruyabilecek mi? Adaletin &#8221;gigabaytlarla&#8221; \u00f6l\u00e7\u00fcld\u00fc\u011f\u00fc bir toplumsal d\u00fczende kim su\u00e7lanacak, kim aklanacak? Gen\u00e7leri su\u00e7a s\u00fcr\u00fckleyen fakt\u00f6rler \u00fczerine d\u00fc\u015f\u00fcnd\u00fcren 1 GB Adalet, \u00e7ocuklar\u0131n yarg\u0131lanmas\u0131 ve cezaland\u0131r\u0131lmas\u0131 gibi konularda hem sa\u011fduyulu hem de ger\u00e7ek\u00e7i bir anlat\u0131 sergiliyor. <\/p>\n","protected":false},"excerpt":{"rendered":"<p>ADALET, B\u00dcY\u00dcME VE OLGUNLA\u015eMA, B\u0130L\u0130M VE TEKNOLOJ\u0130, ET\u0130K DE\u011eERLER, M\u00dcCADELEAdaletin g\u00fcc\u00fc &#8221;gigabaytlarla&#8221; \u00f6l\u00e7\u00fclemez!\u00d6d\u00fcll\u00fc yazar Dilge G\u00fcney&#8217;in kaleminden \u00e7\u0131kan 1 GB Adalet, okurlar\u0131 \u00e7etrefilli bir bisiklet h\u0131rs\u0131zl\u0131\u011f\u0131<span class=\"excerpt-hellip\"> [\u2026]<\/span><\/p>\n","protected":false},"featured_media":0,"template":"","meta":{"_monsterinsights_skip_tracking":false,"_monsterinsights_sitenote_active":false,"_monsterinsights_sitenote_note":"","_monsterinsights_sitenote_category":0},"product_brand":[],"product_cat":[12274,12284],"product_tag":[],"class_list":{"0":"post-743473","1":"product","2":"type-product","3":"status-publish","5":"product_cat-cocuk-ve-genclik-kitaplari","6":"product_cat-hikayeler","7":"pa_cilt-ciltsiz","8":"pa_tur-kitap","9":"pa_yayinevi-tudem-yayinlari","10":"pa_yazar-dilge-guney","12":"first","13":"instock","14":"sale","15":"shipping-taxable","16":"purchasable","17":"product-type-simple"},"_links":{"self":[{"href":"https:\/\/roveyayinevi.com.tr\/index.php\/wp-json\/wp\/v2\/product\/743473","targetHints":{"allow":["GET"]}}],"collection":[{"href":"https:\/\/roveyayinevi.com.tr\/index.php\/wp-json\/wp\/v2\/product"}],"about":[{"href":"https:\/\/roveyayinevi.com.tr\/index.php\/wp-json\/wp\/v2\/types\/product"}],"wp:attachment":[{"href":"https:\/\/roveyayinevi.com.tr\/index.php\/wp-json\/wp\/v2\/media?parent=743473"}],"wp:term":[{"taxonomy":"product_brand","embeddable":true,"href":"https:\/\/roveyayinevi.com.tr\/index.php\/wp-json\/wp\/v2\/product_brand?post=743473"},{"taxonomy":"product_cat","embeddable":true,"href":"https:\/\/roveyayinevi.com.tr\/index.php\/wp-json\/wp\/v2\/product_cat?post=743473"},{"taxonomy":"product_tag","embeddable":true,"href":"https:\/\/roveyayinevi.com.tr\/index.php\/wp-json\/wp\/v2\/product_tag?post=743473"}],"curies":[{"name":"wp","href":"https:\/\/api.w.org\/{rel}","templated":true}]}}