{"id":743470,"date":"2025-08-28T01:35:32","date_gmt":"2025-08-27T22:35:32","guid":{"rendered":"https:\/\/roveyayinevi.com.tr\/index.php\/urun\/ilk-sevgi\/"},"modified":"2026-04-16T02:54:46","modified_gmt":"2026-04-15T23:54:46","slug":"ilk-sevgi","status":"publish","type":"product","link":"https:\/\/roveyayinevi.com.tr\/index.php\/urun\/ilk-sevgi\/","title":{"rendered":"\u0130lk Sevgi"},"content":{"rendered":"<p>Ahmet Rasim B\u00fct\u00fcn Eserleri &#8211; 1 Yazd\u0131\u011f\u0131 roman ve hik\u00e2yelerle yeni bir d\u00fcnyan\u0131n temsilcisi olan Ahmet Rasim, kaleme ald\u0131\u011f\u0131 ilk novellayla okur kar\u015f\u0131s\u0131nda. \u0130lk Sevgi, a\u015fk ve entrika aras\u0131nda sal\u0131nan bir hik\u00e2ye. Yaln\u0131zl\u0131\u011f\u0131, ac\u0131s\u0131, h\u00fcsran\u0131, ihaneti ve \u00f6l\u00fcm\u00fc bol bir \u00f6yk\u00fc. Kad\u0131nlar ad\u0131na, kad\u0131nlar\u0131n sesi olmak i\u00e7in yaz\u0131lm\u0131\u015f. \u015eimdi, g\u00fcn\u00fcm\u00fcz T\u00fcrk\u00e7esiyle&#8230; <\/p>\n","protected":false},"excerpt":{"rendered":"<p>Ahmet Rasim B\u00fct\u00fcn Eserleri &#8211; 1 Yazd\u0131\u011f\u0131 roman ve hik\u00e2yelerle yeni bir d\u00fcnyan\u0131n temsilcisi olan Ahmet Rasim, kaleme ald\u0131\u011f\u0131 ilk novellayla okur kar\u015f\u0131s\u0131nda. \u0130lk Sevgi, a\u015fk<span class=\"excerpt-hellip\"> [\u2026]<\/span><\/p>\n","protected":false},"featured_media":0,"template":"","meta":{"_monsterinsights_skip_tracking":false,"_monsterinsights_sitenote_active":false,"_monsterinsights_sitenote_note":"","_monsterinsights_sitenote_category":0},"product_brand":[],"product_cat":[12291,12711],"product_tag":[],"class_list":{"0":"post-743470","1":"product","2":"type-product","3":"status-publish","5":"product_cat-edebiyat","6":"product_cat-roman-oyku","7":"pa_cilt-ciltsiz","8":"pa_tur-kitap","9":"pa_yayinevi-sapiens-yayinlari","10":"pa_yazar-ahmet-rasim","12":"first","13":"instock","14":"sale","15":"shipping-taxable","16":"purchasable","17":"product-type-simple"},"_links":{"self":[{"href":"https:\/\/roveyayinevi.com.tr\/index.php\/wp-json\/wp\/v2\/product\/743470","targetHints":{"allow":["GET"]}}],"collection":[{"href":"https:\/\/roveyayinevi.com.tr\/index.php\/wp-json\/wp\/v2\/product"}],"about":[{"href":"https:\/\/roveyayinevi.com.tr\/index.php\/wp-json\/wp\/v2\/types\/product"}],"wp:attachment":[{"href":"https:\/\/roveyayinevi.com.tr\/index.php\/wp-json\/wp\/v2\/media?parent=743470"}],"wp:term":[{"taxonomy":"product_brand","embeddable":true,"href":"https:\/\/roveyayinevi.com.tr\/index.php\/wp-json\/wp\/v2\/product_brand?post=743470"},{"taxonomy":"product_cat","embeddable":true,"href":"https:\/\/roveyayinevi.com.tr\/index.php\/wp-json\/wp\/v2\/product_cat?post=743470"},{"taxonomy":"product_tag","embeddable":true,"href":"https:\/\/roveyayinevi.com.tr\/index.php\/wp-json\/wp\/v2\/product_tag?post=743470"}],"curies":[{"name":"wp","href":"https:\/\/api.w.org\/{rel}","templated":true}]}}