{"id":743466,"date":"2025-08-28T01:35:26","date_gmt":"2025-08-27T22:35:26","guid":{"rendered":"https:\/\/roveyayinevi.com.tr\/index.php\/urun\/evde-yangin\/"},"modified":"2026-04-16T02:54:46","modified_gmt":"2026-04-15T23:54:46","slug":"evde-yangin","status":"publish","type":"product","link":"https:\/\/roveyayinevi.com.tr\/index.php\/urun\/evde-yangin\/","title":{"rendered":"Evde Yang\u0131n"},"content":{"rendered":"<p>&#8220;\u00c7akma\u011f\u0131m&#8230;&#8221; dedi Salih. &#8221; Masadayd\u0131&#8230;&#8221;Nurten han\u0131m masan\u0131n \u00fczerinde \u00e7akma\u011f\u0131 g\u00f6remeyince televizyonun sehpas\u0131na, hemen \u00f6n\u00fcndeki saks\u0131y\u0131 koyduklar\u0131 sehpaya, kocas\u0131n\u0131n hep oturup ma\u00e7 izledi\u011fi koltu\u011fun arkas\u0131nda uzanan radyat\u00f6r\u00fcn \u00fcst\u00fcne dikkatle bakt\u0131.&#8221;\u00c7akma\u011f\u0131m yok&#8230;&#8221; dedi.&#8221;Masada yok mu?&#8221;&#8221;Yok i\u015fte. Masada tabla vard\u0131 ald\u0131m. \u00c7akmak yoktu.&#8221; \u00c7akmak bulunamad\u0131. Bulunamad\u0131 ama hem anne hem baba bunu \u00f6nemsemediler. Oysa bu k\u00fc\u00e7\u00fcc\u00fck ayr\u0131nt\u0131 asl\u0131nda b\u00fcy\u00fck felaketi haz\u0131rlayan ilk ad\u0131md\u0131!<\/p>\n","protected":false},"excerpt":{"rendered":"<p>&#8220;\u00c7akma\u011f\u0131m&#8230;&#8221; dedi Salih. &#8221; Masadayd\u0131&#8230;&#8221;Nurten han\u0131m masan\u0131n \u00fczerinde \u00e7akma\u011f\u0131 g\u00f6remeyince televizyonun sehpas\u0131na, hemen \u00f6n\u00fcndeki saks\u0131y\u0131 koyduklar\u0131 sehpaya, kocas\u0131n\u0131n hep oturup ma\u00e7 izledi\u011fi koltu\u011fun arkas\u0131nda uzanan radyat\u00f6r\u00fcn<span class=\"excerpt-hellip\"> [\u2026]<\/span><\/p>\n","protected":false},"featured_media":0,"template":"","meta":{"_monsterinsights_skip_tracking":false,"_monsterinsights_sitenote_active":false,"_monsterinsights_sitenote_note":"","_monsterinsights_sitenote_category":0},"product_brand":[],"product_cat":[12274,12284],"product_tag":[],"class_list":{"0":"post-743466","1":"product","2":"type-product","3":"status-publish","5":"product_cat-cocuk-ve-genclik-kitaplari","6":"product_cat-hikayeler","7":"pa_cilt-ciltsiz","8":"pa_tur-kitap","9":"pa_yayinevi-mavi-bulut-yayinlari","10":"pa_yazar-fatih-erdogan","12":"first","13":"instock","14":"sale","15":"shipping-taxable","16":"purchasable","17":"product-type-simple"},"_links":{"self":[{"href":"https:\/\/roveyayinevi.com.tr\/index.php\/wp-json\/wp\/v2\/product\/743466","targetHints":{"allow":["GET"]}}],"collection":[{"href":"https:\/\/roveyayinevi.com.tr\/index.php\/wp-json\/wp\/v2\/product"}],"about":[{"href":"https:\/\/roveyayinevi.com.tr\/index.php\/wp-json\/wp\/v2\/types\/product"}],"wp:attachment":[{"href":"https:\/\/roveyayinevi.com.tr\/index.php\/wp-json\/wp\/v2\/media?parent=743466"}],"wp:term":[{"taxonomy":"product_brand","embeddable":true,"href":"https:\/\/roveyayinevi.com.tr\/index.php\/wp-json\/wp\/v2\/product_brand?post=743466"},{"taxonomy":"product_cat","embeddable":true,"href":"https:\/\/roveyayinevi.com.tr\/index.php\/wp-json\/wp\/v2\/product_cat?post=743466"},{"taxonomy":"product_tag","embeddable":true,"href":"https:\/\/roveyayinevi.com.tr\/index.php\/wp-json\/wp\/v2\/product_tag?post=743466"}],"curies":[{"name":"wp","href":"https:\/\/api.w.org\/{rel}","templated":true}]}}