{"id":743465,"date":"2025-08-28T01:35:25","date_gmt":"2025-08-27T22:35:25","guid":{"rendered":"https:\/\/roveyayinevi.com.tr\/index.php\/urun\/aptinin-zor-odevi\/"},"modified":"2026-04-16T02:54:46","modified_gmt":"2026-04-15T23:54:46","slug":"aptinin-zor-odevi","status":"publish","type":"product","link":"https:\/\/roveyayinevi.com.tr\/index.php\/urun\/aptinin-zor-odevi\/","title":{"rendered":"Apti&#8217;nin Zor \u00d6devi"},"content":{"rendered":"<p>&#8220;D\u00f6nem \u00f6devlerinin teslim tarihi yakla\u015fm\u0131\u015ft\u0131. Burak \u00e7ocukken sal\u0131ncaktan d\u00fc\u015fenleri ara\u015ft\u0131racakt\u0131. Kimlerin kepekli kimlerin kepeksiz ekmek yedi\u011fi Nalan\u2019\u0131n \u00f6deviydi. Berrin\u2019in \u00f6deviyse kimlerin annesi babas\u0131n\u0131n yat\u0131l\u0131 okulda okumu\u015f oldu\u011fuydu. Seyfettin kimin evinde davul f\u0131r\u0131n var, onu ara\u015ft\u0131racakt\u0131. \u00d6devler t\u00fcrl\u00fc \u00e7e\u015fitliydi? Kimin babas\u0131 sigara i\u00e7iyor? Kimin ailesi k\u00f6yden g\u00f6\u00e7 etmi\u015f? Kim elmay\u0131 soyarak yiyor? Kimin annesi ci\u011fer seviyor, ve daha bir\u00e7ok konu&#8230; Ancak \u00f6\u011fretmeni Apti\u2019ye verecek bunca \u00e7e\u015fitli \u00f6dev konusu varken bula bula\u2026 Neyse\u2026 Apti bundan s\u00f6z etmek bile istemiyor.&#8221;<\/p>\n","protected":false},"excerpt":{"rendered":"<p>&#8220;D\u00f6nem \u00f6devlerinin teslim tarihi yakla\u015fm\u0131\u015ft\u0131. Burak \u00e7ocukken sal\u0131ncaktan d\u00fc\u015fenleri ara\u015ft\u0131racakt\u0131. Kimlerin kepekli kimlerin kepeksiz ekmek yedi\u011fi Nalan\u2019\u0131n \u00f6deviydi. Berrin\u2019in \u00f6deviyse kimlerin annesi babas\u0131n\u0131n yat\u0131l\u0131 okulda okumu\u015f<span class=\"excerpt-hellip\"> [\u2026]<\/span><\/p>\n","protected":false},"featured_media":0,"template":"","meta":{"_monsterinsights_skip_tracking":false,"_monsterinsights_sitenote_active":false,"_monsterinsights_sitenote_note":"","_monsterinsights_sitenote_category":0},"product_brand":[],"product_cat":[12689,12274],"product_tag":[],"class_list":{"0":"post-743465","1":"product","2":"type-product","3":"status-publish","5":"product_cat-cizgi-roman-cocuk-ve-genclik-kitaplari","6":"product_cat-cocuk-ve-genclik-kitaplari","7":"pa_cilt-ciltsiz","8":"pa_tur-kitap","9":"pa_yayinevi-mavi-bulut-yayinlari","10":"pa_yazar-fatih-erdogan","12":"first","13":"instock","14":"sale","15":"shipping-taxable","16":"purchasable","17":"product-type-simple"},"_links":{"self":[{"href":"https:\/\/roveyayinevi.com.tr\/index.php\/wp-json\/wp\/v2\/product\/743465","targetHints":{"allow":["GET"]}}],"collection":[{"href":"https:\/\/roveyayinevi.com.tr\/index.php\/wp-json\/wp\/v2\/product"}],"about":[{"href":"https:\/\/roveyayinevi.com.tr\/index.php\/wp-json\/wp\/v2\/types\/product"}],"wp:attachment":[{"href":"https:\/\/roveyayinevi.com.tr\/index.php\/wp-json\/wp\/v2\/media?parent=743465"}],"wp:term":[{"taxonomy":"product_brand","embeddable":true,"href":"https:\/\/roveyayinevi.com.tr\/index.php\/wp-json\/wp\/v2\/product_brand?post=743465"},{"taxonomy":"product_cat","embeddable":true,"href":"https:\/\/roveyayinevi.com.tr\/index.php\/wp-json\/wp\/v2\/product_cat?post=743465"},{"taxonomy":"product_tag","embeddable":true,"href":"https:\/\/roveyayinevi.com.tr\/index.php\/wp-json\/wp\/v2\/product_tag?post=743465"}],"curies":[{"name":"wp","href":"https:\/\/api.w.org\/{rel}","templated":true}]}}