{"id":743462,"date":"2025-08-28T01:35:22","date_gmt":"2025-08-27T22:35:22","guid":{"rendered":"https:\/\/roveyayinevi.com.tr\/index.php\/urun\/naikan\/"},"modified":"2026-04-13T03:01:37","modified_gmt":"2026-04-13T00:01:37","slug":"naikan","status":"publish","type":"product","link":"https:\/\/roveyayinevi.com.tr\/index.php\/urun\/naikan\/","title":{"rendered":"Naikan"},"content":{"rendered":"<p>Ege\u2019nin k\u00fc\u00e7\u00fck bir kasabas\u0131nda ikindi \u00fczeri bir delikanl\u0131 denize bakan derin falezlerin ba\u015f\u0131na ge\u00e7er, kendisini a\u015fa\u011f\u0131ya atmaya niyetlidir. Etraftakiler vazge\u00e7irmek i\u00e7in dil d\u00f6ker, tan\u0131d\u0131klar\u0131 yalvar\u0131r ama nafile. \u201cHayat\u0131n hi\u00e7bir anlam\u0131 yok, kendimi a\u015fa\u011f\u0131 at\u0131p son verece\u011fim bu sa\u00e7mal\u0131\u011fa\u201d der. Sonunda kasabadan delikanl\u0131n\u0131n hat\u0131r\u0131n\u0131 sayaca\u011f\u0131n\u0131 d\u00fc\u015f\u00fcnd\u00fckleri Osman Dedeyi \u00e7a\u011f\u0131r\u0131rlar. \u00dcmmidir Osman Dede; tek bildi\u011fi \u00e7ift\u00e7iliktir; \u00f6zel bir e\u011fitimi yoktur.   Gelir gelmez, \u201c\u0130stersen hemen atla!\u201d der delikanl\u0131ya. \u201cAma \u00f6nce sende hakk\u0131 olanlar\u0131n hakk\u0131n\u0131 ver!\u201d \u015ea\u015fk\u0131nca bakan delikanl\u0131dan ayakkab\u0131lar\u0131ndan birini ister. \u201cHat\u0131rla bakal\u0131m, buraya kadar y\u00fcr\u00fcd\u00fc\u011f\u00fcn ayakkab\u0131da kimlerin eme\u011fi var? Y\u00fcr\u00fcd\u00fc\u011f\u00fcn yolu kimler senden \u00f6nce senin i\u00e7in kazd\u0131? Ayaklar\u0131n\u0131n alt\u0131nda eskitti\u011fin hangi canl\u0131n\u0131n derisi? Bug\u00fcne kadar ya\u015farken ka\u00e7 cana mal oldu\u011funu hesaplayabilir misin?\u201d Bir ara delikanl\u0131n\u0131n \u00fczerindeki ti\u015f\u00f6rt\u00fc \u00e7eki\u015ftirir. \u201cBu ti\u015f\u00f6rt\u00fcn pamuklar\u0131n\u0131 toplayanlara, pamuklar\u0131 e\u011firip sana ti\u015f\u00f6rt olsun diye dokuyanlara atlamadan \u00f6nce s\u00f6yleyece\u011fin bir \u015fey yok mu?\u201d \u201cBug\u00fcne kadar yedi\u011fin ekmeklerin bu\u011fday\u0131n\u0131 s\u0131ca\u011f\u0131n aln\u0131nda ekip bi\u00e7enlere ve \u00f6zenle pi\u015firenlere gitmeden \u00f6nce te\u015fekk\u00fcr etmeyi d\u00fc\u015f\u00fcnmez misin?\u201d   Delikanl\u0131y\u0131 Osman Dedenin g\u00f6sterdi\u011fi \u015feffaf ba\u011flar \u00f6ylesine sar\u0131p tutar ki kendi iste\u011fiyle u\u00e7urumdan hayata d\u00f6ner.   Ben de derim ki, u\u00e7urumun ba\u015f\u0131nda de\u011filsin ama hayat\u0131 konforun y\u00fcksek tepelerinde ka\u00e7\u0131r\u0131yorsun. Ya\u015fam\u0131 ya\u015fayarak \u00f6ld\u00fcr\u00fcyorsun. \u201cBen bana yeterim!\u201d derken, seni kucaklayan s\u0131cac\u0131k ba\u011flar\u0131 hoyrat\u00e7a s\u00f6k\u00fcp u\u00e7uruma savuruyorsun.   Olur da bu ak\u015fam Osman Dede sana u\u011frarsa, yorma onu, elindeki Naikan\u2019\u0131 g\u00f6ster. <\/p>\n","protected":false},"excerpt":{"rendered":"<p>Ege\u2019nin k\u00fc\u00e7\u00fck bir kasabas\u0131nda ikindi \u00fczeri bir delikanl\u0131 denize bakan derin falezlerin ba\u015f\u0131na ge\u00e7er, kendisini a\u015fa\u011f\u0131ya atmaya niyetlidir. Etraftakiler vazge\u00e7irmek i\u00e7in dil d\u00f6ker, tan\u0131d\u0131klar\u0131 yalvar\u0131r ama<span class=\"excerpt-hellip\"> [\u2026]<\/span><\/p>\n","protected":false},"featured_media":0,"template":"","meta":{"_monsterinsights_skip_tracking":false,"_monsterinsights_sitenote_active":false,"_monsterinsights_sitenote_note":"","_monsterinsights_sitenote_category":0},"product_brand":[],"product_cat":[12364,12376],"product_tag":[],"class_list":{"0":"post-743462","1":"product","2":"type-product","3":"status-publish","5":"product_cat-genel-konular","6":"product_cat-kisisel-gelisim","7":"pa_cilt-ciltsiz","8":"pa_tur-kitap","9":"pa_yayinevi-hayykitap","10":"pa_yazar-senai-demirci","12":"first","13":"instock","14":"sale","15":"shipping-taxable","16":"purchasable","17":"product-type-simple"},"_links":{"self":[{"href":"https:\/\/roveyayinevi.com.tr\/index.php\/wp-json\/wp\/v2\/product\/743462","targetHints":{"allow":["GET"]}}],"collection":[{"href":"https:\/\/roveyayinevi.com.tr\/index.php\/wp-json\/wp\/v2\/product"}],"about":[{"href":"https:\/\/roveyayinevi.com.tr\/index.php\/wp-json\/wp\/v2\/types\/product"}],"wp:attachment":[{"href":"https:\/\/roveyayinevi.com.tr\/index.php\/wp-json\/wp\/v2\/media?parent=743462"}],"wp:term":[{"taxonomy":"product_brand","embeddable":true,"href":"https:\/\/roveyayinevi.com.tr\/index.php\/wp-json\/wp\/v2\/product_brand?post=743462"},{"taxonomy":"product_cat","embeddable":true,"href":"https:\/\/roveyayinevi.com.tr\/index.php\/wp-json\/wp\/v2\/product_cat?post=743462"},{"taxonomy":"product_tag","embeddable":true,"href":"https:\/\/roveyayinevi.com.tr\/index.php\/wp-json\/wp\/v2\/product_tag?post=743462"}],"curies":[{"name":"wp","href":"https:\/\/api.w.org\/{rel}","templated":true}]}}