{"id":743459,"date":"2025-08-28T01:35:18","date_gmt":"2025-08-27T22:35:18","guid":{"rendered":"https:\/\/roveyayinevi.com.tr\/index.php\/urun\/turkcenin-mantigi\/"},"modified":"2026-04-16T02:54:46","modified_gmt":"2026-04-15T23:54:46","slug":"turkcenin-mantigi","status":"publish","type":"product","link":"https:\/\/roveyayinevi.com.tr\/index.php\/urun\/turkcenin-mantigi\/","title":{"rendered":"T\u00fcrk\u00e7enin Mant\u0131\u011f\u0131"},"content":{"rendered":"<p>Dil mant\u0131\u011f\u0131 kelimeleri veya kavramlar\u0131 kategorilere ay\u0131rmaz ve hi\u00e7birini bir di\u011feriyle ayn\u0131 k\u00fcmede bulundurmaz ve k\u00fcme olu\u015fumuna da izin vermez. Fakat seviyeleri ve s\u0131ralamalar\u0131 vard\u0131r, aidiyet ve ailiyet i\u00e7ermez. Her kelime, kelimeler y\u0131\u011f\u0131n\u0131ndan \u00f6lerek ar\u0131nm\u0131\u015f ve 1\u2019e e\u015fit de\u011fer olmu\u015ftur. Kelimeler birbirlerine y\u00fcklenmez, toplan\u0131r. Burada toplama dedi\u011fim i\u015flemlerin tamam\u0131 asl\u0131nda bir b\u00fct\u00fcnlenme, birle\u015fmedir. Toplama her ne kadar bir artmayla ilerlese de sonu\u00e7 olarak toplam yine 1\u2019e e\u015fit olacakt\u0131r. Bu i\u015flemle anlam artmam\u0131\u015f veya eksilmemi\u015ftir. \u00c7\u00fcnk\u00fc dil mant\u0131\u011f\u0131 kelimelerin anlam\u0131yla ilgilenmez. Daha do\u011frusu kelimelerin anlamlar\u0131 yok olduktan sonra onlar\u0131n \u00f6l\u00fc de\u011ferleriyle ilgilenir. Bu i\u00e7eriden toplama i\u015flemi veya bir toplam olu\u015fturma durumu sadece dile \u00f6zg\u00fcd\u00fcr. Dolay\u0131s\u0131yla d\u00fc\u015f\u00fcncenin de en temel i\u015flemini, yani mant\u0131\u011f\u0131n\u0131 olu\u015fturur. <\/p>\n","protected":false},"excerpt":{"rendered":"<p>Dil mant\u0131\u011f\u0131 kelimeleri veya kavramlar\u0131 kategorilere ay\u0131rmaz ve hi\u00e7birini bir di\u011feriyle ayn\u0131 k\u00fcmede bulundurmaz ve k\u00fcme olu\u015fumuna da izin vermez. Fakat seviyeleri ve s\u0131ralamalar\u0131 vard\u0131r, aidiyet<span class=\"excerpt-hellip\"> [\u2026]<\/span><\/p>\n","protected":false},"featured_media":0,"template":"","meta":{"_monsterinsights_skip_tracking":false,"_monsterinsights_sitenote_active":false,"_monsterinsights_sitenote_note":"","_monsterinsights_sitenote_category":0},"product_brand":[],"product_cat":[16038,12388],"product_tag":[],"class_list":{"0":"post-743459","1":"product","2":"type-product","3":"status-publish","5":"product_cat-arastirma-inceleme-referans-felsefe","6":"product_cat-felsefe","7":"pa_cilt-ciltsiz","8":"pa_tur-kitap","9":"pa_yayinevi-ketebe-yayinlari","10":"pa_yazar-huseyin-rahmi-goktas","12":"first","13":"instock","14":"sale","15":"shipping-taxable","16":"purchasable","17":"product-type-simple"},"_links":{"self":[{"href":"https:\/\/roveyayinevi.com.tr\/index.php\/wp-json\/wp\/v2\/product\/743459","targetHints":{"allow":["GET"]}}],"collection":[{"href":"https:\/\/roveyayinevi.com.tr\/index.php\/wp-json\/wp\/v2\/product"}],"about":[{"href":"https:\/\/roveyayinevi.com.tr\/index.php\/wp-json\/wp\/v2\/types\/product"}],"wp:attachment":[{"href":"https:\/\/roveyayinevi.com.tr\/index.php\/wp-json\/wp\/v2\/media?parent=743459"}],"wp:term":[{"taxonomy":"product_brand","embeddable":true,"href":"https:\/\/roveyayinevi.com.tr\/index.php\/wp-json\/wp\/v2\/product_brand?post=743459"},{"taxonomy":"product_cat","embeddable":true,"href":"https:\/\/roveyayinevi.com.tr\/index.php\/wp-json\/wp\/v2\/product_cat?post=743459"},{"taxonomy":"product_tag","embeddable":true,"href":"https:\/\/roveyayinevi.com.tr\/index.php\/wp-json\/wp\/v2\/product_tag?post=743459"}],"curies":[{"name":"wp","href":"https:\/\/api.w.org\/{rel}","templated":true}]}}